{"id":1042,"date":"2023-09-28T20:51:11","date_gmt":"2023-09-28T18:51:11","guid":{"rendered":"https:\/\/geopark.egpromotion.com\/?page_id=1042"},"modified":"2023-10-10T21:42:10","modified_gmt":"2023-10-10T19:42:10","slug":"lage","status":"publish","type":"page","link":"https:\/\/geopark.egpromotion.com\/en\/lage","title":{"rendered":"Lage &#038; Erreichbarkeit"},"content":{"rendered":"<p><br><br><\/p>\n\n\n\n<div class=\"wp-block-columns is-layout-flex wp-container-core-columns-is-layout-9d6595d7 wp-block-columns-is-layout-flex\">\n<div class=\"wp-block-column is-layout-flow wp-block-column-is-layout-flow\" style=\"flex-basis:50%\">\n<div id=\"section-g34c842\" class=\"wp-block-gutentor-e6 section-g34c842 gutentor-element gutentor-element-image\"><div class=\"gutentor-element-image-box\"><div class=\"gutentor-image-thumb\"><img decoding=\"async\" class=\"normal-image\" src=\"https:\/\/geopark.egpromotion.com\/wp-content\/uploads\/2023\/10\/Anreise.jpg\"\/><\/div><\/div><\/div>\n<\/div>\n\n\n\n<div class=\"wp-block-column is-layout-flow wp-block-column-is-layout-flow\" style=\"flex-basis:50%\">\n<p>Der Erz der Alpen UNESCO Global Geopark befindet sich ca. 50 km s\u00fcdlich von der Stadt Salzburg im Pongau im Salzburgerland in \u00d6sterreich. Die Gemeinden H\u00fcttau, Bischofshofen, M\u00fchlbach am Hochk\u00f6nig und St. Veit im Pongau bilden das Gebiet des Geoparks.\u00a0\u00a0Alle Geoparkgemeinden sind mit dem Auto und auch mit den \u00f6ffentlichen Verkehrsmitteln erreichbar. <\/p>\n<\/div>\n<\/div>\n\n\n\n<p><\/p>\n\n\n\n<p style=\"font-size:25px\"><strong>Erreichbarkeit mit \u00f6ffentlichen Verkehrsmitteln<\/strong><\/p>\n\n\n\n<p>Im Sinne der Nachhaltigkeit empfehlen wir Ihnen die Anreise in den Erz der Alpen UNESCO Global Geopark mit \u00f6ffentlichen Verkehrsmitteln.  <\/p>\n\n\n\n<p><strong>H\u00fcttau: <\/strong>Von der Stadt Salzburg ist H\u00fcttau mit der Bahn und dem Bus erreichbar. Dabei muss der Zug von Salzburg Hauptbahnhof nach Bischofshofen genommen werden. Auf dieser Strecke fahren mehrmals st\u00fcndlich Z\u00fcge. In Bischofshofen steigen Sie um in den Bus der Linie 510. Die Ausstiegshaltestelle hei\u00dft \u201eH\u00fcttau Ortsmitte\u201c.&nbsp;&nbsp;<\/p>\n\n\n\n<p><strong>Bischofshofen: <\/strong>Nach Bischofshofen fahren st\u00fcndlich Z\u00fcge vom Salzburger Hauptbahnhof. Beispielsweise mit der S-Bahn S3 Richtung Schwarzach-St. Veit oder auch der Regionalexpress REX3 nach W\u00f6rgl Hbf kann der Bahnhof Bischofshofen erreicht werden.&nbsp;&nbsp;<\/p>\n\n\n\n<p><strong>M\u00fchlbach am Hochk\u00f6nig: <\/strong>M\u00fchlbach ist sehr gut erreichbar von Bischofshofen aus. Nach M\u00fchlbach am Hochk\u00f6nig f\u00e4hrt der Bus der Linie 590 von der Haltestelle Bischofshofen Bahnhof (gegen\u00fcber des Bahnhofs) mehrmals t\u00e4glich. Die Ausstiegshaltestelle hei\u00dft \u201eM\u00fchlbach am Hochk\u00f6nig Ortsmitte\u201c.&nbsp;&nbsp;<\/p>\n\n\n\n<p><strong>St. Veit im Pongau:<\/strong> Um St. Veit zu erreichen, fahren Sie zum \u201eBahnhof Schwarzach \u2013 St. Veit\u201c. Es gibt st\u00fcndliche Verbindungen von der Stadt Salzburg. Vom Bahnhof Schwarzach \u2013 St. Veit steigen Sie in den st\u00fcndlich fahrenden Bus der Linie 581 um, bis zur Ausstiegsstelle \u201eSt. Veit im Pongau Marktplatz\u201c.&nbsp;&nbsp;<\/p>\n\n\n\n<p><br><br><br><\/p>\n\n\n\n<p style=\"font-size:25px\"><strong>Erreichbarkeit mit dem Auto<\/strong><\/p>\n\n\n\n<p><strong>H\u00fcttau:<\/strong> Die Gemeinde H\u00fcttau erreicht man \u00fcber die A10, \u201eAusfahrt H\u00fcttau\u201c.&nbsp;&nbsp;<\/p>\n\n\n\n<p><strong>Bischofshofen:<\/strong> Sie erreichen Bischofshofen \u00fcber die A10. Nehmen Sie die Ausfahrt \u201eKnoten Pongau\u201c und danach die Ausfahrt \u201ePongau\/Bischofshofen\u201c.&nbsp;&nbsp;<\/p>\n\n\n\n<p><strong>M\u00fchlbach am Hochk\u00f6nig: <\/strong>M\u00fchlbach am Hochk\u00f6nig ist erreichbar \u00fcber die A10, Ausfahrt \u201eKnoten Pongau\u201c und \u201eAusfahrt Pongau\/Bischofshofen\u201c. Beim Kreisverkehr biegen Sie auf die Hochk\u00f6nigstra\u00dfe (B164) ab und fahren nach M\u00fchlbach.&nbsp;&nbsp;<\/p>\n\n\n\n<p><strong>St. Veit im Pongau:<\/strong> St. Veit im Pongau erreichen Sie \u00fcber die A10, Ausfahrt \u201eKnoten Pongau\u201c, fahren Sie auf der Pinzgauer Stra\u00dfe B311 weiter in Richtung Schwarzach &#8211; St. Veit. Nutzen Sie den rechten Fahrstreifen bei der Auffahrt Richtung St. Veit. Im Kreisverkehr die erste Ausfahrt nehmen und folgen Sie dem Trassenverlauf (St. Veiter Landesstra\u00dfe), bis Sie St.Veit im Pongau erreichen.&nbsp;&nbsp;<\/p>","protected":false},"excerpt":{"rendered":"<p>Der Erz der Alpen UNESCO Global Geopark befindet sich ca. 50 km s\u00fcdlich von der Stadt Salzburg im Pongau im Salzburgerland in \u00d6sterreich. Die Gemeinden H\u00fcttau, Bischofshofen, M\u00fchlbach am Hochk\u00f6nig und St. Veit im Pongau bilden das Gebiet des Geoparks.\u00a0\u00a0Alle Geoparkgemeinden sind mit dem Auto und auch mit den \u00f6ffentlichen Verkehrsmitteln erreichbar. Erreichbarkeit mit \u00f6ffentlichen Verkehrsmitteln Im Sinne der Nachhaltigkeit [&hellip;]<\/p>","protected":false},"author":4,"featured_media":0,"parent":0,"menu_order":0,"comment_status":"closed","ping_status":"closed","template":"","meta":{"inline_featured_image":false,"_uag_custom_page_level_css":"","footnotes":""},"class_list":["post-1042","page","type-page","status-publish","hentry"],"acf":[],"uagb_featured_image_src":{"full":false,"thumbnail":false,"medium":false,"medium_large":false,"large":false,"1536x1536":false,"2048x2048":false,"trp-custom-language-flag":false,"gutener-1920-550":false,"gutener-1370-550":false,"gutener-590-310":false,"gutener-420-380":false,"gutener-420-300":false,"gutener-420-200":false,"gutener-290-150":false,"gutener-80-60":false},"uagb_author_info":{"display_name":"hoermann@geopark-erzderalpen.at","author_link":"https:\/\/geopark.egpromotion.com\/en\/author\/hoermanngeopark-erzderalpen-at"},"uagb_comment_info":0,"uagb_excerpt":"Der Erz der Alpen UNESCO Global Geopark befindet sich ca. 50 km s\u00fcdlich von der Stadt Salzburg im Pongau im Salzburgerland in \u00d6sterreich. Die Gemeinden H\u00fcttau, Bischofshofen, M\u00fchlbach am Hochk\u00f6nig und St. Veit im Pongau bilden das Gebiet des Geoparks.\u00a0\u00a0Alle Geoparkgemeinden sind mit dem Auto und auch mit den \u00f6ffentlichen Verkehrsmitteln erreichbar. Erreichbarkeit mit \u00f6ffentlichen&hellip;","mfb_rest_fields":["uagb_featured_image_src","uagb_author_info","uagb_comment_info","uagb_excerpt"],"_links":{"self":[{"href":"https:\/\/geopark.egpromotion.com\/en\/wp-json\/wp\/v2\/pages\/1042","targetHints":{"allow":["GET"]}}],"collection":[{"href":"https:\/\/geopark.egpromotion.com\/en\/wp-json\/wp\/v2\/pages"}],"about":[{"href":"https:\/\/geopark.egpromotion.com\/en\/wp-json\/wp\/v2\/types\/page"}],"author":[{"embeddable":true,"href":"https:\/\/geopark.egpromotion.com\/en\/wp-json\/wp\/v2\/users\/4"}],"replies":[{"embeddable":true,"href":"https:\/\/geopark.egpromotion.com\/en\/wp-json\/wp\/v2\/comments?post=1042"}],"version-history":[{"count":7,"href":"https:\/\/geopark.egpromotion.com\/en\/wp-json\/wp\/v2\/pages\/1042\/revisions"}],"predecessor-version":[{"id":1456,"href":"https:\/\/geopark.egpromotion.com\/en\/wp-json\/wp\/v2\/pages\/1042\/revisions\/1456"}],"wp:attachment":[{"href":"https:\/\/geopark.egpromotion.com\/en\/wp-json\/wp\/v2\/media?parent=1042"}],"curies":[{"name":"wp","href":"https:\/\/api.w.org\/{rel}","templated":true}]}}