{"id":106,"date":"2021-10-20T15:00:01","date_gmt":"2021-10-20T13:00:01","guid":{"rendered":"https:\/\/geopark.egpromotion.com\/?page_id=106"},"modified":"2023-10-03T13:59:28","modified_gmt":"2023-10-03T11:59:28","slug":"news","status":"publish","type":"page","link":"https:\/\/geopark.egpromotion.com\/en\/news","title":{"rendered":"Wissen"},"content":{"rendered":"<div class=\"wp-block-columns is-layout-flex wp-container-core-columns-is-layout-9d6595d7 wp-block-columns-is-layout-flex\">\n<div class=\"wp-block-column is-layout-flow wp-block-column-is-layout-flow\">\n<p><br><br><\/p>\n<\/div>\n<\/div>\n\n\n\n<div class=\"wp-block-columns is-layout-flex wp-container-core-columns-is-layout-9d6595d7 wp-block-columns-is-layout-flex\">\n<div class=\"wp-block-column is-layout-flow wp-block-column-is-layout-flow\" style=\"flex-basis:50%\">\n<div id=\"section-gc45d42\" class=\"wp-block-gutentor-e6 section-gc45d42 gutentor-element gutentor-element-image\"><div class=\"gutentor-element-image-box\"><div class=\"gutentor-image-thumb\"><img decoding=\"async\" class=\"normal-image\" src=\"https:\/\/geopark.egpromotion.com\/wp-content\/uploads\/2023\/10\/IMG_3173-scaled.jpeg\"\/><\/div><\/div><\/div>\n<\/div>\n\n\n\n<div class=\"wp-block-column is-layout-flow wp-block-column-is-layout-flow\" style=\"flex-basis:50%\">\n<p>Ein Geopark ist ein Ort der Wissensvermittlung. Nicht nur in Bergbaumuseen, Schaustollen oder dem Besucherzentrum, sondern auch auf Wanderwegen mit Schautafeln und Geosites wird das Wissen \u00fcber den Bergbau, die Erdgeschichte und die reiche Geschichte der Region vermittelt. Die Wissensvermittlung ist niederschwellig und f\u00fcr alle Interessierten zug\u00e4nglich. So ist das Besucherzentrum bei freiem Eintritt zu besuchen und die Webseite jederzeit abrufbar. Auch die Geosites im Gel\u00e4nde sind mit umfassenden Informationen und zus\u00e4tzlichen Bildern immer zug\u00e4nglich. Auf diese Art und Weise sollen m\u00f6glichst viele Personen angesprochen werden und das Interesse zu Themen der Geologie, Bergbau, Nachhaltigkeit und dem Geotourismus etc. geweckt werden.<\/p>\n\n\n\n<p>Auch Schulen bietet der Erz der Alpen UNESCO Global Geopark viele M\u00f6glichkeiten sich mit geologischen Themen auseinanderzusetzen. Der Geopark beteiligt sich beispielsweise am MINT-Sommerprogramm und bietet interessierten Schulen spannende F\u00fchrungen.  <\/p>\n<\/div>\n<\/div>\n\n\n\n<p>Mit Vortr\u00e4gen und (Fach-)F\u00fchrungen und gef\u00fchrten Wanderungen soll auch das Fachpublikum angesprochen werden. Der Geopark bietet dar\u00fcber hinaus Universit\u00e4ten ein Freiluftlabor mit einem hohen Potenzial f\u00fcr Forschung und Lehre in den F\u00e4chern Geologie und Geografie und \u00e4hnlichen Disziplinen. Facheinschl\u00e4gige Literatur und Brosch\u00fcren werden regelm\u00e4\u00dfig im Geopark erstellt und herausgegeben und auch Forschungst\u00e4tigkeiten f\u00fcr Abschlussarbeiten an Hochschulen werden unterst\u00fctzt. <\/p>\n\n\n\n<p>\u00dcber die Angebote zu F\u00fchrungen k\u00f6nnen Sie Sich hier erkundigen. <\/p>\n\n\n\n<p>Die n\u00e4chsten Termine f\u00fcr Vortr\u00e4ge finden Sie hier. <\/p>\n\n\n\n<p> <\/p>","protected":false},"excerpt":{"rendered":"<p>Ein Geopark ist ein Ort der Wissensvermittlung. Nicht nur in Bergbaumuseen, Schaustollen oder dem Besucherzentrum, sondern auch auf Wanderwegen mit Schautafeln und Geosites wird das Wissen \u00fcber den Bergbau, die Erdgeschichte und die reiche Geschichte der Region vermittelt. Die Wissensvermittlung ist niederschwellig und f\u00fcr alle Interessierten zug\u00e4nglich. So ist das Besucherzentrum bei freiem Eintritt zu besuchen und die Webseite jederzeit [&hellip;]<\/p>","protected":false},"author":1,"featured_media":0,"parent":0,"menu_order":0,"comment_status":"closed","ping_status":"closed","template":"","meta":{"inline_featured_image":false,"_uag_custom_page_level_css":"","footnotes":""},"class_list":["post-106","page","type-page","status-publish","hentry"],"acf":[],"uagb_featured_image_src":{"full":false,"thumbnail":false,"medium":false,"medium_large":false,"large":false,"1536x1536":false,"2048x2048":false,"trp-custom-language-flag":false,"gutener-1920-550":false,"gutener-1370-550":false,"gutener-590-310":false,"gutener-420-380":false,"gutener-420-300":false,"gutener-420-200":false,"gutener-290-150":false,"gutener-80-60":false},"uagb_author_info":{"display_name":"j.pattermann@egpromotion.com","author_link":"https:\/\/geopark.egpromotion.com\/en\/author\/j-pattermann-egpromotion-com"},"uagb_comment_info":0,"uagb_excerpt":"Ein Geopark ist ein Ort der Wissensvermittlung. Nicht nur in Bergbaumuseen, Schaustollen oder dem Besucherzentrum, sondern auch auf Wanderwegen mit Schautafeln und Geosites wird das Wissen \u00fcber den Bergbau, die Erdgeschichte und die reiche Geschichte der Region vermittelt. Die Wissensvermittlung ist niederschwellig und f\u00fcr alle Interessierten zug\u00e4nglich. So ist das Besucherzentrum bei freiem Eintritt zu&hellip;","mfb_rest_fields":["uagb_featured_image_src","uagb_author_info","uagb_comment_info","uagb_excerpt"],"_links":{"self":[{"href":"https:\/\/geopark.egpromotion.com\/en\/wp-json\/wp\/v2\/pages\/106","targetHints":{"allow":["GET"]}}],"collection":[{"href":"https:\/\/geopark.egpromotion.com\/en\/wp-json\/wp\/v2\/pages"}],"about":[{"href":"https:\/\/geopark.egpromotion.com\/en\/wp-json\/wp\/v2\/types\/page"}],"author":[{"embeddable":true,"href":"https:\/\/geopark.egpromotion.com\/en\/wp-json\/wp\/v2\/users\/1"}],"replies":[{"embeddable":true,"href":"https:\/\/geopark.egpromotion.com\/en\/wp-json\/wp\/v2\/comments?post=106"}],"version-history":[{"count":24,"href":"https:\/\/geopark.egpromotion.com\/en\/wp-json\/wp\/v2\/pages\/106\/revisions"}],"predecessor-version":[{"id":1185,"href":"https:\/\/geopark.egpromotion.com\/en\/wp-json\/wp\/v2\/pages\/106\/revisions\/1185"}],"wp:attachment":[{"href":"https:\/\/geopark.egpromotion.com\/en\/wp-json\/wp\/v2\/media?parent=106"}],"curies":[{"name":"wp","href":"https:\/\/api.w.org\/{rel}","templated":true}]}}