{"id":1189,"date":"2023-10-03T14:08:48","date_gmt":"2023-10-03T12:08:48","guid":{"rendered":"https:\/\/geopark.egpromotion.com\/?page_id=1189"},"modified":"2023-11-02T11:20:38","modified_gmt":"2023-11-02T10:20:38","slug":"einrichtungen","status":"publish","type":"page","link":"https:\/\/geopark.egpromotion.com\/en\/einrichtungen","title":{"rendered":"Historische Schautafeln"},"content":{"rendered":"<p><br><br><br><\/p>\n\n\n\n<div class=\"wp-block-columns is-layout-flex wp-container-core-columns-is-layout-9d6595d7 wp-block-columns-is-layout-flex\">\n<div class=\"wp-block-column is-layout-flow wp-block-column-is-layout-flow\" style=\"flex-basis:50%\">\n<p>Die folgenden Schautafeln sind Einrichtungen im Erz der Alpen UNESCO Global Geopark. Diese sind in den Geopark-Gemeinden zu finden und informieren leicht verst\u00e4ndlich \u00fcber die Erdgeschichte, den Bergbau und die Geschichte der Region mit vielen spannenden Sagen und Erz\u00e4hlungen. <\/p>\n\n\n\n<p><br><\/p>\n\n\n\n<p><strong><a href=\"https:\/\/geopark.egpromotion.com\/wp-content\/uploads\/2023\/10\/01cUeberblick-Larzenbach.pdf\"><mark style=\"background-color:rgba(0, 0, 0, 0)\" class=\"has-inline-color has-black-color\">Erzweg Kupfer \u00dcbersichtskarte <\/mark><\/a><\/strong><\/p>\n<\/div>\n\n\n\n<div class=\"wp-block-column is-layout-flow wp-block-column-is-layout-flow\" style=\"flex-basis:50%\">\n<div id=\"section-gd664b1\" class=\"wp-block-gutentor-e6 section-gd664b1 gutentor-element gutentor-element-image\"><div class=\"gutentor-element-image-box\"><div class=\"gutentor-image-thumb\"><img decoding=\"async\" class=\"normal-image\" src=\"https:\/\/geopark.egpromotion.com\/wp-content\/uploads\/2023\/10\/Bildschirmfoto-2023-10-15-um-19.10.15.png\"\/><\/div><\/div><\/div>\n<\/div>\n<\/div>\n\n\n\n<p><br><br><br><\/p>\n\n\n\n<p style=\"font-size:28px\"><strong>H\u00fcttau <\/strong><\/p>\n\n\n\n<div class=\"wp-block-columns is-layout-flex wp-container-core-columns-is-layout-9d6595d7 wp-block-columns-is-layout-flex\">\n<div class=\"wp-block-column is-layout-flow wp-block-column-is-layout-flow\" style=\"flex-basis:50%\">\n<div class=\"wp-block-group\"><div class=\"wp-block-group__inner-container is-layout-constrained wp-block-group-is-layout-constrained\">\n<p><a href=\"https:\/\/geopark.egpromotion.com\/wp-content\/uploads\/2023\/10\/01bSage-Wehe-Zehe.pdf\"><mark style=\"background-color:rgba(0, 0, 0, 0)\" class=\"has-inline-color has-black-color\"><strong>Sage &#8220;Die Wehe Zehe&#8221; <\/strong><\/mark><\/a><\/p>\n\n\n\n<p><a href=\"https:\/\/geopark.egpromotion.com\/wp-content\/uploads\/2023\/10\/01aErzltafel-Gewaeltigung-Larzenbach.pdf\"><mark style=\"background-color:rgba(0, 0, 0, 0)\" class=\"has-inline-color has-black-color\"><strong>Gew\u00e4ltigung Bergbau Larzenbach <\/strong><\/mark><\/a><\/p>\n\n\n\n<p><a href=\"https:\/\/geopark.egpromotion.com\/wp-content\/uploads\/2023\/10\/02Pocherhaus-am-Larzenbach.pdf\"><mark style=\"background-color:rgba(0, 0, 0, 0)\" class=\"has-inline-color has-black-color\"><strong>Pocherhaus am Larzenbach <\/strong><\/mark><\/a><\/p>\n\n\n\n<p><a href=\"https:\/\/geopark.egpromotion.com\/wp-content\/uploads\/2023\/10\/04Sage-Teufel-Fritztal.pdf\"><mark style=\"background-color:rgba(0, 0, 0, 0)\" class=\"has-inline-color has-black-color\"><strong>Sage &#8220;Als der Teufel im Fritztal mahlte&#8221;<\/strong><\/mark><\/a><\/p>\n\n\n\n<p><a href=\"https:\/\/geopark.egpromotion.com\/wp-content\/uploads\/2023\/10\/03bSage-Huettau.pdf\"><mark style=\"background-color:rgba(0, 0, 0, 0)\" class=\"has-inline-color has-black-color\"><strong>Sage &#8220;Die wei\u00dfe Katze&#8221; <\/strong><\/mark><\/a><\/p>\n\n\n\n<p><a href=\"https:\/\/geopark.egpromotion.com\/wp-content\/uploads\/2023\/10\/03aErzltafel-Huettau.pdf\"><mark style=\"background-color:rgba(0, 0, 0, 0)\" class=\"has-inline-color has-black-color\"><strong>Bergbau H\u00fcttau <\/strong><\/mark><\/a><\/p>\n\n\n\n<p><a href=\"https:\/\/geopark.egpromotion.com\/wp-content\/uploads\/2023\/10\/05Holz-im-Bergbau.pdf\"><mark style=\"background-color:rgba(0, 0, 0, 0)\" class=\"has-inline-color has-black-color\"><strong>Holz im Bergbau <\/strong><\/mark><\/a><\/p>\n\n\n\n<p><a href=\"https:\/\/geopark.egpromotion.com\/wp-content\/uploads\/2023\/10\/09Sage-Eiserne-Henne.pdf\"><mark style=\"background-color:rgba(0, 0, 0, 0)\" class=\"has-inline-color has-black-color\"><strong>Sage &#8220;Die eiserne Henne&#8221; <\/strong><\/mark><\/a><\/p>\n\n\n\n<p><a href=\"https:\/\/geopark.egpromotion.com\/wp-content\/uploads\/2023\/10\/06Sage-schlafende-Jungfrau.pdf\"><mark style=\"background-color:rgba(0, 0, 0, 0)\" class=\"has-inline-color has-black-color\"><strong>Sage &#8220;Die schlafende Jungfrau&#8221;<\/strong><\/mark><\/a><\/p>\n<\/div><\/div>\n<\/div>\n\n\n\n<div class=\"wp-block-column is-layout-flow wp-block-column-is-layout-flow\" style=\"flex-basis:50%\">\n<div id=\"section-gb72034\" class=\"wp-block-gutentor-e6 section-gb72034 gutentor-element gutentor-element-image\"><div class=\"gutentor-element-image-box\"><div class=\"gutentor-image-thumb\"><img decoding=\"async\" class=\"normal-image\" src=\"https:\/\/geopark.egpromotion.com\/wp-content\/uploads\/2023\/10\/Erzltafel-Huettau-scaled.jpeg\"\/><\/div><\/div><\/div>\n<\/div>\n<\/div>\n\n\n\n<p><br><br><br><\/p>\n\n\n\n<p style=\"font-size:28px\"><strong>Bischofshofen<\/strong><\/p>\n\n\n\n<div class=\"wp-block-columns is-layout-flex wp-container-core-columns-is-layout-9d6595d7 wp-block-columns-is-layout-flex\">\n<div class=\"wp-block-column is-layout-flow wp-block-column-is-layout-flow\" style=\"flex-basis:50%\">\n<div class=\"wp-block-group\"><div class=\"wp-block-group__inner-container is-layout-constrained wp-block-group-is-layout-constrained\">\n<p><a href=\"https:\/\/geopark.egpromotion.com\/wp-content\/uploads\/2023\/10\/07Pan-Tennen_Hagengebirge.pdf\"><mark style=\"background-color:rgba(0, 0, 0, 0)\" class=\"has-inline-color has-black-color\"><strong>Panorama Hochk\u00f6nig, Tennen- und Hagengebirge<\/strong><\/mark><\/a><\/p>\n\n\n\n<p><a href=\"https:\/\/geopark.egpromotion.com\/wp-content\/uploads\/2023\/10\/08Sage-Habergeiss.pdf\"><mark style=\"background-color:rgba(0, 0, 0, 0)\" class=\"has-inline-color has-black-color\"><strong>Sage &#8220;Habergeiss&#8221;<\/strong><\/mark><\/a><\/p>\n\n\n\n<p><a href=\"https:\/\/geopark.egpromotion.com\/wp-content\/uploads\/2023\/10\/10aKiener-Haus.pdf\"><mark style=\"background-color:rgba(0, 0, 0, 0)\" class=\"has-inline-color has-black-color\"><strong>Heinrich-Kiener-Haus<\/strong><\/mark><\/a><\/p>\n\n\n\n<p><a href=\"https:\/\/geopark.egpromotion.com\/wp-content\/uploads\/2023\/10\/10bRanggeln.pdf\"><mark style=\"background-color:rgba(0, 0, 0, 0)\" class=\"has-inline-color has-black-color\"><strong>Das Hochgr\u00fcndeck-Ranggeln<\/strong><\/mark><\/a><\/p>\n\n\n\n<p><a href=\"https:\/\/geopark.egpromotion.com\/wp-content\/uploads\/2023\/10\/11aBergbau-am-Buchberg.pdf\"><mark style=\"background-color:rgba(0, 0, 0, 0)\" class=\"has-inline-color has-black-color\"><strong>Bergbau am Buchberg<\/strong><\/mark><\/a><\/p>\n\n\n\n<p><a href=\"https:\/\/geopark.egpromotion.com\/wp-content\/uploads\/2023\/10\/13aSchurfbau-Lehen.pdf\"><mark style=\"background-color:rgba(0, 0, 0, 0)\" class=\"has-inline-color has-black-color\"><strong>Schurfbau Lehen <\/strong><\/mark><\/a><\/p>\n\n\n\n<p><a href=\"https:\/\/geopark.egpromotion.com\/wp-content\/uploads\/2023\/10\/13bSage-Stollen-Buchberg.pdf\"><mark style=\"background-color:rgba(0, 0, 0, 0)\" class=\"has-inline-color has-black-color\"><strong>Sage &#8220;Der Stollen im Buchberg&#8221; <\/strong><\/mark><\/a><\/p>\n\n\n\n<p><a href=\"https:\/\/geopark.egpromotion.com\/wp-content\/uploads\/2023\/10\/15aBuchbergkirche-druck-200\ufffd.pdf\"><mark style=\"background-color:rgba(0, 0, 0, 0)\" class=\"has-inline-color has-black-color\"><strong>Buchbergkirche<\/strong><\/mark><\/a><\/p>\n\n\n\n<p><a href=\"https:\/\/geopark.egpromotion.com\/wp-content\/uploads\/2023\/10\/15bJahrmarkt-druck-200\ufffd.pdf\"><mark style=\"background-color:rgba(0, 0, 0, 0)\" class=\"has-inline-color has-black-color\"><strong>Jahrmarkt<\/strong><\/mark><\/a><\/p>\n\n\n\n<p><a href=\"https:\/\/geopark.egpromotion.com\/wp-content\/uploads\/2023\/10\/15cSage-Pochburger-druck-200\ufffd.pdf\"><mark style=\"background-color:rgba(0, 0, 0, 0)\" class=\"has-inline-color has-black-color\"><strong>Sage &#8220;Pochburg&#8221;<\/strong><\/mark><\/a><\/p>\n\n\n\n<p><a href=\"https:\/\/geopark.egpromotion.com\/wp-content\/uploads\/2023\/10\/16aMuehle.pdf\"><mark style=\"background-color:rgba(0, 0, 0, 0)\" class=\"has-inline-color has-black-color\"><strong>Bachm\u00fchle <\/strong><\/mark><\/a><\/p>\n\n\n\n<p><a href=\"https:\/\/geopark.egpromotion.com\/wp-content\/uploads\/2023\/10\/16bSage-Muehle.pdf\"><mark style=\"background-color:rgba(0, 0, 0, 0)\" class=\"has-inline-color has-black-color\"><strong>Sage &#8220;Das flinke M\u00fchlenm\u00e4nnchen&#8221; <\/strong><\/mark><\/a><\/p>\n\n\n\n<p><a href=\"https:\/\/geopark.egpromotion.com\/wp-content\/uploads\/2023\/10\/17aErzltafel-Bischofshofen.pdf\"><mark style=\"background-color:rgba(0, 0, 0, 0)\" class=\"has-inline-color has-black-color\"><strong>Bergbau Bischofshofen<\/strong><\/mark><\/a><\/p>\n\n\n\n<p><a href=\"https:\/\/geopark.egpromotion.com\/wp-content\/uploads\/2023\/10\/17bSage-Bischofshofen.pdf\"><mark style=\"background-color:rgba(0, 0, 0, 0)\" class=\"has-inline-color has-black-color\"><strong>Sage &#8220;Der Schatz vom Buchberg&#8221;<\/strong><\/mark><\/a><\/p>\n\n\n\n<p><a href=\"https:\/\/geopark.egpromotion.com\/wp-content\/uploads\/2023\/10\/18bWasserfall-Weg.pdf\"><mark style=\"background-color:rgba(0, 0, 0, 0)\" class=\"has-inline-color has-black-color\"><strong>Wasserfall &#8211; Weg <\/strong><\/mark><\/a><\/p>\n\n\n\n<p><a href=\"https:\/\/geopark.egpromotion.com\/wp-content\/uploads\/2023\/10\/18cSage-Rauhnaechte-u-Raeuchern.pdf\"><mark style=\"background-color:rgba(0, 0, 0, 0)\" class=\"has-inline-color has-black-color\"><strong>Brauch &#8220;Die Rauhn\u00e4chte und das R\u00e4uchern&#8221; <\/strong><\/mark><\/a><\/p>\n\n\n\n<p><a href=\"https:\/\/geopark.egpromotion.com\/wp-content\/uploads\/2023\/10\/19aGainfeldbach-und-Wasserfall.pdf\"><mark style=\"background-color:rgba(0, 0, 0, 0)\" class=\"has-inline-color has-black-color\"><strong>Gainfeldbach und Wasserfall<\/strong><\/mark><\/a><\/p>\n\n\n\n<p><a href=\"https:\/\/geopark.egpromotion.com\/wp-content\/uploads\/2023\/10\/19bHochwasser.pdf\"><mark style=\"background-color:rgba(0, 0, 0, 0)\" class=\"has-inline-color has-black-color\"><strong>Hochwasser<\/strong><\/mark><\/a><\/p>\n\n\n\n<p><a href=\"https:\/\/geopark.egpromotion.com\/wp-content\/uploads\/2023\/10\/99aMuseum-Bischofshofen.pdf\"><mark style=\"background-color:rgba(0, 0, 0, 0)\" class=\"has-inline-color has-black-color\"><strong>Museum am Kastenturm<\/strong><\/mark><\/a><\/p>\n\n\n\n<p><a href=\"https:\/\/geopark.egpromotion.com\/wp-content\/uploads\/2023\/10\/19cSage-vom-Teufelsgeiger.pdf\"><mark style=\"background-color:rgba(0, 0, 0, 0)\" class=\"has-inline-color has-black-color\"><strong>Sage &#8220;Der Teufelsgeiger&#8221; <\/strong><\/mark><\/a><\/p>\n\n\n\n<p><a href=\"https:\/\/geopark.egpromotion.com\/wp-content\/uploads\/2023\/10\/20aPraehistorische-Pongauer-Burg.pdf\"><mark style=\"background-color:rgba(0, 0, 0, 0)\" class=\"has-inline-color has-black-color\"><strong>Die Pr\u00e4historische Pongauer Burg<\/strong><\/mark><\/a><\/p>\n\n\n\n<p><a href=\"https:\/\/geopark.egpromotion.com\/wp-content\/uploads\/2023\/10\/20cSage-Ruine-Bachsfall.pdf\"><mark style=\"background-color:rgba(0, 0, 0, 0)\" class=\"has-inline-color has-black-color\"><strong>Sage &#8220;Die Ruine Bachsfall&#8221;<\/strong><\/mark><\/a><\/p>\n\n\n\n<p><a href=\"https:\/\/geopark.egpromotion.com\/wp-content\/uploads\/2023\/10\/20bBurg-d-Herren-v-Pongau.pdf\"><mark style=\"background-color:rgba(0, 0, 0, 0)\" class=\"has-inline-color has-black-color\"><strong>Die Burg der Herren von Pongowe<\/strong><\/mark><\/a><\/p>\n\n\n\n<p><a href=\"https:\/\/geopark.egpromotion.com\/wp-content\/uploads\/2023\/10\/21bLeben-und-Sterben-druck-200\ufffd.pdf\"><mark style=\"background-color:rgba(0, 0, 0, 0)\" class=\"has-inline-color has-black-color\"><strong>Leben und Sterben in der Eisenzeit<\/strong><\/mark><\/a><\/p>\n\n\n\n<p><a href=\"https:\/\/geopark.egpromotion.com\/wp-content\/uploads\/2023\/10\/21cSage-Schoen-u-Schiachperchten-druck-200\ufffd.pdf\"><mark style=\"background-color:rgba(0, 0, 0, 0)\" class=\"has-inline-color has-black-color\"><strong>Brauchtum &#8220;Die Sch\u00f6n- und Schiachperchten&#8221;<\/strong><\/mark><\/a><\/p>\n\n\n\n<p><a href=\"https:\/\/geopark.egpromotion.com\/wp-content\/uploads\/2023\/10\/22cSage-vom-Goetschenberg.pdf\"><mark style=\"background-color:rgba(0, 0, 0, 0)\" class=\"has-inline-color has-black-color\"><strong>Die pr\u00e4historische Nekropole<\/strong><\/mark><\/a><\/p>\n\n\n\n<p><a href=\"https:\/\/geopark.egpromotion.com\/wp-content\/uploads\/2023\/10\/22bMittelalterliche-Turmburg.pdf\"><mark style=\"background-color:rgba(0, 0, 0, 0)\" class=\"has-inline-color has-black-color\"><strong>Die mittelalterliche Turmburg<\/strong><\/mark><\/a><\/p>\n\n\n\n<p><a href=\"https:\/\/geopark.egpromotion.com\/wp-content\/uploads\/2023\/10\/22cSage-vom-Goetschenberg.pdf\"><mark style=\"background-color:rgba(0, 0, 0, 0)\" class=\"has-inline-color has-black-color\"><strong>Die Sage vom G\u00f6tschenberg<\/strong><\/mark><\/a><\/p>\n<\/div><\/div>\n<\/div>\n\n\n\n<div class=\"wp-block-column is-layout-flow wp-block-column-is-layout-flow\" style=\"flex-basis:50%\">\n<div id=\"section-gbf2a3e\" class=\"wp-block-gutentor-e6 section-gbf2a3e gutentor-element gutentor-element-image\"><div class=\"gutentor-element-image-box\"><div class=\"gutentor-image-thumb\"><img decoding=\"async\" class=\"normal-image\" src=\"https:\/\/geopark.egpromotion.com\/wp-content\/uploads\/2023\/10\/Erzltafel-Bischofshofen-scaled.jpeg\"\/><\/div><\/div><\/div>\n<\/div>\n<\/div>\n\n\n\n<p><br><br><br><\/p>\n\n\n\n<p style=\"font-size:28px\"><strong>M\u00fchlbach am Hochk\u00f6nig <\/strong><\/p>\n\n\n\n<div class=\"wp-block-columns is-layout-flex wp-container-core-columns-is-layout-9d6595d7 wp-block-columns-is-layout-flex\">\n<div class=\"wp-block-column is-layout-flow wp-block-column-is-layout-flow\" style=\"flex-basis:50%\">\n<div class=\"wp-block-group\"><div class=\"wp-block-group__inner-container is-layout-constrained wp-block-group-is-layout-constrained\">\n<p><a href=\"https:\/\/geopark.egpromotion.com\/wp-content\/uploads\/2023\/10\/37bSage-Muehlbach.pdf\"><mark style=\"background-color:rgba(0, 0, 0, 0)\" class=\"has-inline-color has-black-color\"><strong>Sage &#8220;Der Schinderjackl&#8221;<\/strong><\/mark><\/a><\/p>\n\n\n\n<p><a href=\"https:\/\/geopark.egpromotion.com\/wp-content\/uploads\/2023\/10\/37aErzltafel-Muehlbach.pdf\"><mark style=\"background-color:rgba(0, 0, 0, 0)\" class=\"has-inline-color has-black-color\"><strong>Bergbau M\u00fchlbach am Hochk\u00f6nig<\/strong><\/mark><\/a><\/p>\n<\/div><\/div>\n<\/div>\n\n\n\n<div class=\"wp-block-column is-layout-flow wp-block-column-is-layout-flow\" style=\"flex-basis:50%\">\n<div id=\"section-gd688ff\" class=\"wp-block-gutentor-e6 section-gd688ff gutentor-element gutentor-element-image\"><div class=\"gutentor-element-image-box\"><div class=\"gutentor-image-thumb\"><img decoding=\"async\" class=\"normal-image\" src=\"https:\/\/geopark.egpromotion.com\/wp-content\/uploads\/2023\/10\/Erzltafel-Muehlbach-scaled.jpeg\"\/><\/div><\/div><\/div>\n<\/div>\n<\/div>\n\n\n\n<p><br><br><br><\/p>\n\n\n\n<p style=\"font-size:28px\"><strong>St. Veit im Pongau <\/strong><\/p>\n\n\n\n<div class=\"wp-block-columns is-layout-flex wp-container-core-columns-is-layout-9d6595d7 wp-block-columns-is-layout-flex\">\n<div class=\"wp-block-column is-layout-flow wp-block-column-is-layout-flow\" style=\"flex-basis:50%\">\n<div class=\"wp-block-group\"><div class=\"wp-block-group__inner-container is-layout-constrained wp-block-group-is-layout-constrained\">\n<p><a href=\"https:\/\/geopark.egpromotion.com\/wp-content\/uploads\/2023\/10\/42Pan-Hochkoenig_Wald.pdf\"><mark style=\"background-color:rgba(0, 0, 0, 0)\" class=\"has-inline-color has-black-color\"><strong>Bergbau, Holz und Wald<\/strong><\/mark><\/a><\/p>\n\n\n\n<p><a href=\"https:\/\/geopark.egpromotion.com\/wp-content\/uploads\/2023\/10\/45Pfarriachstein_Protestanten.pdf\"><mark style=\"background-color:rgba(0, 0, 0, 0)\" class=\"has-inline-color has-black-color\"><strong>Pfarriachstein &#8211; Kapelle<\/strong><\/mark><\/a><\/p>\n\n\n\n<p><a href=\"https:\/\/geopark.egpromotion.com\/wp-content\/uploads\/2023\/10\/47Knorriger-Bergahorn.pdf\"><mark style=\"background-color:rgba(0, 0, 0, 0)\" class=\"has-inline-color has-black-color\"><strong>Sage &#8220;Der knorrige Bergahorn&#8221;<\/strong><\/mark><\/a><\/p>\n\n\n\n<p><a href=\"https:\/\/geopark.egpromotion.com\/wp-content\/uploads\/2023\/10\/49aErzltafel-St-Veit.pdf\"><mark style=\"background-color:rgba(0, 0, 0, 0)\" class=\"has-inline-color has-black-color\"><strong>Bergbau St. Veit &#8211; Sonnenterrasse<\/strong><\/mark><\/a><\/p>\n\n\n\n<p><a href=\"https:\/\/geopark.egpromotion.com\/wp-content\/uploads\/2023\/10\/49bSage-StVeit.pdf\"><mark style=\"background-color:rgba(0, 0, 0, 0)\" class=\"has-inline-color has-black-color\"><strong>Sage &#8220;Das Goldbr\u00fcnndl&#8221;<\/strong><\/mark><\/a><\/p>\n<\/div><\/div>\n<\/div>\n\n\n\n<div class=\"wp-block-column is-layout-flow wp-block-column-is-layout-flow\" style=\"flex-basis:50%\">\n<div id=\"section-gfcedf0\" class=\"wp-block-gutentor-e6 section-gfcedf0 gutentor-element gutentor-element-image\"><div class=\"gutentor-element-image-box\"><div class=\"gutentor-image-thumb\"><img decoding=\"async\" class=\"normal-image\" src=\"https:\/\/geopark.egpromotion.com\/wp-content\/uploads\/2023\/10\/Erzltafel-St-Veit-scaled.jpeg\"\/><\/div><\/div><\/div>\n<\/div>\n<\/div>","protected":false},"excerpt":{"rendered":"<p>Die folgenden Schautafeln sind Einrichtungen im Erz der Alpen UNESCO Global Geopark. Diese sind in den Geopark-Gemeinden zu finden und informieren leicht verst\u00e4ndlich \u00fcber die Erdgeschichte, den Bergbau und die Geschichte der Region mit vielen spannenden Sagen und Erz\u00e4hlungen. Erzweg Kupfer \u00dcbersichtskarte H\u00fcttau Sage &#8220;Die Wehe Zehe&#8221; Gew\u00e4ltigung Bergbau Larzenbach Pocherhaus am Larzenbach Sage &#8220;Als der Teufel im Fritztal mahlte&#8221; [&hellip;]<\/p>","protected":false},"author":4,"featured_media":0,"parent":0,"menu_order":0,"comment_status":"closed","ping_status":"closed","template":"","meta":{"inline_featured_image":false,"_uag_custom_page_level_css":"","footnotes":""},"class_list":["post-1189","page","type-page","status-publish","hentry"],"acf":[],"uagb_featured_image_src":{"full":false,"thumbnail":false,"medium":false,"medium_large":false,"large":false,"1536x1536":false,"2048x2048":false,"trp-custom-language-flag":false,"gutener-1920-550":false,"gutener-1370-550":false,"gutener-590-310":false,"gutener-420-380":false,"gutener-420-300":false,"gutener-420-200":false,"gutener-290-150":false,"gutener-80-60":false},"uagb_author_info":{"display_name":"hoermann@geopark-erzderalpen.at","author_link":"https:\/\/geopark.egpromotion.com\/en\/author\/hoermanngeopark-erzderalpen-at"},"uagb_comment_info":0,"uagb_excerpt":"Die folgenden Schautafeln sind Einrichtungen im Erz der Alpen UNESCO Global Geopark. Diese sind in den Geopark-Gemeinden zu finden und informieren leicht verst\u00e4ndlich \u00fcber die Erdgeschichte, den Bergbau und die Geschichte der Region mit vielen spannenden Sagen und Erz\u00e4hlungen. Erzweg Kupfer \u00dcbersichtskarte H\u00fcttau Sage &#8220;Die Wehe Zehe&#8221; Gew\u00e4ltigung Bergbau Larzenbach Pocherhaus am Larzenbach Sage &#8220;Als&hellip;","mfb_rest_fields":["uagb_featured_image_src","uagb_author_info","uagb_comment_info","uagb_excerpt"],"_links":{"self":[{"href":"https:\/\/geopark.egpromotion.com\/en\/wp-json\/wp\/v2\/pages\/1189","targetHints":{"allow":["GET"]}}],"collection":[{"href":"https:\/\/geopark.egpromotion.com\/en\/wp-json\/wp\/v2\/pages"}],"about":[{"href":"https:\/\/geopark.egpromotion.com\/en\/wp-json\/wp\/v2\/types\/page"}],"author":[{"embeddable":true,"href":"https:\/\/geopark.egpromotion.com\/en\/wp-json\/wp\/v2\/users\/4"}],"replies":[{"embeddable":true,"href":"https:\/\/geopark.egpromotion.com\/en\/wp-json\/wp\/v2\/comments?post=1189"}],"version-history":[{"count":52,"href":"https:\/\/geopark.egpromotion.com\/en\/wp-json\/wp\/v2\/pages\/1189\/revisions"}],"predecessor-version":[{"id":1716,"href":"https:\/\/geopark.egpromotion.com\/en\/wp-json\/wp\/v2\/pages\/1189\/revisions\/1716"}],"wp:attachment":[{"href":"https:\/\/geopark.egpromotion.com\/en\/wp-json\/wp\/v2\/media?parent=1189"}],"curies":[{"name":"wp","href":"https:\/\/api.w.org\/{rel}","templated":true}]}}