{"id":1539,"date":"2023-10-15T18:01:01","date_gmt":"2023-10-15T16:01:01","guid":{"rendered":"https:\/\/geopark.egpromotion.com\/?page_id=1539"},"modified":"2023-10-15T18:37:23","modified_gmt":"2023-10-15T16:37:23","slug":"links","status":"publish","type":"page","link":"https:\/\/geopark.egpromotion.com\/en\/links","title":{"rendered":"Links"},"content":{"rendered":"<p><br><br><\/p>\n\n\n\n<p style=\"font-size:18px\"><strong>Infos zu European Geoparks Networks, UNESCO Global Geoparks<\/strong><\/p>\n\n\n\n<p><a rel=\"noreferrer noopener\" href=\"http:\/\/www.europeangeoparks.org\/?lang=de\" target=\"_blank\"><strong><mark style=\"background-color:rgba(0, 0, 0, 0)\" class=\"has-inline-color has-black-color\">European Geoparks Network<\/mark><\/strong><\/a><br><strong><a rel=\"noreferrer noopener\" href=\"https:\/\/globalgeoparksnetwork.org\/\" target=\"_blank\"><mark style=\"background-color:rgba(0, 0, 0, 0)\" class=\"has-inline-color has-black-color\">Global Geoparks Network<\/mark><\/a><br><\/strong><a rel=\"noreferrer noopener\" href=\"https:\/\/www.unesco.org\/en\/iggp\/geoparks\" target=\"_blank\"><strong><mark style=\"background-color:rgba(0, 0, 0, 0)\" class=\"has-inline-color has-black-color\">Liste UNESCO Global Geoparks<\/mark><\/strong><\/a><\/p>\n\n\n\n<p><br><\/p>\n\n\n\n<p style=\"font-size:18px\"><strong>Geoparkgemeinden<\/strong><\/p>\n\n\n\n<p><strong><a rel=\"noreferrer noopener\" href=\"http:\/\/www.huettau.at\/system\/web\/default.aspx\" target=\"_blank\"><mark style=\"background-color:rgba(0, 0, 0, 0)\" class=\"has-inline-color has-black-color\">Gemeinde H\u00fcttau<\/mark><\/a><\/strong><br><strong><a rel=\"noreferrer noopener\" href=\"http:\/\/bischofshofen.at\/startseite.html\" target=\"_blank\"><mark style=\"background-color:rgba(0, 0, 0, 0)\" class=\"has-inline-color has-black-color\">Stadtgemeinde Bischofshofen\u00a0<\/mark><\/a><\/strong><br><a rel=\"noreferrer noopener\" href=\"https:\/\/www.muehlbach.salzburg.at\/\" target=\"_blank\"><mark style=\"background-color:rgba(0, 0, 0, 0)\" class=\"has-inline-color has-black-color\"><strong>Gemeinde M\u00fchlbach am Hochk\u00f6nig<\/strong><\/mark><\/a><br><a rel=\"noreferrer noopener\" href=\"http:\/\/www.stveitpongau.at\/\" target=\"_blank\"><mark style=\"background-color:rgba(0, 0, 0, 0)\" class=\"has-inline-color has-black-color\"><strong>Gemeinde St. Veit im Pongau<\/strong><\/mark><\/a><\/p>\n\n\n\n<p><br><\/p>\n\n\n\n<p style=\"font-size:18px\"><strong>Homepage der Geopark-Tourismusverb\u00e4nde<\/strong><\/p>\n\n\n\n<p><strong><a rel=\"noreferrer noopener\" href=\"https:\/\/tvbhuettau.jimdo.com\/\" target=\"_blank\"><mark style=\"background-color:rgba(0, 0, 0, 0)\" class=\"has-inline-color has-black-color\">H\u00fcttau<\/mark><\/a><br><a rel=\"noreferrer noopener\" href=\"https:\/\/bischofshofen.com\/\" target=\"_blank\"><mark style=\"background-color:rgba(0, 0, 0, 0)\" class=\"has-inline-color has-black-color\">Bischofshofen<\/mark><\/a><br><\/strong><a rel=\"noreferrer noopener\" href=\"https:\/\/www.sonnenterrasse.at\/de\/\" target=\"_blank\"><mark style=\"background-color:rgba(0, 0, 0, 0)\" class=\"has-inline-color has-black-color\"><strong>St. Veit im Pongau<\/strong><\/mark><\/a><br><a rel=\"noreferrer noopener\" href=\"https:\/\/www.hochkoenig.at\/\" target=\"_blank\"><mark style=\"background-color:rgba(0, 0, 0, 0)\" class=\"has-inline-color has-black-color\"><strong>M\u00fchlbach am Hochk\u00f6nig<\/strong><\/mark><\/a><\/p>\n\n\n\n<p><br><\/p>\n\n\n\n<p style=\"font-size:18px\"><strong>Partner Geoparke und Museen<\/strong><\/p>\n\n\n\n<p><strong><a rel=\"noreferrer noopener\" href=\"https:\/\/www.eisenwurzen.com\/\" target=\"_blank\"><mark style=\"background-color:rgba(0, 0, 0, 0)\" class=\"has-inline-color has-black-color\">Steirische Eisenwurzen \u2013 Naturpark und UNESCO Global Geopark<\/mark><\/a><\/strong><br><a rel=\"noreferrer noopener\" href=\"https:\/\/www.geopark-karawanken.at\/\" target=\"_blank\"><mark style=\"background-color:rgba(0, 0, 0, 0)\" class=\"has-inline-color has-black-color\"><strong>Geopark Karawanken<\/strong><\/mark><\/a><br><a rel=\"noreferrer noopener\" href=\"https:\/\/www.geopark-karnische-alpen.at\/Startseite.1447.0.html?&amp;L=0\" target=\"_blank\"><mark style=\"background-color:rgba(0, 0, 0, 0)\" class=\"has-inline-color has-black-color\"><strong>Geopark Karnische Alpen<\/strong><\/mark><\/a><br><a rel=\"noreferrer noopener\" href=\"https:\/\/www.geopark-thueringen.de\/\" target=\"_blank\"><strong><mark style=\"background-color:rgba(0, 0, 0, 0)\" class=\"has-inline-color has-black-color\">UNESCO Global Geopark Th\u00fcringen Inselsberg \u2013 Drei Gleichen<\/mark><\/strong><\/a><br><a rel=\"noreferrer noopener\" href=\"https:\/\/www.geopark-porphyrland.de\/geopark\/\" target=\"_blank\"><mark style=\"background-color:rgba(0, 0, 0, 0)\" class=\"has-inline-color has-black-color\"><strong>Nationaler Geopark Porphyrland<\/strong><\/mark><\/a><br><a rel=\"noreferrer noopener\" href=\"https:\/\/museum-siegsdorf.de\/museum.php\" target=\"_blank\"><mark style=\"background-color:rgba(0, 0, 0, 0)\" class=\"has-inline-color has-black-color\"><strong>Naturkunde- und Mammut-Museum Siegsdorf<\/strong><\/mark><\/a><\/p>\n\n\n\n<p><br><\/p>\n\n\n\n<p style=\"font-size:18px\"><strong>Nationalparks, Naturparks und Biosp\u00e4hrenregionen<\/strong><\/p>\n\n\n\n<p><strong><a rel=\"noreferrer noopener\" href=\"https:\/\/www.nationalparksaustria.at\/de\/\" target=\"_blank\"><mark style=\"background-color:rgba(0, 0, 0, 0)\" class=\"has-inline-color has-black-color\">Nationalparks Austria<\/mark><\/a><\/strong><mark style=\"background-color:rgba(0, 0, 0, 0)\" class=\"has-inline-color has-black-color\"><strong><br><\/strong><\/mark><strong><a rel=\"noreferrer noopener\" href=\"https:\/\/www.naturparke.at\/startseite\/\" target=\"_blank\"><mark style=\"background-color:rgba(0, 0, 0, 0)\" class=\"has-inline-color has-black-color\">Naturparke<\/mark><\/a><\/strong><mark style=\"background-color:rgba(0, 0, 0, 0)\" class=\"has-inline-color has-black-color\"><strong><br><\/strong><\/mark><strong><a rel=\"noreferrer noopener\" href=\"https:\/\/hohetauern.at\/de\/\" target=\"_blank\"><mark style=\"background-color:rgba(0, 0, 0, 0)\" class=\"has-inline-color has-black-color\">Nationalpark Hohe Tauern<\/mark><\/a><\/strong><mark style=\"background-color:rgba(0, 0, 0, 0)\" class=\"has-inline-color has-black-color\"><br><\/mark><strong><a rel=\"noreferrer noopener\" href=\"https:\/\/nationalpark-gesaeuse.at\/\" target=\"_blank\"><mark style=\"background-color:rgba(0, 0, 0, 0)\" class=\"has-inline-color has-black-color\">Nationalpark Ges\u00e4use<\/mark><\/a><\/strong><mark style=\"background-color:rgba(0, 0, 0, 0)\" class=\"has-inline-color has-black-color\"><strong><br><\/strong><\/mark><strong><a rel=\"noreferrer noopener\" href=\"https:\/\/www.kalkalpen.at\/de\" target=\"_blank\"><mark style=\"background-color:rgba(0, 0, 0, 0)\" class=\"has-inline-color has-black-color\">Nationalpark Kalkalpen<\/mark><\/a><\/strong><mark style=\"background-color:rgba(0, 0, 0, 0)\" class=\"has-inline-color has-black-color\"><strong><br><\/strong><\/mark><a rel=\"noreferrer noopener\" href=\"https:\/\/www.biosphaerenpark.eu\/\" target=\"_blank\"><mark style=\"background-color:rgba(0, 0, 0, 0)\" class=\"has-inline-color has-black-color\"><strong>Biosph\u00e4renpark Salzburger Lungau <\/strong><\/mark><\/a><mark style=\"background-color:rgba(0, 0, 0, 0)\" class=\"has-inline-color has-black-color\"><br><\/mark><a rel=\"noreferrer noopener\" href=\"https:\/\/brbgl.de\/\" target=\"_blank\"><mark style=\"background-color:rgba(0, 0, 0, 0)\" class=\"has-inline-color has-black-color\"><strong>Biosph\u00e4renregion Berchtesgadener Land<\/strong><\/mark><\/a><mark style=\"background-color:rgba(0, 0, 0, 0)\" class=\"has-inline-color has-black-color\"><br><\/mark><a rel=\"noreferrer noopener\" href=\"https:\/\/www.nationalpark-berchtesgaden.bayern.de\/\" target=\"_blank\"><mark style=\"background-color:rgba(0, 0, 0, 0)\" class=\"has-inline-color has-black-color\"><strong>Nationalpark Berchtesgaden<\/strong><\/mark><\/a><\/p>\n\n\n\n<p><br><\/p>\n\n\n\n<p style=\"font-size:18px\"><strong>Pongau Regional<\/strong><\/p>\n\n\n\n<p><a rel=\"noreferrer noopener\" href=\"https:\/\/leader.pongau.org\/\" target=\"_blank\"><mark style=\"background-color:rgba(0, 0, 0, 0)\" class=\"has-inline-color has-black-color\"><strong>LAG Lebens.Wert Pongau<\/strong><\/mark><\/a><br><a rel=\"noreferrer noopener\" href=\"https:\/\/www.mobilito.at\/at\/home\" target=\"_blank\"><mark style=\"background-color:rgba(0, 0, 0, 0)\" class=\"has-inline-color has-black-color\"><strong>MOBILITO \u2013 Mobilit\u00e4tszentrale am Bahnhof Bischofshofen<\/strong><\/mark><\/a><\/p>\n\n\n\n<p><br><\/p>\n\n\n\n<p style=\"font-size:18px\"><strong>Weitere Institutionen<\/strong><\/p>\n\n\n\n<p><strong><a rel=\"noreferrer noopener\" href=\"https:\/\/www.geocompass.at\/\" target=\"_blank\"><mark style=\"background-color:rgba(0, 0, 0, 0)\" class=\"has-inline-color has-black-color\">GeoComPass Salzburg \u2013 Menschen. Orte. Einblicke<\/mark><\/a><br><a rel=\"noreferrer noopener\" href=\"https:\/\/www.ionica.energy\/de\/\" target=\"_blank\"><mark style=\"background-color:rgba(0, 0, 0, 0)\" class=\"has-inline-color has-black-color\">IONICA \u2013 neu Wege im Tourismus! Mobilit\u00e4t \u2013 Energie \u2013 Struktur<\/mark><\/a><br><\/strong><a rel=\"noreferrer noopener\" href=\"https:\/\/salzburg.bodenbuendnis.or.at\/\" target=\"_blank\"><mark style=\"background-color:rgba(0, 0, 0, 0)\" class=\"has-inline-color has-black-color\"><strong>Bodenb\u00fcndnis Salzburg<\/strong><\/mark><\/a><\/p>","protected":false},"excerpt":{"rendered":"<p>Infos zu European Geoparks Networks, UNESCO Global Geoparks European Geoparks NetworkGlobal Geoparks NetworkListe UNESCO Global Geoparks Geoparkgemeinden Gemeinde H\u00fcttauStadtgemeinde Bischofshofen\u00a0Gemeinde M\u00fchlbach am Hochk\u00f6nigGemeinde St. Veit im Pongau Homepage der Geopark-Tourismusverb\u00e4nde H\u00fcttauBischofshofenSt. Veit im PongauM\u00fchlbach am Hochk\u00f6nig Partner Geoparke und Museen Steirische Eisenwurzen \u2013 Naturpark und UNESCO Global GeoparkGeopark KarawankenGeopark Karnische AlpenUNESCO Global Geopark Th\u00fcringen Inselsberg \u2013 Drei GleichenNationaler Geopark PorphyrlandNaturkunde- [&hellip;]<\/p>","protected":false},"author":4,"featured_media":0,"parent":0,"menu_order":0,"comment_status":"closed","ping_status":"closed","template":"","meta":{"inline_featured_image":false,"_uag_custom_page_level_css":"","footnotes":""},"class_list":["post-1539","page","type-page","status-publish","hentry"],"acf":[],"uagb_featured_image_src":{"full":false,"thumbnail":false,"medium":false,"medium_large":false,"large":false,"1536x1536":false,"2048x2048":false,"trp-custom-language-flag":false,"gutener-1920-550":false,"gutener-1370-550":false,"gutener-590-310":false,"gutener-420-380":false,"gutener-420-300":false,"gutener-420-200":false,"gutener-290-150":false,"gutener-80-60":false},"uagb_author_info":{"display_name":"hoermann@geopark-erzderalpen.at","author_link":"https:\/\/geopark.egpromotion.com\/en\/author\/hoermanngeopark-erzderalpen-at"},"uagb_comment_info":0,"uagb_excerpt":"Infos zu European Geoparks Networks, UNESCO Global Geoparks European Geoparks NetworkGlobal Geoparks NetworkListe UNESCO Global Geoparks Geoparkgemeinden Gemeinde H\u00fcttauStadtgemeinde Bischofshofen\u00a0Gemeinde M\u00fchlbach am Hochk\u00f6nigGemeinde St. Veit im Pongau Homepage der Geopark-Tourismusverb\u00e4nde H\u00fcttauBischofshofenSt. Veit im PongauM\u00fchlbach am Hochk\u00f6nig Partner Geoparke und Museen Steirische Eisenwurzen \u2013 Naturpark und UNESCO Global GeoparkGeopark KarawankenGeopark Karnische AlpenUNESCO Global Geopark Th\u00fcringen Inselsberg&hellip;","mfb_rest_fields":["uagb_featured_image_src","uagb_author_info","uagb_comment_info","uagb_excerpt"],"_links":{"self":[{"href":"https:\/\/geopark.egpromotion.com\/en\/wp-json\/wp\/v2\/pages\/1539","targetHints":{"allow":["GET"]}}],"collection":[{"href":"https:\/\/geopark.egpromotion.com\/en\/wp-json\/wp\/v2\/pages"}],"about":[{"href":"https:\/\/geopark.egpromotion.com\/en\/wp-json\/wp\/v2\/types\/page"}],"author":[{"embeddable":true,"href":"https:\/\/geopark.egpromotion.com\/en\/wp-json\/wp\/v2\/users\/4"}],"replies":[{"embeddable":true,"href":"https:\/\/geopark.egpromotion.com\/en\/wp-json\/wp\/v2\/comments?post=1539"}],"version-history":[{"count":10,"href":"https:\/\/geopark.egpromotion.com\/en\/wp-json\/wp\/v2\/pages\/1539\/revisions"}],"predecessor-version":[{"id":1562,"href":"https:\/\/geopark.egpromotion.com\/en\/wp-json\/wp\/v2\/pages\/1539\/revisions\/1562"}],"wp:attachment":[{"href":"https:\/\/geopark.egpromotion.com\/en\/wp-json\/wp\/v2\/media?parent=1539"}],"curies":[{"name":"wp","href":"https:\/\/api.w.org\/{rel}","templated":true}]}}