{"id":189,"date":"2021-11-04T14:50:00","date_gmt":"2021-11-04T13:50:00","guid":{"rendered":"https:\/\/geopark.egpromotion.com\/?page_id=189"},"modified":"2023-10-24T15:21:37","modified_gmt":"2023-10-24T13:21:37","slug":"besucherzentrum","status":"publish","type":"page","link":"https:\/\/geopark.egpromotion.com\/en\/besucherzentrum","title":{"rendered":"Besucherzentrum"},"content":{"rendered":"<div class=\"wp-block-group alignfull\"><div class=\"wp-block-group__inner-container is-layout-flow wp-block-group-is-layout-flow\">\n<div style=\"height:70px\" aria-hidden=\"true\" class=\"wp-block-spacer\"><\/div>\n\n\n\n<p style=\"font-size:18px\"><strong>&#8220;Herzlich Willkommen&#8221; &#8211; Eintritt frei f\u00fcr alle <\/strong><\/p>\n\n\n\n<div class=\"wp-block-columns alignwide is-layout-flex wp-container-core-columns-is-layout-9d6595d7 wp-block-columns-is-layout-flex\">\n<div class=\"wp-block-column is-layout-flow wp-block-column-is-layout-flow\">\n<figure class=\"wp-block-image size-full\"><img loading=\"lazy\" decoding=\"async\" width=\"1000\" height=\"1000\" src=\"https:\/\/geopark.egpromotion.com\/wp-content\/uploads\/2021\/11\/19396854_1608997332508464_1948120160899533140_n-1.jpg\" alt=\"\" class=\"wp-image-199\" srcset=\"https:\/\/geopark.egpromotion.com\/wp-content\/uploads\/2021\/11\/19396854_1608997332508464_1948120160899533140_n-1.jpg 1000w, https:\/\/geopark.egpromotion.com\/wp-content\/uploads\/2021\/11\/19396854_1608997332508464_1948120160899533140_n-1-300x300.jpg 300w, https:\/\/geopark.egpromotion.com\/wp-content\/uploads\/2021\/11\/19396854_1608997332508464_1948120160899533140_n-1-150x150.jpg 150w, https:\/\/geopark.egpromotion.com\/wp-content\/uploads\/2021\/11\/19396854_1608997332508464_1948120160899533140_n-1-768x768.jpg 768w\" sizes=\"auto, (max-width: 1000px) 100vw, 1000px\" \/><\/figure>\n<\/div>\n\n\n\n<div class=\"wp-block-column is-layout-flow wp-block-column-is-layout-flow\">\n<p>Das Tor in den \u201eErz der Alpen\u201c UNESCO Global Geopark ist das Besucherzentrum. Es liegt im&nbsp;Schanzengel\u00e4nde der Schisprungmetropole Bischofshofen. Direkt neben der weltbekannten Paul-Au\u00dferleitner-Skisprungschanze findet man den Anbau\u202fan das \u00d6sterreichhaus, welches bei der Winterolympiade 2006 in Turin das \u00f6sterreichische Olympiateam beherbergte. \u202fDas Besucherzentrum\u202fwurde in den Jahren 2014\/15 als BayAut Interreg Projekt in Zusammenarbeit mit\u202fdem Partner Naturkunde- und Mammutmuseum Siegsdorf (Bayern)\u202ferrichtet.&nbsp;<\/p>\n<\/div>\n\n\n\n<div class=\"wp-block-column is-layout-flow wp-block-column-is-layout-flow\">\n<p>Das Besucherzentrum ist der zentrale Kulminationspunkt des Geoparks. Die zum Geopark geh\u00f6renden Orte H\u00fcttau, Bischofshofen, M\u00fchlbach am Hochk\u00f6nig und St. Veit im Pongau pr\u00e4sentieren sich in einer gemeinsamen Ausstellung mit originalgetreuen Einrichtungen rund um den pr\u00e4historischen und historischen Erzabbau und machen das Thema somit zu einem \u201ebegreifbaren\u201c Erlebnis. Die Besucher erhalten eine \u00dcbersicht \u00fcber den gesamten Geopark mit all seinen Attraktionen wie Geosites, Schaubergwerken, Schaustollen und Museen. <\/p>\n<\/div>\n<\/div>\n\n\n\n<div style=\"height:40px\" aria-hidden=\"true\" class=\"wp-block-spacer\"><\/div>\n<\/div><\/div>\n\n\n\n<hr class=\"wp-block-separator has-css-opacity is-style-default\"\/>\n\n\n\n<div class=\"wp-block-columns alignfull has-text-color has-background is-layout-flex wp-container-core-columns-is-layout-9d6595d7 wp-block-columns-is-layout-flex\" style=\"color:#000000;background-color:#ffffff\">\n<div class=\"wp-block-column is-layout-flow wp-block-column-is-layout-flow\">\n<h3 class=\"wp-block-heading\" style=\"font-size:24px;line-height:1.3\"><strong>\u00d6ffnungszeiten <\/strong><\/h3>\n\n\n\n<p><strong>Mai  &#8211;  Oktober<\/strong><\/p>\n\n\n\n<div class=\"wp-block-group\"><div class=\"wp-block-group__inner-container is-layout-constrained wp-block-group-is-layout-constrained\">\n<p>MI    10:00-17:00 <br>DO   10:00-17:00<br>FR    10:00-17:00  <br>SA   10:00-17:00  <br><\/p>\n\n\n\n<p>Letzter Einlass 16:30<br>Keine \u00d6ffnungszeiten an Sonn- und Feiertagen <\/p>\n<\/div><\/div>\n<\/div>\n\n\n\n<div class=\"wp-block-column is-layout-flow wp-block-column-is-layout-flow\">\n<h3 class=\"wp-block-heading\" style=\"font-size:24px;line-height:1.3\"><strong>Mai &#8211; Oktober 2024 <\/strong><\/h3>\n\n\n\n<h3 class=\"wp-block-heading\" style=\"font-size:24px;line-height:1.3\"><\/h3>\n\n\n\n<p><\/p>\n\n\n\n<p><\/p>\n<\/div>\n\n\n\n<div class=\"wp-block-column is-layout-flow wp-block-column-is-layout-flow\">\n<h3 class=\"wp-block-heading\" style=\"font-size:24px;line-height:1.3\"><strong>Anfahrt<\/strong> <strong>&amp; Kontakt<\/strong><\/h3>\n\n\n\n<p><strong>Erz der Alpen UNESCO Global Geopark<\/strong><br>Besucherzentrum <br>Rosenthal 41<br>5500 Bischofshofen<br><br>+43 6462 20291<br>info@geopark-erzderalpen.at<\/p>\n\n\n\n<p><strong>Kontakt Tourismusverband Bischofshofen<\/strong><br>+43 6462 2471<br>info@bischofshofen.com<\/p>\n<\/div>\n<\/div>\n\n\n\n<figure class=\"wp-block-image size-large is-resized\"><img loading=\"lazy\" decoding=\"async\" width=\"1024\" height=\"558\" src=\"https:\/\/geopark.egpromotion.com\/wp-content\/uploads\/2023\/08\/Logo_INTERREG_Slogan_EU-EFRE-1024x558.jpg\" alt=\"\" class=\"wp-image-464\" style=\"width:276px;height:150px\" srcset=\"https:\/\/geopark.egpromotion.com\/wp-content\/uploads\/2023\/08\/Logo_INTERREG_Slogan_EU-EFRE-1024x558.jpg 1024w, https:\/\/geopark.egpromotion.com\/wp-content\/uploads\/2023\/08\/Logo_INTERREG_Slogan_EU-EFRE-300x164.jpg 300w, https:\/\/geopark.egpromotion.com\/wp-content\/uploads\/2023\/08\/Logo_INTERREG_Slogan_EU-EFRE-768x419.jpg 768w, https:\/\/geopark.egpromotion.com\/wp-content\/uploads\/2023\/08\/Logo_INTERREG_Slogan_EU-EFRE.jpg 1526w\" sizes=\"auto, (max-width: 1024px) 100vw, 1024px\" \/><\/figure>","protected":false},"excerpt":{"rendered":"<p>&#8220;Herzlich Willkommen&#8221; &#8211; Eintritt frei f\u00fcr alle Das Tor in den \u201eErz der Alpen\u201c UNESCO Global Geopark ist das Besucherzentrum. Es liegt im&nbsp;Schanzengel\u00e4nde der Schisprungmetropole Bischofshofen. Direkt neben der weltbekannten Paul-Au\u00dferleitner-Skisprungschanze findet man den Anbau\u202fan das \u00d6sterreichhaus, welches bei der Winterolympiade 2006 in Turin das \u00f6sterreichische Olympiateam beherbergte. \u202fDas Besucherzentrum\u202fwurde in den Jahren 2014\/15 als BayAut Interreg Projekt in Zusammenarbeit [&hellip;]<\/p>","protected":false},"author":1,"featured_media":0,"parent":0,"menu_order":0,"comment_status":"closed","ping_status":"closed","template":"","meta":{"inline_featured_image":false,"_uag_custom_page_level_css":"","footnotes":""},"class_list":["post-189","page","type-page","status-publish","hentry"],"acf":[],"uagb_featured_image_src":{"full":false,"thumbnail":false,"medium":false,"medium_large":false,"large":false,"1536x1536":false,"2048x2048":false,"trp-custom-language-flag":false,"gutener-1920-550":false,"gutener-1370-550":false,"gutener-590-310":false,"gutener-420-380":false,"gutener-420-300":false,"gutener-420-200":false,"gutener-290-150":false,"gutener-80-60":false},"uagb_author_info":{"display_name":"j.pattermann@egpromotion.com","author_link":"https:\/\/geopark.egpromotion.com\/en\/author\/j-pattermann-egpromotion-com"},"uagb_comment_info":0,"uagb_excerpt":"&#8220;Herzlich Willkommen&#8221; &#8211; Eintritt frei f\u00fcr alle Das Tor in den \u201eErz der Alpen\u201c UNESCO Global Geopark ist das Besucherzentrum. Es liegt im&nbsp;Schanzengel\u00e4nde der Schisprungmetropole Bischofshofen. Direkt neben der weltbekannten Paul-Au\u00dferleitner-Skisprungschanze findet man den Anbau\u202fan das \u00d6sterreichhaus, welches bei der Winterolympiade 2006 in Turin das \u00f6sterreichische Olympiateam beherbergte. \u202fDas Besucherzentrum\u202fwurde in den Jahren 2014\/15 als&hellip;","mfb_rest_fields":["uagb_featured_image_src","uagb_author_info","uagb_comment_info","uagb_excerpt"],"_links":{"self":[{"href":"https:\/\/geopark.egpromotion.com\/en\/wp-json\/wp\/v2\/pages\/189","targetHints":{"allow":["GET"]}}],"collection":[{"href":"https:\/\/geopark.egpromotion.com\/en\/wp-json\/wp\/v2\/pages"}],"about":[{"href":"https:\/\/geopark.egpromotion.com\/en\/wp-json\/wp\/v2\/types\/page"}],"author":[{"embeddable":true,"href":"https:\/\/geopark.egpromotion.com\/en\/wp-json\/wp\/v2\/users\/1"}],"replies":[{"embeddable":true,"href":"https:\/\/geopark.egpromotion.com\/en\/wp-json\/wp\/v2\/comments?post=189"}],"version-history":[{"count":48,"href":"https:\/\/geopark.egpromotion.com\/en\/wp-json\/wp\/v2\/pages\/189\/revisions"}],"predecessor-version":[{"id":1654,"href":"https:\/\/geopark.egpromotion.com\/en\/wp-json\/wp\/v2\/pages\/189\/revisions\/1654"}],"wp:attachment":[{"href":"https:\/\/geopark.egpromotion.com\/en\/wp-json\/wp\/v2\/media?parent=189"}],"curies":[{"name":"wp","href":"https:\/\/api.w.org\/{rel}","templated":true}]}}