{"id":226,"date":"2021-11-05T08:21:04","date_gmt":"2021-11-05T07:21:04","guid":{"rendered":"https:\/\/geopark.egpromotion.com\/?page_id=226"},"modified":"2021-11-05T08:31:10","modified_gmt":"2021-11-05T07:31:10","slug":"fuehrungen","status":"publish","type":"page","link":"https:\/\/geopark.egpromotion.com\/en\/fuehrungen","title":{"rendered":"F\u00fchrungen"},"content":{"rendered":"<div class=\"wp-block-group alignfull\"><div class=\"wp-block-group__inner-container is-layout-flow wp-block-group-is-layout-flow\">\n<div style=\"height:70px\" aria-hidden=\"true\" class=\"wp-block-spacer\"><\/div>\n\n\n\n<div class=\"wp-block-columns alignwide is-layout-flex wp-container-core-columns-is-layout-9d6595d7 wp-block-columns-is-layout-flex\">\n<div class=\"wp-block-column is-layout-flow wp-block-column-is-layout-flow\">\n<figure class=\"wp-block-image size-full is-resized\"><img loading=\"lazy\" decoding=\"async\" src=\"https:\/\/geopark.egpromotion.com\/wp-content\/uploads\/2021\/11\/IMG_4155-2-300x225-1.jpg\" alt=\"\" class=\"wp-image-230\" width=\"343\" height=\"257\" srcset=\"https:\/\/geopark.egpromotion.com\/wp-content\/uploads\/2021\/11\/IMG_4155-2-300x225-1.jpg 300w, https:\/\/geopark.egpromotion.com\/wp-content\/uploads\/2021\/11\/IMG_4155-2-300x225-1-80x60.jpg 80w\" sizes=\"auto, (max-width: 343px) 100vw, 343px\" \/><\/figure>\n<\/div>\n\n\n\n<div class=\"wp-block-column is-layout-flow wp-block-column-is-layout-flow\">\n<p class=\"has-text-color has-extra-small-font-size\" style=\"color:#000000\">Gef\u00fchrte Wanderungen am Erzweg (Kompletter Weg oder Teilstrecken), Wasserfallweg oder zu ausgew\u00e4hlten Geosites k\u00f6nnen wie Ausstellungs,- und Stadtf\u00fchrungen im TVB Bischofshofen und im Besucherzentrum des Erz der Alpen UNESCO Global Geopark gebucht werden. Gruppenerm\u00e4\u00dfigungen m\u00f6glich! Ausk\u00fcnfte bzgl. Besucherbergwerke, Schaustollen, Mineralien- u. Bergbaumuseen etc. in allen Geoparkgemeinden, <\/p>\n<\/div>\n\n\n\n<div class=\"wp-block-column is-layout-flow wp-block-column-is-layout-flow\">\n<p class=\"has-text-color has-extra-small-font-size\" style=\"color:#000000\"> k\u00f6nnen ebenfalls im TVB Bischofshofen und im Besucherzentrum des Erz der Alpen UNESCO Global Geopark angefragt werden. Ausf\u00fchrliche Informationen \u00fcber den Erz der Alpen UGG finden sich auch im Buch \u201eUNESCO Geoparke in \u00d6sterreich\u201c, Pfeil Verlag 2017.were the lights of the great theatres, the lights of the long streets, lights that indicated huge squares of domestic comfort, lights that hung high in air.<\/p>\n<\/div>\n<\/div>\n\n\n\n<div style=\"height:40px\" aria-hidden=\"true\" class=\"wp-block-spacer\"><\/div>\n<\/div><\/div>\n\n\n\n<div class=\"wp-block-columns alignfull has-text-color has-background is-layout-flex wp-container-core-columns-is-layout-9d6595d7 wp-block-columns-is-layout-flex\" style=\"background-color:#ffffff;color:#000000\">\n<div class=\"wp-block-column is-layout-flow wp-block-column-is-layout-flow\">\n<h3 class=\"wp-block-heading\" style=\"font-size:24px;line-height:1.3\"><strong>Kontakt TVB<\/strong><\/h3>\n\n\n\n<p>Franz-Mohshammer-Platz 12 <br \/>A-5500 Bischofshofen <br \/>Tel.: +43 6462 2471 <br \/>E-Mail: <a href=\"mailto:info@geopark-erzderalpen.at\" rel=\"noreferrer noopener\">info@geopark-erzderalpen.at<\/a><\/p>\n<\/div>\n\n\n\n<div class=\"wp-block-column is-layout-flow wp-block-column-is-layout-flow\">\n<h3 class=\"wp-block-heading\" style=\"font-size:24px;line-height:1.3\"><strong>Kontakt Besucherzentrum<\/strong><\/h3>\n\n\n\n<p>Tel.: +43 6462 20291 <br \/>E-Mail: info@geopark-erzderalpen.at<\/p>\n<\/div>\n\n\n\n<div class=\"wp-block-column is-layout-flow wp-block-column-is-layout-flow\"><\/div>\n\n\n\n<div class=\"wp-block-column is-layout-flow wp-block-column-is-layout-flow\"><\/div>\n<\/div>\n\n\n\n<p><\/p>","protected":false},"excerpt":{"rendered":"<p>Gef\u00fchrte Wanderungen am Erzweg (Kompletter Weg oder Teilstrecken), Wasserfallweg oder zu ausgew\u00e4hlten Geosites k\u00f6nnen wie Ausstellungs,- und Stadtf\u00fchrungen im TVB Bischofshofen und im Besucherzentrum des Erz der Alpen UNESCO Global Geopark gebucht werden. Gruppenerm\u00e4\u00dfigungen m\u00f6glich! Ausk\u00fcnfte bzgl. Besucherbergwerke, Schaustollen, Mineralien- u. Bergbaumuseen etc. in allen Geoparkgemeinden, k\u00f6nnen ebenfalls im TVB Bischofshofen und im Besucherzentrum des Erz der Alpen UNESCO Global [&hellip;]<\/p>","protected":false},"author":1,"featured_media":0,"parent":0,"menu_order":0,"comment_status":"closed","ping_status":"closed","template":"","meta":{"inline_featured_image":false,"_uag_custom_page_level_css":"","footnotes":""},"class_list":["post-226","page","type-page","status-publish","hentry"],"acf":[],"uagb_featured_image_src":{"full":false,"thumbnail":false,"medium":false,"medium_large":false,"large":false,"1536x1536":false,"2048x2048":false,"trp-custom-language-flag":false,"gutener-1920-550":false,"gutener-1370-550":false,"gutener-590-310":false,"gutener-420-380":false,"gutener-420-300":false,"gutener-420-200":false,"gutener-290-150":false,"gutener-80-60":false},"uagb_author_info":{"display_name":"j.pattermann@egpromotion.com","author_link":"https:\/\/geopark.egpromotion.com\/en\/author\/j-pattermann-egpromotion-com"},"uagb_comment_info":0,"uagb_excerpt":"Gef\u00fchrte Wanderungen am Erzweg (Kompletter Weg oder Teilstrecken), Wasserfallweg oder zu ausgew\u00e4hlten Geosites k\u00f6nnen wie Ausstellungs,- und Stadtf\u00fchrungen im TVB Bischofshofen und im Besucherzentrum des Erz der Alpen UNESCO Global Geopark gebucht werden. Gruppenerm\u00e4\u00dfigungen m\u00f6glich! Ausk\u00fcnfte bzgl. Besucherbergwerke, Schaustollen, Mineralien- u. Bergbaumuseen etc. in allen Geoparkgemeinden, k\u00f6nnen ebenfalls im TVB Bischofshofen und im Besucherzentrum des&hellip;","mfb_rest_fields":["uagb_featured_image_src","uagb_author_info","uagb_comment_info","uagb_excerpt"],"_links":{"self":[{"href":"https:\/\/geopark.egpromotion.com\/en\/wp-json\/wp\/v2\/pages\/226","targetHints":{"allow":["GET"]}}],"collection":[{"href":"https:\/\/geopark.egpromotion.com\/en\/wp-json\/wp\/v2\/pages"}],"about":[{"href":"https:\/\/geopark.egpromotion.com\/en\/wp-json\/wp\/v2\/types\/page"}],"author":[{"embeddable":true,"href":"https:\/\/geopark.egpromotion.com\/en\/wp-json\/wp\/v2\/users\/1"}],"replies":[{"embeddable":true,"href":"https:\/\/geopark.egpromotion.com\/en\/wp-json\/wp\/v2\/comments?post=226"}],"version-history":[{"count":7,"href":"https:\/\/geopark.egpromotion.com\/en\/wp-json\/wp\/v2\/pages\/226\/revisions"}],"predecessor-version":[{"id":237,"href":"https:\/\/geopark.egpromotion.com\/en\/wp-json\/wp\/v2\/pages\/226\/revisions\/237"}],"wp:attachment":[{"href":"https:\/\/geopark.egpromotion.com\/en\/wp-json\/wp\/v2\/media?parent=226"}],"curies":[{"name":"wp","href":"https:\/\/api.w.org\/{rel}","templated":true}]}}