{"id":238,"date":"2021-11-05T10:46:36","date_gmt":"2021-11-05T09:46:36","guid":{"rendered":"https:\/\/geopark.egpromotion.com\/?page_id=238"},"modified":"2023-10-24T13:52:20","modified_gmt":"2023-10-24T11:52:20","slug":"geo-wissen","status":"publish","type":"page","link":"https:\/\/geopark.egpromotion.com\/en\/geo-wissen","title":{"rendered":"Erzweg"},"content":{"rendered":"<p><br><br><\/p>\n\n\n\n<p style=\"font-size:18px\"><strong>54 spannende Wanderkilometer durch den Salzburger Pongau<\/strong> <\/p>\n\n\n\n<p><\/p>\n\n\n\n<div class=\"wp-block-columns is-layout-flex wp-container-core-columns-is-layout-9d6595d7 wp-block-columns-is-layout-flex\">\n<div class=\"wp-block-column is-layout-flow wp-block-column-is-layout-flow\" style=\"flex-basis:50%\">\n<div id=\"section-gc5acba\" class=\"wp-block-gutentor-e6 section-gc5acba gutentor-element gutentor-element-image\"><div class=\"gutentor-element-image-box\"><div class=\"gutentor-image-thumb\"><img decoding=\"async\" class=\"normal-image\" src=\"https:\/\/geopark.egpromotion.com\/wp-content\/uploads\/2023\/09\/IMG_4599-scaled.jpeg\"\/><\/div><\/div><\/div>\n<\/div>\n\n\n\n<div class=\"wp-block-column is-layout-flow wp-block-column-is-layout-flow\" style=\"flex-basis:50%\">\n<p>Der Erzweg verbindet die vier Geopark Gemeinden H\u00fcttau, Bischofshofen, M\u00fchlbach am Hochk\u00f6nig und St. Veit im Pongau \u00fcber eine Strecke von ca. 54 km. Dieser bildet das R\u00fcckgrat des Erz der Alpen UNESCO Global Geopark. Er f\u00fchrt vom Schaustollen Larzenbach zum Gemeindeamt H\u00fcttau, in dem sich das Mineralienmuseum befindet, \u00fcber die Klammalm auf das Hochgr\u00fcndeck. Weiters \u00fcber den Hofersattel zur H\u00f6rndlwaldkapelle hinab auf den Buchberg. Eine Alternative stellt der Weg von H\u00fcttau \u00fcber den Fritzerberg auf den Buchberg dar. Weiter f\u00fchrt der Weg am Abhang des Buchberges nach Bischofshofen zum Besucherzentrum des Geoparks, welches sich im Bereich der Paul Au\u00dferleitner-Skisprungschanze befindet. \u00dcber den Wasserfall und B\u00fcrglh\u00f6h, den Knappensteig, dem Kalten Br\u00fcndl f\u00fchrt der Weg zum Arturhaus. Vom Arthurhaus geht es durch die Barbaraschlucht und die alte Mitterbergerstra\u00dfe nach M\u00fchlbach zum Schaustollen und zum Knappenheim. Weiter geht es \u00fcber den Pauss Bauer zur Pronebenalm und \u00fcber Forstwege nach St. Veit, vorbei an der Fadlstoa Kapelle und zum Schaubergwerk Sunnpau. Von dort f\u00fchrt der Weg weiter ins Seelackenmuseum, wo der Erzweg endet.&nbsp;<\/p>\n<\/div>\n<\/div>\n\n\n\n<p>Neben den &#8220;gro\u00dfen Attraktionen&#8221;, wie den Schaustollen und den Museen, st\u00f6\u00dft man am Erzweg auf viele Spuren des Bergbaus, wie Pingen, Schurfl\u00f6cher, Schmelzpl\u00e4tze etc. Zudem informieren Schautafeln \u00fcber Wissenswertes zur Geologie, Landschaftsentstehung, Besiedlungsgeschichte, Bauernleben etc. Entlang des gesamten Weges \u00f6ffnen sich herrliche Panoramablicke, die auf Schaubildern (Geosites) erkl\u00e4rt werden. Zum Erlebnis Erzweg geh\u00f6ren jedoch auch themenspezifische Erlebnisstationen, Abenteuerstrecken, Naturspielpl\u00e4tze, Picknickpl\u00e4tze, Ruheoasen, Almbauern, die eigene Produkte anbieten, sowie ausgezeichnete gastronomische Betriebe mit lokalen Spezialit\u00e4ten. F\u00fcr die gesamte Strecke ben\u00f6tigt man mindestens vier Tage, er kann jedoch auch in f\u00fcnf Etappen erwandert werden.&nbsp;<\/p>\n\n\n\n<p><\/p>\n\n\n\n<p class=\"has-regular-font-size\"><strong>Wichtig: Es wird keine spezielle Wanderausr\u00fcstung ben\u00f6tigt. Gutes Schuhwerk, Wanderst\u00f6cke und eine angemessene Kondition werden jedoch am gesamten Erzweg unbedingt empfohlen.&nbsp;&nbsp;<\/strong><\/p>\n\n\n\n<p><br><br><br><\/p>\n\n\n\n<p style=\"font-size:28px\"><strong>Der Erzweg Kupfer kann in 5 Etappen bzw. auch in einer verk\u00fcrzten Variante mit 4 Etappen erwandert werden.<\/strong><\/p>\n\n\n\n<ol class=\"wp-block-list\" start=\"1\">\n<li><mark style=\"background-color:rgba(0, 0, 0, 0)\" class=\"has-inline-color has-black-color\">Etappe: Von H\u00fcttau auf das Hochgr\u00fcndeck (Heinrich Kiener Haus)\u00a0\u00a0<\/mark><\/li>\n<\/ol>\n\n\n\n<ol class=\"wp-block-list\" start=\"2\">\n<li><mark style=\"background-color:rgba(0, 0, 0, 0)\" class=\"has-inline-color has-black-color\">Etappe: Vom Hochgr\u00fcndeck hinunter nach Bischofshofen zum Besucherzentrum\u00a0\u00a0<\/mark><\/li>\n<\/ol>\n\n\n\n<ol class=\"wp-block-list\" start=\"3\">\n<li><mark style=\"background-color:rgba(0, 0, 0, 0)\" class=\"has-inline-color has-black-color\">Etappe: Vom Besucherzentrum nach M\u00fchlbach am Hochk\u00f6nig ins Arthurhaus\u00a0\u00a0<\/mark><\/li>\n<\/ol>\n\n\n\n<ol class=\"wp-block-list\" start=\"4\">\n<li><mark style=\"background-color:rgba(0, 0, 0, 0)\" class=\"has-inline-color has-black-color\">Etappe: Vom Arthurhaus ins Dorf nach M\u00fchlbach am Hochk\u00f6nig\u00a0\u00a0<\/mark><\/li>\n<\/ol>\n\n\n\n<ol class=\"wp-block-list\" start=\"5\">\n<li><mark style=\"background-color:rgba(0, 0, 0, 0)\" class=\"has-inline-color has-black-color\">Etappe: Von M\u00fchlbach am Hochk\u00f6nig nach St. Veit im Pongau\u00a0\u00a0<\/mark><\/li>\n<\/ol>\n\n\n\n<p><\/p>\n\n\n\n<figure class=\"wp-block-gallery has-nested-images columns-default is-cropped wp-block-gallery-1 is-layout-flex wp-block-gallery-is-layout-flex\">\n<figure class=\"wp-block-image size-large\"><a href=\"https:\/\/geopark.egpromotion.com\/wp-content\/uploads\/2023\/09\/Bildschirmfoto-2023-09-28-um-20.31.13.png\"><img loading=\"lazy\" decoding=\"async\" width=\"1024\" height=\"717\" data-id=\"1024\" src=\"https:\/\/geopark.egpromotion.com\/wp-content\/uploads\/2023\/09\/Bildschirmfoto-2023-09-28-um-20.31.13-1024x717.png\" alt=\"\" class=\"wp-image-1024\" srcset=\"https:\/\/geopark.egpromotion.com\/wp-content\/uploads\/2023\/09\/Bildschirmfoto-2023-09-28-um-20.31.13-1024x717.png 1024w, https:\/\/geopark.egpromotion.com\/wp-content\/uploads\/2023\/09\/Bildschirmfoto-2023-09-28-um-20.31.13-300x210.png 300w, https:\/\/geopark.egpromotion.com\/wp-content\/uploads\/2023\/09\/Bildschirmfoto-2023-09-28-um-20.31.13-768x538.png 768w, https:\/\/geopark.egpromotion.com\/wp-content\/uploads\/2023\/09\/Bildschirmfoto-2023-09-28-um-20.31.13-1536x1075.png 1536w, https:\/\/geopark.egpromotion.com\/wp-content\/uploads\/2023\/09\/Bildschirmfoto-2023-09-28-um-20.31.13-2048x1433.png 2048w\" sizes=\"auto, (max-width: 1024px) 100vw, 1024px\" \/><\/a><\/figure>\n<figcaption class=\"blocks-gallery-caption wp-element-caption\">Erzweg \u00dcberblick<\/figcaption><\/figure>\n\n\n\n<p><br><br><br><\/p>\n\n\n\n<ol class=\"wp-block-list\" start=\"1\">\n<li style=\"font-size:28px\">Etappe: H\u00fcttau auf das Hochgr\u00fcndeck (Heinrich Kiener Haus)&nbsp;<\/li>\n<\/ol>\n\n\n\n<div class=\"wp-block-columns is-layout-flex wp-container-core-columns-is-layout-9d6595d7 wp-block-columns-is-layout-flex\">\n<div class=\"wp-block-column is-layout-flow wp-block-column-is-layout-flow\" style=\"flex-basis:50%\">\n<div id=\"section-g0d7702\" class=\"wp-block-gutentor-e6 section-g0d7702 gutentor-element gutentor-element-image\"><div class=\"gutentor-element-image-box\"><div class=\"gutentor-image-thumb\"><img decoding=\"async\" class=\"normal-image\" src=\"https:\/\/geopark.egpromotion.com\/wp-content\/uploads\/2023\/10\/IMG_3759-scaled.jpeg\"\/><\/div><\/div><\/div>\n<\/div>\n\n\n\n<div class=\"wp-block-column is-layout-flow wp-block-column-is-layout-flow\" style=\"flex-basis:50%\">\n<p>Der Erzweg stellt das Herszst\u00fcck des Erz der Alpen UNESCO Global Geoparks dar. Dieser beginnt beim Schaubergwerk Larzenbach in H\u00fcttau. Dort wird bei einer spannenden F\u00fchrung der historische Kupferabbau erlebbar gemacht. Der Erzweg f\u00fchrt von der Kupferzeche zum Gemeindeamt im Ortszentrum, wo sich das Museum &#8220;Erze, Gold und Minerale&#8221; befindet. Dort kann eine umfassende Mineraliensammlung bewundert werden. Vom Ortszentrum in H\u00fcttau f\u00fchrt der Erzweg hinauf auf die Klammalm. Vor der Wanderung auf das Hochgr\u00fcndeck, kann hier eingekehrt werden. Der Wanderweg auf das Hochgr\u00fcndeck f\u00fchrt vorerst \u00fcber einen breiten Forstweg und dann durch den Wald. Der Weg wird begleitet durch Schautafeln mit Informationen zur Landschaft, der Geschichte der Region und auch der Bergbaugeschichte. <\/p>\n\n\n\n<p>Das Ziel dieser Etappe ist das Heinrich Kiener Haus auf 1.800 m Seeh\u00f6he mit der Friedenskirche und dem Gipfelkreuz (1.827 m). Im Heinrich Kiener Haus kann nicht nur eingekehrt und regionale Spezialit\u00e4ten verk\u00f6stigt, sondern auch \u00fcbernachtet werden. <\/p>\n<\/div>\n<\/div>\n\n\n\n<p>Die Aussicht ist atemberaubend: Man hat eine 360<sup>o<\/sup> Aussicht auf die umliegenden T\u00e4ler, Gebirgsst\u00f6cke und Ortschaften. Das Hochk\u00f6nigmassiv befindet sich im Westen und das Tennengebirge im Norden. In s\u00fcdlicher Richtung kann man bis zu den Hohen Tauern, mit dem Kitzsteinhorn, dem Gro\u00dfglockner und dem Wiesbachhorn sehen und im Osten erstrecken sich die Radst\u00e4dter und Schladminger Tauern und der Dachstein. Eine geologische Besonderheit des Hochgr\u00fcndecks ist die Bergzerrei\u00dfung mit Doppelgrat. Diese entsteht, wenn das Gestein aufgrund von Schwerkraft oder Abschmelzung von Gletschern aufrei\u00dft und sich zwei Grate und auch Spalten im Anrissgebiet bilden.&nbsp;&nbsp;<\/p>\n\n\n\n<p><strong>L\u00e4nge und Dauer der Etappe:&nbsp;<\/strong>&nbsp;Die erste Etappe ist ca. 13 km lang. Mit einer Dauer von ca. 4 Stunden ist diese zu absolvieren. <\/p>\n\n\n\n<p><br><br><br><\/p>\n\n\n\n<ol class=\"wp-block-list\" start=\"2\">\n<li style=\"font-size:28px\">Etappe: Hochgr\u00fcndeck nach Bischofshofen zum Besucherzentrum&nbsp;<\/li>\n<\/ol>\n\n\n\n<div class=\"wp-block-columns is-layout-flex wp-container-core-columns-is-layout-9d6595d7 wp-block-columns-is-layout-flex\">\n<div class=\"wp-block-column is-layout-flow wp-block-column-is-layout-flow\" style=\"flex-basis:50%\">\n<p>Vom Heinrich Kiener Haus am Hochgr\u00fcndeck geht es hinunter nach Bischofshofen. Am Weg \u00fcber den Hofersattel, vorbei an der H\u00f6rndlwaldkapelle und \u00fcber den Buchberg k\u00f6nnen Sie einen kurzen Umweg zur historischen Buchbergkirche machen. In dem aus dem 11. Jahrhundert stammenden Gotteshaus befinden sich ein massiver Altar aus Kalkmarmor, welcher aus einem Findlingsblock der Region herausgeschlagen wurde und ein gotisches Freskenfries. Die kleine Kirche mit dem wundersch\u00f6nen Ausblick auf Bischofshofen ist bis heute sehr beliebt f\u00fcr Hochzeiten und Taufen. Vom Buchberg f\u00fchrt der Weg nach Bischofshofen. Im Ortszentrum k\u00f6nnen Sie die Pfarrkirche und den Kastenturm, eines der \u00e4ltesten Geb\u00e4ude im Pongau sehen. Das Ziel dieser Etappe ist das Besucherzentrum im Schanzengel\u00e4nde neben einem weiteren Highlight des Erzweges gelegen, der Paul-Au\u00dferleitner Skisprungschanze. Diese ist Austragungsort des Finales der j\u00e4hrlich stattfinden Vier-Schanzen-Tournee.<\/p>\n<\/div>\n\n\n\n<div class=\"wp-block-column is-layout-flow wp-block-column-is-layout-flow\" style=\"flex-basis:50%\">\n<div id=\"section-gd7fafa\" class=\"wp-block-gutentor-e6 section-gd7fafa gutentor-element gutentor-element-image\"><div class=\"gutentor-element-image-box\"><div class=\"gutentor-image-thumb\"><img decoding=\"async\" class=\"normal-image\" src=\"https:\/\/geopark.egpromotion.com\/wp-content\/uploads\/2023\/10\/IMG_3751-scaled.jpeg\"\/><\/div><\/div><\/div>\n<\/div>\n<\/div>\n\n\n\n<p> Im Besucherzentrum kann eine thematisch zum Erz der Alpen UNESCO Global Geopark passende Ausstellung bei freiem Eintritt besucht werden. \u00dcbernachtungsm\u00f6glichkeiten in Bischofshofen sind zum Beispiel der &#8220;Tirolerwirt&#8221;, der &#8220;Gasthof Sch\u00fctzenhof&#8221; oder das Hotel &#8220;Harry\u2019s Home&#8221;.&nbsp;In Bischofshofen findet w\u00f6chentlich am Freitag der Maximilians-Bauernmarkt im Stadtzentrum statt, wo heimische Spezialit\u00e4ten, Handwerkskunst und Obst und Gem\u00fcse in Bioqualit\u00e4t von Bauern aus Salzburg verkauft werden.&nbsp;&nbsp;<\/p>\n\n\n\n<p><strong>L\u00e4nge und Dauer der Etappe:&nbsp;<\/strong>&nbsp;Diese Etappe ist ca. 11 km lang mit einer Dauer von ca. 3 Stunden. <\/p>\n\n\n\n<p><br><br><br><\/p>\n\n\n\n<ol class=\"wp-block-list\" start=\"3\">\n<li style=\"font-size:28px\">Etappe: Vom Besucherzentrum nach M\u00fchlbach ins Arthurhaus&nbsp;<\/li>\n<\/ol>\n\n\n\n<div class=\"wp-block-columns is-layout-flex wp-container-core-columns-is-layout-9d6595d7 wp-block-columns-is-layout-flex\">\n<div class=\"wp-block-column is-layout-flow wp-block-column-is-layout-flow\" style=\"flex-basis:50%\">\n<div id=\"section-g5521d5\" class=\"wp-block-gutentor-e6 section-g5521d5 gutentor-element gutentor-element-image\"><div class=\"gutentor-element-image-box\"><div class=\"gutentor-image-thumb\"><img decoding=\"async\" class=\"normal-image\" src=\"https:\/\/geopark.egpromotion.com\/wp-content\/uploads\/2023\/10\/IMG_3299-scaled.jpeg\"\/><\/div><\/div><\/div>\n<\/div>\n\n\n\n<div class=\"wp-block-column is-layout-flow wp-block-column-is-layout-flow\" style=\"flex-basis:50%\">\n<p>Die dritte Etappe f\u00fchrt vom Besucherzentrum im Schanzengel\u00e4nde \u00fcber den Gainfeldwasserfall zur Burgruine Bachsfall. Wo nun nur mehr Ruinen zu sehen sind, lebten im 12. Jahrhundert die wohlhabenden Herren von Pongowe, welche den Salzhandel in Salzburg verwalteten. Erste Ansiedelungen f\u00fchren jedoch schon in pr\u00e4historische Zeiten (ca. 2.000 v. Chr.) zur\u00fcck. Der Erzweg f\u00fchrt weiter zum Gasthof Burglh\u00f6h, weiter \u00fcber den Knappensteig und vorbei am kalten Br\u00fcndl ins Arthurhaus nach M\u00fchlbach am Hochk\u00f6nig. Der Knappensteig, der auf den Mitterberg f\u00fchrt, ist ein ca. 10 km langer Forstweg, \u00fcber welchen die Bergknappen vom Erzdepot zur Arbeitsst\u00e4tte gelangten und das Material ohne starke Windungen einfach transportieren konnten. Im Arthurhaus hat man einen atemberaubenden Blick auf das Hochk\u00f6nigmassiv mit der Mandelwand.&nbsp;<\/p>\n<\/div>\n<\/div>\n\n\n\n<p>Besonders f\u00fcr Familien mit Kindern gibt es im Arthurhaus einen Streichelzoo und den 1,5 km langen Murmeltierweg, welcher auch mit einem Kinderwagen begehbar ist. Dort kann man aus n\u00e4chster N\u00e4he eine Kolonie von ca. 20 Murmeltieren in ihrem nat\u00fcrlichen Umfeld beobachten. Auch ein Aufstieg auf die Mitterfeldalm, welcher ca. 40 Minuten dauert, ist vom Arturhaus f\u00fcr Familien empfehlenswert. F\u00fcr erfahrene Bergwanderer ist die Mitterfeldalm die letzte M\u00f6glichkeit zum Einkehren vor dem Aufstieg auf den Hochk\u00f6nig (Aufstiegsdauer: ca. 5,5 Stunden). \u00dcbernachtungsm\u00f6glichkeiten bietet das Berghotel Arthurhaus direkt im Wandergebiet.&nbsp;&nbsp;<\/p>\n\n\n\n<p><strong>L\u00e4nge und Dauer der Etappe:<\/strong>&nbsp;Die dritte Etappe ist ca. 11 km lang. Die Wanderung dauert ca. 4 Stunden. <\/p>\n\n\n\n<div class=\"wp-block-columns is-layout-flex wp-container-core-columns-is-layout-9d6595d7 wp-block-columns-is-layout-flex\">\n<div class=\"wp-block-column is-layout-flow wp-block-column-is-layout-flow\" style=\"flex-basis:100%\">\n<p><br><br><br><\/p>\n<\/div>\n<\/div>\n\n\n\n<ol class=\"wp-block-list\" start=\"4\">\n<li style=\"font-size:28px\">Etappe: Arthurhaus ins Dorf nach M\u00fchlbach am Hochk\u00f6nig&nbsp;&nbsp;<\/li>\n<\/ol>\n\n\n\n<div class=\"wp-block-columns is-layout-flex wp-container-core-columns-is-layout-9d6595d7 wp-block-columns-is-layout-flex\">\n<div class=\"wp-block-column is-layout-flow wp-block-column-is-layout-flow\" style=\"flex-basis:50%\">\n<p>Die vierte Etappe des Erzweges f\u00fchrt vom Arthurhaus hinunter ins Dorf nach M\u00fchlbach. Bevor man den Abstieg beginnt, kann man das geschichtstr\u00e4chtige kalte Br\u00fcnndl besuchen. An dieser Stelle wurden nach ca. 2.000 Jahren die Kupfervorkommen wiederentdeckt und der Abbau von Kupfererzen im 19. Jahrhundert wieder aufgenommen. Vom Arthurhaus geht es durch die Barbaraschlucht und \u00fcber die alte Mitterbergerstra\u00dfe ins Dorf. Am Weg ins Tal passieren Sie ein Mundloch, das sogenannte Keltenloch, welches der Eingang eines bronzezeitlichen Stollens ist. Unweit davon entfernt befindet sich der Maria-Hilf Stollen, welcher der l\u00e4ngste Stollen des Mitterbergs ist. Dieser ist aus Sicherheitsgr\u00fcnden nicht mehr begehbar. Nach der L\u00e4rchenallee am Weg ins Dorf beginnt die Barbaraschlucht, welche man auf einem sch\u00f6n ausgebauten Weg durchwandern kann. Das Ziel dieser Etappe ist der Johannastollen und das Knappenheim, wo sich heute das Bergbau- und Heimatmuseum befindet. Hier kann die ca. 5.000 Jahre alte Bergbaugeschichte im Museum und auch bei einer F\u00fchrung im Schaustollen (Johanna Stollen) hautnah erlebt werden.&nbsp;&nbsp;<\/p>\n<\/div>\n\n\n\n<div class=\"wp-block-column is-layout-flow wp-block-column-is-layout-flow\" style=\"flex-basis:50%\">\n<div id=\"section-gf38107\" class=\"wp-block-gutentor-e6 section-gf38107 gutentor-element gutentor-element-image\"><div class=\"gutentor-element-image-box\"><div class=\"gutentor-image-thumb\"><img decoding=\"async\" class=\"normal-image\" src=\"https:\/\/geopark.egpromotion.com\/wp-content\/uploads\/2023\/10\/IMG_4740-scaled.jpeg\"\/><\/div><\/div><\/div>\n<\/div>\n<\/div>\n\n\n\n<p>M\u00fchlbach wird auch das &#8220;Bergdorf der Tiere&#8221; genannt und bietet auch den kleinen Besucher und Besucherinnen die M\u00f6glichkeit die Tierwelt der Alpen zu erleben. <\/p>\n\n\n\n<p><strong>L\u00e4nge und Dauer der Etappe:&nbsp;<\/strong>Dies ist eine leichtere Etappe mit einer L\u00e4nge von ca. 10 km. Die Dauer der Wanderung betr\u00e4gt ca. 3 Stunden. <\/p>\n\n\n\n<p><br><br><br><\/p>\n\n\n\n<ol class=\"wp-block-list\" start=\"5\">\n<li style=\"font-size:28px\">Etappe: Von M\u00fchlbach auf die Sonnenterrasse St. Veit&nbsp;&nbsp;<\/li>\n<\/ol>\n\n\n\n<div class=\"wp-block-columns is-layout-flex wp-container-core-columns-is-layout-9d6595d7 wp-block-columns-is-layout-flex\">\n<div class=\"wp-block-column is-layout-flow wp-block-column-is-layout-flow\" style=\"flex-basis:50%\">\n<div id=\"section-g546dbc\" class=\"wp-block-gutentor-e6 section-g546dbc gutentor-element gutentor-element-image\"><div class=\"gutentor-element-image-box\"><div class=\"gutentor-image-thumb\"><img decoding=\"async\" class=\"normal-image\" src=\"https:\/\/geopark.egpromotion.com\/wp-content\/uploads\/2023\/10\/1-Ruheoase-scaled.jpg\"\/><\/div><\/div><\/div>\n<\/div>\n\n\n\n<div class=\"wp-block-column is-layout-flow wp-block-column-is-layout-flow\" style=\"flex-basis:50%\">\n<p>Die f\u00fcnfte und letzte Etappe des Erzweges f\u00fchrt von M\u00fchlbach nach St.Veit im Pongau mit dem Ziel des Seelackenmuseums und dem Schaubergwerk Sunnpau. Von M\u00fchlbach am Hochk\u00f6nig aus geht es \u00fcber den Pauss Bauer zur Pronebenalm. Dort l\u00e4dt ein Ruheort mit einem unglaublichen Ausblick zum Verweilen ein, bevor man den Abstieg nach St. Veit beginnt. Der letzte Abschnitt dieser Etappe geht \u00fcber einen Forstweg nach St. Veit im Pongau, der Salzburger Sonnenterrasse. Im Dorf angekommen, k\u00f6nnen Sie am wundersch\u00f6nen Marktplatz eine Rast einlegen und in eines der Gastronomiebetriebe einkehren. Das Schaubergwerk Sunnpau ist zu Fu\u00df vom Ortszentrum St. Veit ca. eine Stunde entfernt. Der Weg f\u00fchrt vorbei an der Fadlstoa Kapelle zum Schaubergwerk.&nbsp;&nbsp;<\/p>\n<\/div>\n<\/div>\n\n\n\n<p>Im Schaubergwerk Sunnpau kann man 4.000 Jahre alte Bergbaugeschichte erleben. Spuren der urzeitlichen Anf\u00e4nge des Bergbaus mit Holzkeilen und Steinh\u00e4mmern bis hin zum neuzeitlichen Bergbau mit Schwarzpulver sind im Stollen zu betrachten. Von dort f\u00fchrt der Weg weiter ins Seelackenmuseum, wo der Erzweg endet. Das Seelackenmuseum bietet Exponate der Volkskultur, des Bergbaus, der Literatur und der Landwirtschaft.&nbsp;&nbsp;<\/p>\n\n\n\n<p><strong>L\u00e4nge und Dauer der Etappe:<\/strong> Diese Etappe ist ca. 16 km lang und erfordert eine angemessene Kondition.&nbsp;Die Dauer der Wanderung ist ca. 4-5 Stunden. <\/p>\n\n\n\n<p><br><br><\/p>","protected":false},"excerpt":{"rendered":"<p>54 spannende Wanderkilometer durch den Salzburger Pongau Der Erzweg verbindet die vier Geopark Gemeinden H\u00fcttau, Bischofshofen, M\u00fchlbach am Hochk\u00f6nig und St. Veit im Pongau \u00fcber eine Strecke von ca. 54 km. Dieser bildet das R\u00fcckgrat des Erz der Alpen UNESCO Global Geopark. Er f\u00fchrt vom Schaustollen Larzenbach zum Gemeindeamt H\u00fcttau, in dem sich das Mineralienmuseum befindet, \u00fcber die Klammalm auf [&hellip;]<\/p>","protected":false},"author":1,"featured_media":0,"parent":0,"menu_order":0,"comment_status":"closed","ping_status":"closed","template":"","meta":{"inline_featured_image":false,"_uag_custom_page_level_css":"","footnotes":""},"class_list":["post-238","page","type-page","status-publish","hentry"],"acf":[],"uagb_featured_image_src":{"full":false,"thumbnail":false,"medium":false,"medium_large":false,"large":false,"1536x1536":false,"2048x2048":false,"trp-custom-language-flag":false,"gutener-1920-550":false,"gutener-1370-550":false,"gutener-590-310":false,"gutener-420-380":false,"gutener-420-300":false,"gutener-420-200":false,"gutener-290-150":false,"gutener-80-60":false},"uagb_author_info":{"display_name":"j.pattermann@egpromotion.com","author_link":"https:\/\/geopark.egpromotion.com\/en\/author\/j-pattermann-egpromotion-com"},"uagb_comment_info":0,"uagb_excerpt":"54 spannende Wanderkilometer durch den Salzburger Pongau Der Erzweg verbindet die vier Geopark Gemeinden H\u00fcttau, Bischofshofen, M\u00fchlbach am Hochk\u00f6nig und St. Veit im Pongau \u00fcber eine Strecke von ca. 54 km. Dieser bildet das R\u00fcckgrat des Erz der Alpen UNESCO Global Geopark. Er f\u00fchrt vom Schaustollen Larzenbach zum Gemeindeamt H\u00fcttau, in dem sich das Mineralienmuseum&hellip;","mfb_rest_fields":["uagb_featured_image_src","uagb_author_info","uagb_comment_info","uagb_excerpt"],"_links":{"self":[{"href":"https:\/\/geopark.egpromotion.com\/en\/wp-json\/wp\/v2\/pages\/238","targetHints":{"allow":["GET"]}}],"collection":[{"href":"https:\/\/geopark.egpromotion.com\/en\/wp-json\/wp\/v2\/pages"}],"about":[{"href":"https:\/\/geopark.egpromotion.com\/en\/wp-json\/wp\/v2\/types\/page"}],"author":[{"embeddable":true,"href":"https:\/\/geopark.egpromotion.com\/en\/wp-json\/wp\/v2\/users\/1"}],"replies":[{"embeddable":true,"href":"https:\/\/geopark.egpromotion.com\/en\/wp-json\/wp\/v2\/comments?post=238"}],"version-history":[{"count":60,"href":"https:\/\/geopark.egpromotion.com\/en\/wp-json\/wp\/v2\/pages\/238\/revisions"}],"predecessor-version":[{"id":1620,"href":"https:\/\/geopark.egpromotion.com\/en\/wp-json\/wp\/v2\/pages\/238\/revisions\/1620"}],"wp:attachment":[{"href":"https:\/\/geopark.egpromotion.com\/en\/wp-json\/wp\/v2\/media?parent=238"}],"curies":[{"name":"wp","href":"https:\/\/api.w.org\/{rel}","templated":true}]}}