{"id":282,"date":"2023-07-11T09:15:52","date_gmt":"2023-07-11T07:15:52","guid":{"rendered":"https:\/\/geopark.egpromotion.com\/?page_id=282"},"modified":"2023-10-29T09:23:27","modified_gmt":"2023-10-29T08:23:27","slug":"aktivitaeten","status":"publish","type":"page","link":"https:\/\/geopark.egpromotion.com\/en\/aktivitaeten","title":{"rendered":"Aktivit\u00e4ten"},"content":{"rendered":"<p><br><strong>Vermittlung des einzigartigen geologischen Erbes<\/strong><br><\/p>\n\n\n\n<div class=\"wp-block-columns is-layout-flex wp-container-core-columns-is-layout-9d6595d7 wp-block-columns-is-layout-flex\">\n<div class=\"wp-block-column is-layout-flow wp-block-column-is-layout-flow\" style=\"flex-basis:50%\">\n<div id=\"section-g7896ea\" class=\"wp-block-gutentor-e6 section-g7896ea gutentor-element gutentor-element-image\"><div class=\"gutentor-element-image-box\"><div class=\"gutentor-image-thumb\"><img decoding=\"async\" class=\"normal-image\" src=\"https:\/\/geopark.egpromotion.com\/wp-content\/uploads\/2023\/07\/Partie3-scaled.jpg\"\/><\/div><\/div><\/div>\n<\/div>\n\n\n\n<div class=\"wp-block-column is-layout-flow wp-block-column-is-layout-flow\" style=\"flex-basis:50%\">\n<p><\/p>\n\n\n\n<p>Um zu vermitteln, welche Besonderheit der UNESCO Global Geopark Erz der Alpen ist, finden j\u00e4hrlich verschiedenste Veranstaltungen und Aktivit\u00e4ten statt. Die Wissensvermittlung steht dabei im Vordergrund, aber auch das Pr\u00e4sentieren der Einzigartigkeit und der Sch\u00f6nheit der Natur ist eine Aufgabe, die zugleich auch Auftrag ist.<\/p>\n\n\n\n<p>Neben den Museen, Schaubergwerken und den vielen Schautafeln (Geosites), tragen Vortr\u00e4ge von Experten, F\u00fchrungen und Aktivit\u00e4ten f\u00fcr Kinder und Jugendliche zur Bildung zu den Themen der Erdgeschichte, Geologie und Geschichte der Region bei. Stammtische mit Diskussionsrunden erg\u00e4nzen diese Aktivit\u00e4ten. &nbsp;<\/p>\n\n\n\n<p><\/p>\n\n\n\n<p><\/p>\n\n\n\n<p><\/p>\n\n\n\n<p><\/p>\n<\/div>\n<\/div>\n\n\n\n<p><br><br><strong>Kontakt<\/strong><\/p>\n\n\n\n<div class=\"wp-block-columns is-layout-flex wp-container-core-columns-is-layout-9d6595d7 wp-block-columns-is-layout-flex\">\n<div class=\"wp-block-column is-layout-flow wp-block-column-is-layout-flow\" style=\"flex-basis:50%\">\n<p><strong>Tourismusverband Bischofshofen<\/strong><br>Franz-Mohshammer-Platz 12<br>A-5500 Bischofshofen<br>info@bischofshofen.com<br>Tel.: +43 6462 2471<\/p>\n<\/div>\n\n\n\n<div class=\"wp-block-column is-layout-flow wp-block-column-is-layout-flow\" style=\"flex-basis:50%\">\n<p><strong>Verein Erz der Alpen<\/strong><\/p>\n\n\n\n<p>Franz-Mohshammer-Platz 12<br>A-5500 Bischofshofen<br>info@geopark-erzderalpen.at<\/p>\n<\/div>\n<\/div>\n\n\n\n<div class=\"wp-block-columns is-layout-flex wp-container-core-columns-is-layout-9d6595d7 wp-block-columns-is-layout-flex\"><\/div>\n\n\n\n<p><br><\/p>\n\n\n\n<p><\/p>","protected":false},"excerpt":{"rendered":"<p>Vermittlung des einzigartigen geologischen Erbes Um zu vermitteln, welche Besonderheit der UNESCO Global Geopark Erz der Alpen ist, finden j\u00e4hrlich verschiedenste Veranstaltungen und Aktivit\u00e4ten statt. Die Wissensvermittlung steht dabei im Vordergrund, aber auch das Pr\u00e4sentieren der Einzigartigkeit und der Sch\u00f6nheit der Natur ist eine Aufgabe, die zugleich auch Auftrag ist. Neben den Museen, Schaubergwerken und den vielen Schautafeln (Geosites), tragen [&hellip;]<\/p>","protected":false},"author":3,"featured_media":0,"parent":0,"menu_order":0,"comment_status":"closed","ping_status":"closed","template":"","meta":{"inline_featured_image":false,"_uag_custom_page_level_css":"","footnotes":""},"class_list":["post-282","page","type-page","status-publish","hentry"],"acf":[],"uagb_featured_image_src":{"full":false,"thumbnail":false,"medium":false,"medium_large":false,"large":false,"1536x1536":false,"2048x2048":false,"trp-custom-language-flag":false,"gutener-1920-550":false,"gutener-1370-550":false,"gutener-590-310":false,"gutener-420-380":false,"gutener-420-300":false,"gutener-420-200":false,"gutener-290-150":false,"gutener-80-60":false},"uagb_author_info":{"display_name":"r.gamsjaeger@egpromotion.com","author_link":"https:\/\/geopark.egpromotion.com\/en\/author\/r-gamsjaegeregpromotion-com"},"uagb_comment_info":0,"uagb_excerpt":"Vermittlung des einzigartigen geologischen Erbes Um zu vermitteln, welche Besonderheit der UNESCO Global Geopark Erz der Alpen ist, finden j\u00e4hrlich verschiedenste Veranstaltungen und Aktivit\u00e4ten statt. Die Wissensvermittlung steht dabei im Vordergrund, aber auch das Pr\u00e4sentieren der Einzigartigkeit und der Sch\u00f6nheit der Natur ist eine Aufgabe, die zugleich auch Auftrag ist. Neben den Museen, Schaubergwerken und&hellip;","mfb_rest_fields":["uagb_featured_image_src","uagb_author_info","uagb_comment_info","uagb_excerpt"],"_links":{"self":[{"href":"https:\/\/geopark.egpromotion.com\/en\/wp-json\/wp\/v2\/pages\/282","targetHints":{"allow":["GET"]}}],"collection":[{"href":"https:\/\/geopark.egpromotion.com\/en\/wp-json\/wp\/v2\/pages"}],"about":[{"href":"https:\/\/geopark.egpromotion.com\/en\/wp-json\/wp\/v2\/types\/page"}],"author":[{"embeddable":true,"href":"https:\/\/geopark.egpromotion.com\/en\/wp-json\/wp\/v2\/users\/3"}],"replies":[{"embeddable":true,"href":"https:\/\/geopark.egpromotion.com\/en\/wp-json\/wp\/v2\/comments?post=282"}],"version-history":[{"count":27,"href":"https:\/\/geopark.egpromotion.com\/en\/wp-json\/wp\/v2\/pages\/282\/revisions"}],"predecessor-version":[{"id":1680,"href":"https:\/\/geopark.egpromotion.com\/en\/wp-json\/wp\/v2\/pages\/282\/revisions\/1680"}],"wp:attachment":[{"href":"https:\/\/geopark.egpromotion.com\/en\/wp-json\/wp\/v2\/media?parent=282"}],"curies":[{"name":"wp","href":"https:\/\/api.w.org\/{rel}","templated":true}]}}