{"id":283,"date":"2023-07-11T09:15:52","date_gmt":"2023-07-11T07:15:52","guid":{"rendered":"https:\/\/geopark.egpromotion.com\/?page_id=283"},"modified":"2023-10-18T09:41:51","modified_gmt":"2023-10-18T07:41:51","slug":"info-service","status":"publish","type":"page","link":"https:\/\/geopark.egpromotion.com\/en\/info-service","title":{"rendered":"Info &#038; Service"},"content":{"rendered":"<p><br><br><\/p>\n\n\n\n<p style=\"font-size:18px\"><strong>Anreise <\/strong><\/p>\n\n\n\n<div class=\"wp-block-columns is-layout-flex wp-container-core-columns-is-layout-9d6595d7 wp-block-columns-is-layout-flex\">\n<div class=\"wp-block-column is-layout-flow wp-block-column-is-layout-flow\" style=\"flex-basis:50%\">\n<div id=\"section-g905533\" class=\"wp-block-gutentor-e6 section-g905533 gutentor-element gutentor-element-image\"><div class=\"gutentor-element-image-box\"><div class=\"gutentor-image-thumb\"><img decoding=\"async\" class=\"normal-image\" src=\"https:\/\/geopark.egpromotion.com\/wp-content\/uploads\/2023\/10\/Anreise.jpg\"\/><\/div><\/div><\/div>\n<\/div>\n\n\n\n<div class=\"wp-block-column is-layout-flow wp-block-column-is-layout-flow\" style=\"flex-basis:50%\">\n<p>Der Erz der Alpen UNESCO Global Geopark befindet sich im Pongau ca. 50 km s\u00fcdlich der Stadt Salzburg in \u00d6sterreich. <\/p>\n\n\n\n<p>Der Verein Erz der Alpen ist der Tr\u00e4gerverein des Erz der Alpen UNESCO Global Geopark. <\/p>\n<\/div>\n<\/div>\n\n\n\n<p><br><br><\/p>\n\n\n\n<div class=\"wp-block-columns is-layout-flex wp-container-core-columns-is-layout-9d6595d7 wp-block-columns-is-layout-flex\">\n<div class=\"wp-block-column is-layout-flow wp-block-column-is-layout-flow\" style=\"flex-basis:50%\">\n<p style=\"font-size:18px\"><strong>Kontakt<\/strong><\/p>\n<\/div>\n\n\n\n<div class=\"wp-block-column is-layout-flow wp-block-column-is-layout-flow\" style=\"flex-basis:50%\"><\/div>\n<\/div>\n\n\n\n<div class=\"wp-block-columns is-layout-flex wp-container-core-columns-is-layout-9d6595d7 wp-block-columns-is-layout-flex\">\n<div class=\"wp-block-column is-layout-flow wp-block-column-is-layout-flow\" style=\"flex-basis:50%\">\n<p><strong>Tourismusverband Bischofshofen <\/strong><br>Franz-Mohshammer-Platz 12<br>5500 Bischofshofen<\/p>\n\n\n\n<p>E-Mail: <a href=\"mailto:info@bischofshofen.com\"><mark style=\"background-color:rgba(0, 0, 0, 0)\" class=\"has-inline-color has-black-color\">info@bischofshofen.com<\/mark><\/a><br>Telefon-Nr.: +43 6462 2471<\/p>\n<\/div>\n\n\n\n<div class=\"wp-block-column is-layout-flow wp-block-column-is-layout-flow\" style=\"flex-basis:50%\">\n<p><strong>Verein Erz der Alpen <\/strong><br>Franz-Mohshammer-Platz 12<br>5500 Bischofshofen<\/p>\n\n\n\n<p>E-mail: <a rel=\"noreferrer noopener\" href=\"mailto:info@geopark-erzderalpen.at\" target=\"_blank\"><mark style=\"background-color:rgba(0, 0, 0, 0)\" class=\"has-inline-color has-black-color\">info@geopark-erzderalpen.at<\/mark><\/a><\/p>\n<\/div>\n<\/div>","protected":false},"excerpt":{"rendered":"<p>Anreise Der Erz der Alpen UNESCO Global Geopark befindet sich im Pongau ca. 50 km s\u00fcdlich der Stadt Salzburg in \u00d6sterreich. Der Verein Erz der Alpen ist der Tr\u00e4gerverein des Erz der Alpen UNESCO Global Geopark. Kontakt Tourismusverband Bischofshofen Franz-Mohshammer-Platz 125500 Bischofshofen E-Mail: info@bischofshofen.comTelefon-Nr.: +43 6462 2471 Verein Erz der Alpen Franz-Mohshammer-Platz 125500 Bischofshofen E-mail: info@geopark-erzderalpen.at<\/p>","protected":false},"author":3,"featured_media":0,"parent":0,"menu_order":0,"comment_status":"closed","ping_status":"closed","template":"","meta":{"inline_featured_image":false,"_uag_custom_page_level_css":"","footnotes":""},"class_list":["post-283","page","type-page","status-publish","hentry"],"acf":[],"uagb_featured_image_src":{"full":false,"thumbnail":false,"medium":false,"medium_large":false,"large":false,"1536x1536":false,"2048x2048":false,"trp-custom-language-flag":false,"gutener-1920-550":false,"gutener-1370-550":false,"gutener-590-310":false,"gutener-420-380":false,"gutener-420-300":false,"gutener-420-200":false,"gutener-290-150":false,"gutener-80-60":false},"uagb_author_info":{"display_name":"r.gamsjaeger@egpromotion.com","author_link":"https:\/\/geopark.egpromotion.com\/en\/author\/r-gamsjaegeregpromotion-com"},"uagb_comment_info":0,"uagb_excerpt":"Anreise Der Erz der Alpen UNESCO Global Geopark befindet sich im Pongau ca. 50 km s\u00fcdlich der Stadt Salzburg in \u00d6sterreich. Der Verein Erz der Alpen ist der Tr\u00e4gerverein des Erz der Alpen UNESCO Global Geopark. Kontakt Tourismusverband Bischofshofen Franz-Mohshammer-Platz 125500 Bischofshofen E-Mail: info@bischofshofen.comTelefon-Nr.: +43 6462 2471 Verein Erz der Alpen Franz-Mohshammer-Platz 125500 Bischofshofen E-mail:&hellip;","mfb_rest_fields":["uagb_featured_image_src","uagb_author_info","uagb_comment_info","uagb_excerpt"],"_links":{"self":[{"href":"https:\/\/geopark.egpromotion.com\/en\/wp-json\/wp\/v2\/pages\/283","targetHints":{"allow":["GET"]}}],"collection":[{"href":"https:\/\/geopark.egpromotion.com\/en\/wp-json\/wp\/v2\/pages"}],"about":[{"href":"https:\/\/geopark.egpromotion.com\/en\/wp-json\/wp\/v2\/types\/page"}],"author":[{"embeddable":true,"href":"https:\/\/geopark.egpromotion.com\/en\/wp-json\/wp\/v2\/users\/3"}],"replies":[{"embeddable":true,"href":"https:\/\/geopark.egpromotion.com\/en\/wp-json\/wp\/v2\/comments?post=283"}],"version-history":[{"count":9,"href":"https:\/\/geopark.egpromotion.com\/en\/wp-json\/wp\/v2\/pages\/283\/revisions"}],"predecessor-version":[{"id":1592,"href":"https:\/\/geopark.egpromotion.com\/en\/wp-json\/wp\/v2\/pages\/283\/revisions\/1592"}],"wp:attachment":[{"href":"https:\/\/geopark.egpromotion.com\/en\/wp-json\/wp\/v2\/media?parent=283"}],"curies":[{"name":"wp","href":"https:\/\/api.w.org\/{rel}","templated":true}]}}