{"id":285,"date":"2023-07-11T09:15:52","date_gmt":"2023-07-11T07:15:52","guid":{"rendered":"https:\/\/geopark.egpromotion.com\/?page_id=285"},"modified":"2023-10-18T09:34:48","modified_gmt":"2023-10-18T07:34:48","slug":"museen","status":"publish","type":"page","link":"https:\/\/geopark.egpromotion.com\/en\/museen","title":{"rendered":"Museen"},"content":{"rendered":"<div id=\"section-gac797b\" class=\"wp-block-gutentor-e0 section-gac797b gutentor-element gutentor-element-advanced-text\"><div class=\"gutentor-text-wrap\"><p class=\"gutentor-text\"><br><\/p><\/div><\/div>\n\n\n\n<div id=\"section-ga37743\" class=\"wp-block-gutentor-e0 section-ga37743 gutentor-element gutentor-element-advanced-text\"><div class=\"gutentor-text-wrap\"><p class=\"gutentor-text\">Im Erz der Alpen UNESCO Global Geopark befinden sich mehrere sehenswerte Museen, die uns 6000 Jahre Geschichte \u201eim Innergebirg\u201c n\u00e4herbringen. Die Lebensweise der Bev\u00f6lkerung der vergangenen Jahrhunderte, der Bergbau, die Mineralien, das Brauchtum und die Kultur werden ebenso dargestellt, wie man Einblicke in das Leben bekannter Menschen, wie dem Literaten Thomas Bernhard, erh\u00e4lt.&nbsp;&nbsp;<\/p><\/div><\/div>\n\n\n\n<div id=\"section-g099bec\" class=\"wp-block-gutentor-e0 section-g099bec gutentor-element gutentor-element-advanced-text\"><div class=\"gutentor-text-wrap\"><p class=\"gutentor-text\"><br><br><\/p><\/div><\/div>\n\n\n\n<div id=\"section-g451a2b\" class=\"wp-block-gutentor-e0 section-g451a2b gutentor-element gutentor-element-advanced-text\"><div class=\"gutentor-text-wrap\"><p class=\"gutentor-text\"><strong>Museum &#8220;Erze, Gold und Mineralien&#8221; in H\u00fcttau <\/strong><\/p><\/div><\/div>\n\n\n\n<div id=\"section-g4d464c\" class=\"wp-block-gutentor-e0 section-g4d464c gutentor-element gutentor-element-advanced-text\"><div class=\"gutentor-text-wrap\"><p class=\"gutentor-text\"><\/p><\/div><\/div>\n\n\n\n<div class=\"wp-block-columns is-layout-flex wp-container-core-columns-is-layout-9d6595d7 wp-block-columns-is-layout-flex\">\n<div class=\"wp-block-column is-layout-flow wp-block-column-is-layout-flow\" style=\"flex-basis:100%\">\n<div class=\"wp-block-group\"><div class=\"wp-block-group__inner-container is-layout-constrained wp-block-group-is-layout-constrained\">\n<div class=\"wp-block-group\"><div class=\"wp-block-group__inner-container is-layout-constrained wp-block-group-is-layout-constrained\">\n<div class=\"wp-block-columns is-layout-flex wp-container-core-columns-is-layout-9d6595d7 wp-block-columns-is-layout-flex\">\n<div class=\"wp-block-column is-layout-flow wp-block-column-is-layout-flow\" style=\"flex-basis:33.33%\">\n<div id=\"section-gae9c09\" class=\"wp-block-gutentor-e6 section-gae9c09 gutentor-element gutentor-element-image\"><div class=\"gutentor-element-image-box\"><div class=\"gutentor-image-thumb\"><img decoding=\"async\" class=\"normal-image\" src=\"https:\/\/geopark.egpromotion.com\/wp-content\/uploads\/2023\/08\/IMG_3596.jpeg\"\/><\/div><\/div><\/div>\n<\/div>\n\n\n\n<div class=\"wp-block-column is-layout-flow wp-block-column-is-layout-flow\" style=\"flex-basis:33.33%\">\n<div id=\"section-gc86da1\" class=\"wp-block-gutentor-e0 section-gc86da1 gutentor-element gutentor-element-advanced-text\"><div class=\"gutentor-text-wrap\"><p class=\"gutentor-text\">Sie geh\u00f6ren zusammen: Das Schaubergwerk Larzenbach und das <a href=\"https:\/\/www.kupferzeche.at\/museum\/index.htm%22\/t-%22_blank\"><mark style=\"background-color:rgba(0, 0, 0, 0)\" class=\"has-inline-color has-black-color\"><strong>Museum &#8220;Erze, Gold und Mineralien\u201c<\/strong><\/mark><\/a> in H\u00fcttau, untergebracht im ehemaligen Gewerbebaus im Ortszentrum. Das war das Haus der ehemaligen Betreiber der Kupferzeche aus dem Jahr 1594. Das Museum beherbergt eine gro\u00dfe Schausammlung, zusammengestellt vom ehemaligen Bergmann Rainer Mrazek. <br><\/p><\/div><\/div>\n<\/div>\n\n\n\n<div class=\"wp-block-column is-layout-flow wp-block-column-is-layout-flow\" style=\"flex-basis:33.33%\">\n<div id=\"section-g8492d0\" class=\"wp-block-gutentor-e0 section-g8492d0 gutentor-element gutentor-element-advanced-text\"><div class=\"gutentor-text-wrap\"><p class=\"gutentor-text\">Als jahrzehntelanger\u202fMineraliensammler und Idealist war er Begr\u00fcnder des Museums und\u202fauch die treibende Kraft zur seinerzeitigen Wiedergew\u00e4ltigung (Wiederherstellung) und Er\u00f6ffnung\u202fder Kupferzeche als Schaubergwerk.<\/p><\/div><\/div>\n<\/div>\n<\/div>\n<\/div><\/div>\n\n\n\n<div id=\"section-g25fd87\" class=\"wp-block-gutentor-e0 section-g25fd87 gutentor-element gutentor-element-advanced-text\"><div class=\"gutentor-text-wrap\"><p class=\"gutentor-text\"><strong>Weitere Informationen zu den \u00d6ffnungszeiten und Preisen finden Sie hier: <a href=\"https:\/\/www.kupferzeche.at\/oeffnungszeiten-und-preise\">&#8220;Museum Erze, Gold und Mineralien&#8221; <\/a><\/strong><\/p><\/div><\/div>\n\n\n\n<div id=\"section-g4ac3bf\" class=\"wp-block-gutentor-e1 alignwide section-g4ac3bf gutentor-element gutentor-element-advanced-text\"><div class=\"gutentor-text-wrap\"><p class=\"gutentor-text\"><br><br><br><\/p><\/div><\/div>\n\n\n\n<div id=\"section-gd7ccd5\" class=\"wp-block-gutentor-e0 section-gd7ccd5 gutentor-element gutentor-element-advanced-text\"><div class=\"gutentor-text-wrap\"><p class=\"gutentor-text\"><strong>Bergbaumuseum in M\u00fchlbach am Hochk\u00f6nig<\/strong><\/p><\/div><\/div>\n\n\n\n<div id=\"section-gb73b95\" class=\"wp-block-gutentor-e0 section-gb73b95 gutentor-element gutentor-element-advanced-text\"><div class=\"gutentor-text-wrap\"><p class=\"gutentor-text\"><\/p><\/div><\/div>\n\n\n\n<div class=\"wp-block-group\"><div class=\"wp-block-group__inner-container is-layout-constrained wp-block-group-is-layout-constrained\">\n<div class=\"wp-block-columns is-layout-flex wp-container-core-columns-is-layout-9d6595d7 wp-block-columns-is-layout-flex\">\n<div class=\"wp-block-column is-layout-flow wp-block-column-is-layout-flow\" style=\"flex-basis:33.33%\">\n<div id=\"section-g7354f0\" class=\"wp-block-gutentor-e0 section-g7354f0 gutentor-element gutentor-element-advanced-text\"><div class=\"gutentor-text-wrap\"><p class=\"gutentor-text\">Das<a href=\"https:\/\/www.museum-hochkoenig.com\">\u202f<strong>Bergbaumuseum<\/strong><\/a> in M\u00fchlbach\u202fist im\u202fehemaligen Knappenheim\u202funtergebracht. Der Ausstellungsraum beherbergt Informationen \u00fcber Montantechnik und \u2013geschichte. Pr\u00e4sentiert werden Exponate, welche einen Zeitraum von 4.000 Jahren Bergbaugeschichte repr\u00e4sentieren. Ein weiterer Raum ist ausschlie\u00dflich der Geologie und der Mineralogie gewidmet. Neben geologischen Informationstafeln sind Mineralien vor allem aus dem Mitterberger Bergbaurevier zu sehen. <\/p><\/div><\/div>\n<\/div>\n\n\n\n<div class=\"wp-block-column is-layout-flow wp-block-column-is-layout-flow\" style=\"flex-basis:33.33%\">\n<div id=\"section-g5f3a21\" class=\"wp-block-gutentor-e0 section-g5f3a21 gutentor-element gutentor-element-advanced-text\"><div class=\"gutentor-text-wrap\"><p class=\"gutentor-text\">Gro\u00dfexponate zum Angreifen sowie gesichertes uranhaltiges Gestein mit Geigerz\u00e4hlrohr, runden das Angebot ab. Aber auch die Sozialgeschichte der hier lebenden Menschen wird pr\u00e4sentiert \u2013 so auch die Entwicklung der Skigeschichte rund um &#8220;Bubi Bradl&#8221; und der Musikkapellen von M\u00fchlbach am Hochk\u00f6nig.&nbsp;<\/p><\/div><\/div>\n<\/div>\n\n\n\n<div class=\"wp-block-column is-layout-flow wp-block-column-is-layout-flow\" style=\"flex-basis:33.33%\">\n<div id=\"section-gb646d7\" class=\"wp-block-gutentor-e6 section-gb646d7 gutentor-element gutentor-element-image\"><div class=\"gutentor-element-image-box\"><div class=\"gutentor-image-thumb\"><img decoding=\"async\" class=\"normal-image\" src=\"https:\/\/geopark.egpromotion.com\/wp-content\/uploads\/2023\/09\/MM-1-Bergbaumuseum.jpg\"\/><\/div><\/div><\/div>\n<\/div>\n<\/div>\n<\/div><\/div>\n\n\n\n<div id=\"section-g416f98\" class=\"wp-block-gutentor-e1 alignwide section-g416f98 gutentor-element gutentor-element-advanced-text\"><div class=\"gutentor-text-wrap\"><p class=\"gutentor-text\"><strong>Weitere Informationen zu den \u00d6ffnungszeiten und Preisen finden Sie hier: <a href=\"https:\/\/www.museum-hochkoenig.com\/kopie-von-preise-oeffnungszeiten-au\">&#8220;Bergbaumuseum M\u00fchlbach&#8221; <\/a><\/strong><\/p><\/div><\/div>\n\n\n\n<div id=\"section-g7c08da\" class=\"wp-block-gutentor-e1 alignwide section-g7c08da gutentor-element gutentor-element-advanced-text\"><div class=\"gutentor-text-wrap\"><p class=\"gutentor-text\"><br><br><br><\/p><\/div><\/div>\n\n\n\n<div id=\"section-g782b42\" class=\"wp-block-gutentor-e0 section-g782b42 gutentor-element gutentor-element-advanced-text\"><div class=\"gutentor-text-wrap\"><p class=\"gutentor-text\"><strong>Seelackenmuseum in St. Veit im Pongau<\/strong><\/p><\/div><\/div>\n\n\n\n<div id=\"section-g617d98\" class=\"wp-block-gutentor-e0 section-g617d98 gutentor-element gutentor-element-advanced-text\"><div class=\"gutentor-text-wrap\"><p class=\"gutentor-text\"><\/p><\/div><\/div>\n\n\n\n<div class=\"wp-block-group\"><div class=\"wp-block-group__inner-container is-layout-constrained wp-block-group-is-layout-constrained\">\n<div class=\"wp-block-columns is-layout-flex wp-container-core-columns-is-layout-9d6595d7 wp-block-columns-is-layout-flex\">\n<div class=\"wp-block-column is-layout-flow wp-block-column-is-layout-flow\" style=\"flex-basis:33.33%\">\n<div id=\"section-g1e2411\" class=\"wp-block-gutentor-e6 section-g1e2411 gutentor-element gutentor-element-image\"><div class=\"gutentor-element-image-box\"><div class=\"gutentor-image-thumb\"><img decoding=\"async\" class=\"normal-image\" src=\"https:\/\/geopark.egpromotion.com\/wp-content\/uploads\/2023\/10\/IMG_5944-scaled.jpeg\"\/><\/div><\/div><\/div>\n<\/div>\n\n\n\n<div class=\"wp-block-column is-layout-flow wp-block-column-is-layout-flow\" style=\"flex-basis:33.33%\">\n<div id=\"section-g024980\" class=\"wp-block-gutentor-e0 section-g024980 gutentor-element gutentor-element-advanced-text\"><div class=\"gutentor-text-wrap\"><p class=\"gutentor-text\">Das <a href=\"https:\/\/www.museumsverein-stveit.com\/seelackenmuseum\"><strong>Seelackenmuseum<\/strong><\/a> in St. Veit im Pongau ist im ehemaligen Wallnerbauernhaus untergebracht. Das 1738 erbaute Wallnerbauernhaus aus Schwarzach wurde 1988 abgetragen und originalgetreu am jetzigen Standort wiederaufgebaut. Nunmehr wird es als Museum, als Begegnungs- und Veranstaltungsort genutzt. Zusammen mit Troadkasten, Backofen, und einem Schulgarten ergibt sich ein sehenswertes Ensemble.&nbsp;<\/p><\/div><\/div>\n<\/div>\n\n\n\n<div class=\"wp-block-column is-layout-flow wp-block-column-is-layout-flow\" style=\"flex-basis:33.33%\">\n<div id=\"section-gf8a692\" class=\"wp-block-gutentor-e0 section-gf8a692 gutentor-element gutentor-element-advanced-text\"><div class=\"gutentor-text-wrap\"><p class=\"gutentor-text\">Schwerpunkte der Ausstellung sind die Volkskultur (Veranstaltungen), Bergbau und Arch\u00e4ologie, Literatur (Thomas Bernhard), Landwirtschaft und immer wieder wechselnde Sonderausstellungen. In der Ausstellung zum Bergbau werden die verschiedenen Abbaumethoden und Fundst\u00fccke aus Bergwerken vorgestellt.&nbsp;&nbsp;<\/p><\/div><\/div>\n<\/div>\n<\/div>\n<\/div><\/div>\n<\/div><\/div>\n<\/div>\n<\/div>\n\n\n\n<div id=\"section-g1a54eb\" class=\"wp-block-gutentor-e0 section-g1a54eb gutentor-element gutentor-element-advanced-text\"><div class=\"gutentor-text-wrap\"><p class=\"gutentor-text\"><strong>Weitere Informationen zu den \u00d6ffnungszeiten und Preisen finden Sie hier: <a href=\"https:\/\/www.museumsverein-stveit.com\/besucherinfomuseum\">&#8220;Seelackenmuseum&#8221;<\/a><\/strong><\/p><\/div><\/div>\n\n\n\n<div id=\"section-g81c92a\" class=\"wp-block-gutentor-e0 section-g81c92a gutentor-element gutentor-element-advanced-text\"><div class=\"gutentor-text-wrap\"><p class=\"gutentor-text\"><br><br><br><\/p><\/div><\/div>\n\n\n\n<div class=\"wp-block-group\"><div class=\"wp-block-group__inner-container is-layout-constrained wp-block-group-is-layout-constrained\">\n<div class=\"wp-block-columns is-layout-flex wp-container-core-columns-is-layout-9d6595d7 wp-block-columns-is-layout-flex\">\n<div class=\"wp-block-column is-layout-flow wp-block-column-is-layout-flow\" style=\"flex-basis:100%\"><\/div>\n<\/div>\n<\/div><\/div>","protected":false},"excerpt":{"rendered":"","protected":false},"author":3,"featured_media":0,"parent":0,"menu_order":0,"comment_status":"closed","ping_status":"closed","template":"","meta":{"inline_featured_image":false,"_uag_custom_page_level_css":"","footnotes":""},"class_list":["post-285","page","type-page","status-publish","hentry"],"acf":[],"uagb_featured_image_src":{"full":false,"thumbnail":false,"medium":false,"medium_large":false,"large":false,"1536x1536":false,"2048x2048":false,"trp-custom-language-flag":false,"gutener-1920-550":false,"gutener-1370-550":false,"gutener-590-310":false,"gutener-420-380":false,"gutener-420-300":false,"gutener-420-200":false,"gutener-290-150":false,"gutener-80-60":false},"uagb_author_info":{"display_name":"r.gamsjaeger@egpromotion.com","author_link":"https:\/\/geopark.egpromotion.com\/en\/author\/r-gamsjaegeregpromotion-com"},"uagb_comment_info":0,"uagb_excerpt":null,"mfb_rest_fields":["uagb_featured_image_src","uagb_author_info","uagb_comment_info","uagb_excerpt"],"_links":{"self":[{"href":"https:\/\/geopark.egpromotion.com\/en\/wp-json\/wp\/v2\/pages\/285","targetHints":{"allow":["GET"]}}],"collection":[{"href":"https:\/\/geopark.egpromotion.com\/en\/wp-json\/wp\/v2\/pages"}],"about":[{"href":"https:\/\/geopark.egpromotion.com\/en\/wp-json\/wp\/v2\/types\/page"}],"author":[{"embeddable":true,"href":"https:\/\/geopark.egpromotion.com\/en\/wp-json\/wp\/v2\/users\/3"}],"replies":[{"embeddable":true,"href":"https:\/\/geopark.egpromotion.com\/en\/wp-json\/wp\/v2\/comments?post=285"}],"version-history":[{"count":47,"href":"https:\/\/geopark.egpromotion.com\/en\/wp-json\/wp\/v2\/pages\/285\/revisions"}],"predecessor-version":[{"id":1655,"href":"https:\/\/geopark.egpromotion.com\/en\/wp-json\/wp\/v2\/pages\/285\/revisions\/1655"}],"wp:attachment":[{"href":"https:\/\/geopark.egpromotion.com\/en\/wp-json\/wp\/v2\/media?parent=285"}],"curies":[{"name":"wp","href":"https:\/\/api.w.org\/{rel}","templated":true}]}}