{"id":286,"date":"2023-07-11T09:15:52","date_gmt":"2023-07-11T07:15:52","guid":{"rendered":"https:\/\/geopark.egpromotion.com\/?page_id=286"},"modified":"2023-10-10T20:03:00","modified_gmt":"2023-10-10T18:03:00","slug":"bergwerke","status":"publish","type":"page","link":"https:\/\/geopark.egpromotion.com\/en\/bergwerke","title":{"rendered":"Bergwerke"},"content":{"rendered":"<div id=\"section-g002cf4\" class=\"wp-block-gutentor-e0 section-g002cf4 gutentor-element gutentor-element-advanced-text\"><div class=\"gutentor-text-wrap\"><p class=\"gutentor-text\"><br><br><\/p><\/div><\/div>\n\n\n\n<div class=\"wp-block-columns is-layout-flex wp-container-core-columns-is-layout-9d6595d7 wp-block-columns-is-layout-flex\">\n<div class=\"wp-block-column is-vertically-aligned-center is-layout-flow wp-block-column-is-layout-flow\" style=\"flex-basis:33.34%\">\n<div id=\"section-g33b0d1\" class=\"wp-block-gutentor-e0 section-g33b0d1 gutentor-element gutentor-element-advanced-text\"><div class=\"gutentor-text-wrap\"><p class=\"gutentor-text\">Die Schaubergwerke, Besucherstollen, Schurfbaue und &#8220;L\u00f6cher&#8221; in den Geoparkgemeinden H\u00fcttau, M\u00fchlbach am Hochk\u00f6nig und St. Veit im Pongau sind H\u00f6hepunkte f\u00fcr alle Besucher und Besucherinnen. Hier tauchen Sie ein in die mystische &#8220;Welt der Dunkelheit\u201c und zugleich in die faszinierende &#8220;Welt der bunten Erze\u201c.\u00a0<\/p><\/div><\/div>\n<\/div>\n\n\n\n<div class=\"wp-block-column is-vertically-aligned-center is-layout-flow wp-block-column-is-layout-flow\" style=\"flex-basis:33.33%\">\n<p>In der Gemeinde H\u00fcttau k\u00f6nnen Sie die Kupferzeche Larzenbach, in M\u00fchlbach am Hochk\u00f6nig den Johanna Stollen und in St. Veit im Pongau das Schaubergwerk Sunnpau besuchen. <\/p>\n<\/div>\n\n\n\n<div class=\"wp-block-column is-layout-flow wp-block-column-is-layout-flow\" style=\"flex-basis:33.34%\">\n<div id=\"section-gff0444\" class=\"wp-block-gutentor-e6 section-gff0444 gutentor-element gutentor-element-image\"><div class=\"gutentor-element-image-box\"><div class=\"gutentor-image-thumb\"><img decoding=\"async\" class=\"normal-image\" src=\"https:\/\/geopark.egpromotion.com\/wp-content\/uploads\/2023\/10\/IMG_4621-scaled.jpeg\"\/><\/div><\/div><\/div>\n<\/div>\n<\/div>\n\n\n\n<div id=\"section-g68c82d\" class=\"wp-block-gutentor-e0 section-g68c82d gutentor-element gutentor-element-advanced-text\"><div class=\"gutentor-text-wrap\"><p class=\"gutentor-text\"><br><br><\/p><\/div><\/div>\n\n\n\n<div id=\"section-g0f966d\" class=\"wp-block-gutentor-e0 section-g0f966d gutentor-element gutentor-element-advanced-text\"><div class=\"gutentor-text-wrap\"><p class=\"gutentor-text\"><strong>Schaubergwerk Larzenbach in H\u00fcttau <\/strong><br><br><\/p><\/div><\/div>\n\n\n\n<div class=\"wp-block-columns is-layout-flex wp-container-core-columns-is-layout-9d6595d7 wp-block-columns-is-layout-flex\">\n<div class=\"wp-block-column is-layout-flow wp-block-column-is-layout-flow\" style=\"flex-basis:33.34%\">\n<div class=\"wp-block-group\"><div class=\"wp-block-group__inner-container is-layout-constrained wp-block-group-is-layout-constrained\">\n<div id=\"section-g7044d7\" class=\"wp-block-gutentor-e6 section-g7044d7 gutentor-element gutentor-element-image\"><div class=\"gutentor-element-image-box\"><div class=\"gutentor-image-thumb\"><img decoding=\"async\" class=\"normal-image\" src=\"https:\/\/geopark.egpromotion.com\/wp-content\/uploads\/2023\/09\/IMG_3676-scaled.jpeg\"\/><\/div><\/div><\/div>\n<\/div><\/div>\n<\/div>\n\n\n\n<div class=\"wp-block-column is-vertically-aligned-center is-layout-flow wp-block-column-is-layout-flow\" style=\"flex-basis:33.34%\">\n<p>Man wandert treppauf, treppab durch das \u00fcber die Jahrhunderte m\u00fchevoll entstandene <a href=\"https:\/\/www.kupferzeche.at\"><mark style=\"background-color:rgba(0, 0, 0, 0)\" class=\"has-inline-color has-black-color\"><strong>Bergwerk Larzenbach<\/strong><\/mark><\/a> in H\u00fcttau und taucht ein in die faszinierende mittelalterliche Arbeitswelt der Bergknappen.&nbsp;\u00d6sterreichs sch\u00f6nster Kupfererzgang und die Farbenpracht der Mineralien sind die H\u00f6hepunkte der F\u00fchrung durch unser Schaubergwerk. <\/p>\n<\/div>\n\n\n\n<div class=\"wp-block-column is-vertically-aligned-center is-layout-flow wp-block-column-is-layout-flow\" style=\"flex-basis:33.33%\">\n<p>Bei konstanten 7-8\u00b0C im Bergwerk empfehlen sich dringend warme Kleidung und festes Schuhwerk. Die Besichtigungen finden stets in Begleitung eines F\u00fchrers\/einer F\u00fchrerin statt und dauern etwa eine Stunde.&nbsp;Um den Besuch im Schaubergwerk abzurunden, empfiehlt sich eine Besichtigung des Museum &#8220;Erze, Gold und Minerale&#8221;. <\/p>\n<\/div>\n<\/div>\n\n\n\n<div id=\"section-g1648a1\" class=\"wp-block-gutentor-e0 section-g1648a1 gutentor-element gutentor-element-advanced-text\"><div class=\"gutentor-text-wrap\"><p class=\"gutentor-text\"><a href=\"https:\/\/www.kupferzeche.at\/oeffnungszeiten-und-preise\"><strong>Hier geht\u2019s zu den \u00d6ffnungszeiten und Preisen<\/strong><\/a><\/p><\/div><\/div>\n\n\n\n<div id=\"section-g7a7289\" class=\"wp-block-gutentor-e0 section-g7a7289 gutentor-element gutentor-element-advanced-text\"><div class=\"gutentor-text-wrap\"><p class=\"gutentor-text\"><br><br><\/p><\/div><\/div>\n\n\n\n<div id=\"section-g3bf9e1\" class=\"wp-block-gutentor-e0 section-g3bf9e1 gutentor-element gutentor-element-advanced-text\"><div class=\"gutentor-text-wrap\"><p class=\"gutentor-text\"><strong>Schaustollen M\u00fchlbach am Hochk\u00f6nig <\/strong><br><br><\/p><\/div><\/div>\n\n\n\n<div class=\"wp-block-columns is-layout-flex wp-container-core-columns-is-layout-9d6595d7 wp-block-columns-is-layout-flex\">\n<div class=\"wp-block-column is-vertically-aligned-center is-layout-flow wp-block-column-is-layout-flow\" style=\"flex-basis:33.34%\">\n<div class=\"wp-block-group\"><div class=\"wp-block-group__inner-container is-layout-constrained wp-block-group-is-layout-constrained\">\n<p>Der <a href=\"https:\/\/www.museum-hochkoenig.com\"><mark style=\"background-color:rgba(0, 0, 0, 0)\" class=\"has-inline-color has-black-color\"><strong>Schaustollen in M\u00fchlbach am Hochk\u00f6nig<\/strong> <\/mark><\/a>vermittelt einen umfassenden Einblick in die Bergbautechniken der letzten Jahrtausende. In derzeit 15 Stationen sieht und erf\u00e4hrt man viel Wissenswertes \u00fcber Abbau-, Bohr-, Spreng- und F\u00f6rdertechnik des gr\u00f6\u00dften Kupferreviers in den Ostalpen, dem &#8220;Mitterberg\u201c in M\u00fchlbach am Hochk\u00f6nig.<\/p>\n<\/div><\/div>\n<\/div>\n\n\n\n<div class=\"wp-block-column is-vertically-aligned-center is-layout-flow wp-block-column-is-layout-flow\" style=\"flex-basis:33.34%\">\n<p>Nach dem Besuch des Johanna Stollens geht\u00b4s ins Bergbaumuseum im alten Knappenheim, wenige Gehminuten entfernt und mit seinen Inhalten stellt dieses die Erg\u00e4nzung zum Stollen dar.\u00a0 Hier wird sowohl die Bergbaugeschichte der Region aufgenommen aber auch aus dem Leben von Sepp &#8220;Bubi Bradl&#8221; berichtet. <\/p>\n<\/div>\n\n\n\n<div class=\"wp-block-column is-vertically-aligned-center is-layout-flow wp-block-column-is-layout-flow\" style=\"flex-basis:33.33%\">\n<div id=\"section-g37094e\" class=\"wp-block-gutentor-e6 section-g37094e gutentor-element gutentor-element-image\"><div class=\"gutentor-element-image-box\"><div class=\"gutentor-image-thumb\"><img decoding=\"async\" class=\"normal-image\" src=\"https:\/\/geopark.egpromotion.com\/wp-content\/uploads\/2023\/09\/IMG_4631-scaled.jpeg\"\/><\/div><\/div><\/div>\n<\/div>\n<\/div>\n\n\n\n<div id=\"section-g238d26\" class=\"wp-block-gutentor-e0 section-g238d26 gutentor-element gutentor-element-advanced-text\"><div class=\"gutentor-text-wrap\"><p class=\"gutentor-text\"><a href=\"https:\/\/www.museum-hochkoenig.com\/kopie-von-preise-oeffnungszeiten-au\"><strong>Hier geht&#8217;s zu den \u00d6ffnungszeiten und Preisen<\/strong><\/a><\/p><\/div><\/div>\n\n\n\n<div id=\"section-gc885ab\" class=\"wp-block-gutentor-e0 section-gc885ab gutentor-element gutentor-element-advanced-text\"><div class=\"gutentor-text-wrap\"><p class=\"gutentor-text\"><br><br><\/p><\/div><\/div>\n\n\n\n<div id=\"section-g4ed428\" class=\"wp-block-gutentor-e0 section-g4ed428 gutentor-element gutentor-element-advanced-text\"><div class=\"gutentor-text-wrap\"><p class=\"gutentor-text\"><strong>Schaubergwerk Sunnpau in St. Veit im Pongau <\/strong><\/p><\/div><\/div>\n\n\n\n<div class=\"wp-block-columns is-layout-flex wp-container-core-columns-is-layout-9d6595d7 wp-block-columns-is-layout-flex\">\n<div class=\"wp-block-column is-layout-flow wp-block-column-is-layout-flow\" style=\"flex-basis:33.34%\">\n<div class=\"wp-block-group\"><div class=\"wp-block-group__inner-container is-layout-constrained wp-block-group-is-layout-constrained\">\n<div id=\"section-g222d1e\" class=\"wp-block-gutentor-e6 section-g222d1e gutentor-element gutentor-element-image\"><div class=\"gutentor-element-image-box\"><div class=\"gutentor-image-thumb\"><img decoding=\"async\" class=\"normal-image\" src=\"https:\/\/geopark.egpromotion.com\/wp-content\/uploads\/2023\/10\/4-Sunnpau-scaled.jpg\"\/><\/div><\/div><\/div>\n<\/div><\/div>\n<\/div>\n\n\n\n<div class=\"wp-block-column is-vertically-aligned-center is-layout-flow wp-block-column-is-layout-flow\" style=\"flex-basis:33.34%\">\n<p>In rund einer Stunde erleben sie 4.000 Jahre Bergbau im <a href=\"https:\/\/www.museumsverein-stveit.com\/schaubergwerksunnpau\"><mark style=\"background-color:rgba(0, 0, 0, 0)\" class=\"has-inline-color has-black-color\"><strong>Schaubergwerk Sunnpau in St. Veit im Pongau<\/strong><\/mark><\/a>. Von den urzeitlichen Anf\u00e4ngen mit Steinschl\u00e4gel, Holzkeil und Feuersetzung \u00fcber den Erzabbau mit Bergeisen und Mei\u00dfel, bis hin zum Einsatz des Sprengpulvers.\u202fAb 1500 vor Christus begann man mit dem Abbau unter Tage. <\/p>\n<\/div>\n\n\n\n<div class=\"wp-block-column is-vertically-aligned-center is-layout-flow wp-block-column-is-layout-flow\" style=\"flex-basis:33.33%\">\n<p>Als um 800 vor Christus die Eisenverarbeitung entdeckt wurde, verlor Kupfer und damit auch der Bergbau in St. Veit im Pongau an Bedeutung. Erst im Mittelalter um 1300 nach Christus sch\u00fcrfte man erneut nach Kupfer, da dieses als Zugabe bei der Goldschmelze ben\u00f6tigt wurde. Erst 1875 wurde der Abbau in Sunnpau endg\u00fcltig stillgelegt.<\/p>\n<\/div>\n<\/div>\n\n\n\n<div id=\"section-gdc193b\" class=\"wp-block-gutentor-e0 section-gdc193b gutentor-element gutentor-element-advanced-text\"><div class=\"gutentor-text-wrap\"><p class=\"gutentor-text\"><a href=\"https:\/\/www.museumsverein-stveit.com\/besucherinfosunnpau\"><strong>Hier geht&#8217;s zu den \u00d6ffnungszeiten und Preisen<\/strong><\/a><\/p><\/div><\/div>\n\n\n\n<div id=\"section-g3e5301\" class=\"wp-block-gutentor-e0 section-g3e5301 gutentor-element gutentor-element-advanced-text\"><div class=\"gutentor-text-wrap\"><p class=\"gutentor-text\"><br><br><\/p><\/div><\/div>","protected":false},"excerpt":{"rendered":"<p>In der Gemeinde H\u00fcttau k\u00f6nnen Sie die Kupferzeche Larzenbach, in M\u00fchlbach am Hochk\u00f6nig den Johanna Stollen und in St. Veit im Pongau das Schaubergwerk Sunnpau besuchen. Man wandert treppauf, treppab durch das \u00fcber die Jahrhunderte m\u00fchevoll entstandene Bergwerk Larzenbach in H\u00fcttau und taucht ein in die faszinierende mittelalterliche Arbeitswelt der Bergknappen.&nbsp;\u00d6sterreichs sch\u00f6nster Kupfererzgang und die Farbenpracht der Mineralien sind die [&hellip;]<\/p>","protected":false},"author":3,"featured_media":0,"parent":0,"menu_order":0,"comment_status":"closed","ping_status":"closed","template":"","meta":{"inline_featured_image":false,"_uag_custom_page_level_css":"","footnotes":""},"class_list":["post-286","page","type-page","status-publish","hentry"],"acf":[],"uagb_featured_image_src":{"full":false,"thumbnail":false,"medium":false,"medium_large":false,"large":false,"1536x1536":false,"2048x2048":false,"trp-custom-language-flag":false,"gutener-1920-550":false,"gutener-1370-550":false,"gutener-590-310":false,"gutener-420-380":false,"gutener-420-300":false,"gutener-420-200":false,"gutener-290-150":false,"gutener-80-60":false},"uagb_author_info":{"display_name":"r.gamsjaeger@egpromotion.com","author_link":"https:\/\/geopark.egpromotion.com\/en\/author\/r-gamsjaegeregpromotion-com"},"uagb_comment_info":0,"uagb_excerpt":"In der Gemeinde H\u00fcttau k\u00f6nnen Sie die Kupferzeche Larzenbach, in M\u00fchlbach am Hochk\u00f6nig den Johanna Stollen und in St. Veit im Pongau das Schaubergwerk Sunnpau besuchen. Man wandert treppauf, treppab durch das \u00fcber die Jahrhunderte m\u00fchevoll entstandene Bergwerk Larzenbach in H\u00fcttau und taucht ein in die faszinierende mittelalterliche Arbeitswelt der Bergknappen.&nbsp;\u00d6sterreichs sch\u00f6nster Kupfererzgang und die&hellip;","mfb_rest_fields":["uagb_featured_image_src","uagb_author_info","uagb_comment_info","uagb_excerpt"],"_links":{"self":[{"href":"https:\/\/geopark.egpromotion.com\/en\/wp-json\/wp\/v2\/pages\/286","targetHints":{"allow":["GET"]}}],"collection":[{"href":"https:\/\/geopark.egpromotion.com\/en\/wp-json\/wp\/v2\/pages"}],"about":[{"href":"https:\/\/geopark.egpromotion.com\/en\/wp-json\/wp\/v2\/types\/page"}],"author":[{"embeddable":true,"href":"https:\/\/geopark.egpromotion.com\/en\/wp-json\/wp\/v2\/users\/3"}],"replies":[{"embeddable":true,"href":"https:\/\/geopark.egpromotion.com\/en\/wp-json\/wp\/v2\/comments?post=286"}],"version-history":[{"count":42,"href":"https:\/\/geopark.egpromotion.com\/en\/wp-json\/wp\/v2\/pages\/286\/revisions"}],"predecessor-version":[{"id":1434,"href":"https:\/\/geopark.egpromotion.com\/en\/wp-json\/wp\/v2\/pages\/286\/revisions\/1434"}],"wp:attachment":[{"href":"https:\/\/geopark.egpromotion.com\/en\/wp-json\/wp\/v2\/media?parent=286"}],"curies":[{"name":"wp","href":"https:\/\/api.w.org\/{rel}","templated":true}]}}