{"id":290,"date":"2023-07-11T09:15:52","date_gmt":"2023-07-11T07:15:52","guid":{"rendered":"https:\/\/geopark.egpromotion.com\/?page_id=290"},"modified":"2023-10-10T20:21:37","modified_gmt":"2023-10-10T18:21:37","slug":"geopark","status":"publish","type":"page","link":"https:\/\/geopark.egpromotion.com\/en\/geopark","title":{"rendered":"Geopark"},"content":{"rendered":"<div style=\"height:70px\" aria-hidden=\"true\" class=\"wp-block-spacer\"><\/div>\n\n\n\n<div class=\"wp-block-columns is-layout-flex wp-container-core-columns-is-layout-9d6595d7 wp-block-columns-is-layout-flex\">\n<div class=\"wp-block-column is-layout-flow wp-block-column-is-layout-flow\" style=\"flex-basis:50%\">\n<div class=\"wp-block-group\"><div class=\"wp-block-group__inner-container is-layout-constrained wp-block-group-is-layout-constrained\">\n<div class=\"wp-block-columns is-layout-flex wp-container-core-columns-is-layout-9d6595d7 wp-block-columns-is-layout-flex\">\n<div class=\"wp-block-column is-layout-flow wp-block-column-is-layout-flow\">\n<div id=\"section-gd445c9\" class=\"wp-block-gutentor-e6 section-gd445c9 gutentor-element gutentor-element-image\"><div class=\"gutentor-element-image-box\"><div class=\"gutentor-image-thumb\"><img decoding=\"async\" class=\"normal-image\" src=\"https:\/\/geopark.egpromotion.com\/wp-content\/uploads\/2023\/09\/IMG_3459-scaled.jpg\"\/><\/div><\/div><\/div>\n<\/div>\n<\/div>\n<\/div><\/div>\n<\/div>\n\n\n\n<div class=\"wp-block-column is-layout-flow wp-block-column-is-layout-flow\" style=\"flex-basis:50%\">\n<p>Die UNESCO Global Geoparks, wie der Erz der Alpen UNESCO Global Geopark, sind Gebiete au\u00dfergew\u00f6hnlicher geologischer Besonderheiten von internationaler und nationaler Bedeutung und gekennzeichnet durch eine gro\u00dfe Geo-Vielfalt. Aber auch andere Disziplinen wie z. B. Bergbau, Botanik, Arch\u00e4ologie oder Kulturgeschichte spielen dabei eine wichtige Rolle. Die Zusammenarbeit der UNESCO Geoparke mit den Universit\u00e4ten bringt immer wieder neue Erkenntnisse. <\/p>\n\n\n\n<p>Ein UNESCO Geopark ist kein Museum, er ist eine Natur-Erleben-Werkst\u00e4tte, die vom Wissenschaftler bis zum interessierten Laien alle begeistert. Der wissenschaftliche Anspruch wird auf Schautafeln, Brosch\u00fcren, Karten oder B\u00fcchern allgemein verst\u00e4ndlich vermittelt. Erst dadurch beginnt ein Geopark wirklich zu leben.<\/p>\n<\/div>\n<\/div>\n\n\n\n<p>Der Erz der Alpen UNESCO Global Geopark lebt seit vielen Jahren diese weltweite Idee, gemeinsam mit unseren Partnern in Deutschland, dem <a href=\"https:\/\/www.geopark-thueringen.de\"><mark style=\"background-color:rgba(0, 0, 0, 0)\" class=\"has-inline-color has-black-color\"><strong>Inselsberg \u2013 Drei Gleichen UNESCO Global Geopark<\/strong><\/mark><\/a> in Th\u00fcringen und dem <a href=\"https:\/\/geopark-porphyrland.de\"><mark style=\"background-color:rgba(0, 0, 0, 0)\" class=\"has-inline-color has-black-color\"><strong>Nationalen Geopark Porphyrland<\/strong><\/mark><\/a> in Sachsen sowie den \u00f6sterreichischen UNESCO Global Geoparks Karawanken und Steirische Eisenwurzen, wie auch dem nationalen Geopark Karnische Alpen. <\/p>\n\n\n\n<p>Die wichtigsten Aufgaben der Geoparks bestehen im Erhalt der Geopotenziale, der St\u00e4rkung der regionalen Entwicklung sowie der Umweltbildung und im Geotourismus. Ein Geopark ist somit ein UNESCO Pr\u00e4dikat, das man sich alle 4 Jahre wieder verdienen muss und keine Schutzkategorie wie ein Nationalpark, Naturpark oder Naturdenkmal. Er kann und soll nat\u00fcrlich solche Bestandsschutz-Elemente (Geosites) beinhalten, die auch im&nbsp;Erz der Alpen UNESCO Global Geopark zu finden sind.<\/p>","protected":false},"excerpt":{"rendered":"<p>Die UNESCO Global Geoparks, wie der Erz der Alpen UNESCO Global Geopark, sind Gebiete au\u00dfergew\u00f6hnlicher geologischer Besonderheiten von internationaler und nationaler Bedeutung und gekennzeichnet durch eine gro\u00dfe Geo-Vielfalt. Aber auch andere Disziplinen wie z. B. Bergbau, Botanik, Arch\u00e4ologie oder Kulturgeschichte spielen dabei eine wichtige Rolle. Die Zusammenarbeit der UNESCO Geoparke mit den Universit\u00e4ten bringt immer wieder neue Erkenntnisse. Ein UNESCO [&hellip;]<\/p>","protected":false},"author":3,"featured_media":0,"parent":0,"menu_order":0,"comment_status":"closed","ping_status":"closed","template":"","meta":{"inline_featured_image":false,"_uag_custom_page_level_css":"","footnotes":""},"class_list":["post-290","page","type-page","status-publish","hentry"],"acf":[],"uagb_featured_image_src":{"full":false,"thumbnail":false,"medium":false,"medium_large":false,"large":false,"1536x1536":false,"2048x2048":false,"trp-custom-language-flag":false,"gutener-1920-550":false,"gutener-1370-550":false,"gutener-590-310":false,"gutener-420-380":false,"gutener-420-300":false,"gutener-420-200":false,"gutener-290-150":false,"gutener-80-60":false},"uagb_author_info":{"display_name":"r.gamsjaeger@egpromotion.com","author_link":"https:\/\/geopark.egpromotion.com\/en\/author\/r-gamsjaegeregpromotion-com"},"uagb_comment_info":0,"uagb_excerpt":"Die UNESCO Global Geoparks, wie der Erz der Alpen UNESCO Global Geopark, sind Gebiete au\u00dfergew\u00f6hnlicher geologischer Besonderheiten von internationaler und nationaler Bedeutung und gekennzeichnet durch eine gro\u00dfe Geo-Vielfalt. Aber auch andere Disziplinen wie z. B. Bergbau, Botanik, Arch\u00e4ologie oder Kulturgeschichte spielen dabei eine wichtige Rolle. Die Zusammenarbeit der UNESCO Geoparke mit den Universit\u00e4ten bringt immer&hellip;","mfb_rest_fields":["uagb_featured_image_src","uagb_author_info","uagb_comment_info","uagb_excerpt"],"_links":{"self":[{"href":"https:\/\/geopark.egpromotion.com\/en\/wp-json\/wp\/v2\/pages\/290","targetHints":{"allow":["GET"]}}],"collection":[{"href":"https:\/\/geopark.egpromotion.com\/en\/wp-json\/wp\/v2\/pages"}],"about":[{"href":"https:\/\/geopark.egpromotion.com\/en\/wp-json\/wp\/v2\/types\/page"}],"author":[{"embeddable":true,"href":"https:\/\/geopark.egpromotion.com\/en\/wp-json\/wp\/v2\/users\/3"}],"replies":[{"embeddable":true,"href":"https:\/\/geopark.egpromotion.com\/en\/wp-json\/wp\/v2\/comments?post=290"}],"version-history":[{"count":12,"href":"https:\/\/geopark.egpromotion.com\/en\/wp-json\/wp\/v2\/pages\/290\/revisions"}],"predecessor-version":[{"id":1449,"href":"https:\/\/geopark.egpromotion.com\/en\/wp-json\/wp\/v2\/pages\/290\/revisions\/1449"}],"wp:attachment":[{"href":"https:\/\/geopark.egpromotion.com\/en\/wp-json\/wp\/v2\/media?parent=290"}],"curies":[{"name":"wp","href":"https:\/\/api.w.org\/{rel}","templated":true}]}}