{"id":291,"date":"2023-07-11T09:15:52","date_gmt":"2023-07-11T07:15:52","guid":{"rendered":"https:\/\/geopark.egpromotion.com\/?page_id=291"},"modified":"2023-10-11T19:41:28","modified_gmt":"2023-10-11T17:41:28","slug":"unesco-global-geopark","status":"publish","type":"page","link":"https:\/\/geopark.egpromotion.com\/en\/unesco-global-geopark","title":{"rendered":"UNESCO Global Geopark"},"content":{"rendered":"<div style=\"height:71px\" aria-hidden=\"true\" class=\"wp-block-spacer\"><\/div>\n\n\n\n<div class=\"wp-block-columns alignwide is-layout-flex wp-container-core-columns-is-layout-9d6595d7 wp-block-columns-is-layout-flex\">\n<div class=\"wp-block-column is-layout-flow wp-block-column-is-layout-flow\">\n<div class=\"wp-block-group\"><div class=\"wp-block-group__inner-container is-layout-constrained wp-block-group-is-layout-constrained\">\n<figure class=\"wp-block-gallery has-nested-images columns-default is-cropped wp-block-gallery-1 is-layout-flex wp-block-gallery-is-layout-flex\">\n<figure class=\"wp-block-image size-full\"><a href=\"https:\/\/geopark.egpromotion.com\/wp-content\/uploads\/2023\/07\/Information.jpg\"><img loading=\"lazy\" decoding=\"async\" width=\"512\" height=\"732\" data-id=\"407\" src=\"https:\/\/geopark.egpromotion.com\/wp-content\/uploads\/2023\/07\/Information.jpg\" alt=\"\" class=\"wp-image-407\" srcset=\"https:\/\/geopark.egpromotion.com\/wp-content\/uploads\/2023\/07\/Information.jpg 512w, https:\/\/geopark.egpromotion.com\/wp-content\/uploads\/2023\/07\/Information-210x300.jpg 210w\" sizes=\"auto, (max-width: 512px) 100vw, 512px\" \/><\/a><figcaption class=\"wp-element-caption\">Pr\u00e4ambel<\/figcaption><\/figure>\n<\/figure>\n<\/div><\/div>\n<\/div>\n\n\n\n<div class=\"wp-block-column is-layout-flow wp-block-column-is-layout-flow\">\n<p>Alles begann im Jahr 2000 als sich in Europa vier geologisch interessante Regionen, die Insel Lesbos (Griechenland), die Haute Provence (Frankreich), die Maestrazgo (Spanien) und die Vulkaneiffel (Deutschland) zum &#8220;European Geopark Network&#8221; zusammenschlossen. Ihr oberstes Ziel war der Erhalt, der Schutz und die nachhaltige Pr\u00e4sentation ihres einzigartigen geologischen Erbes.\u00a0<\/p>\n\n\n\n<p>Heute (Stand 2023) gibt es weltweit 195 Geoparks in 48 L\u00e4ndern, die sich zum &#8220;Global Geopark Network&#8221; zusammengeschlossen haben. Seit 2015 d\u00fcrfen sich die Global Geoparks, nunmehr als eigenes Programm der UNESCO, UNESCO Global Geoparks nennen. In \u00d6sterreich geh\u00f6ren alle drei Geopark zum UNESCO Netzwerk: Die Region Eisenwurzen in der Steiermark, die grenz\u00fcbergreifende Region Karawanken in K\u00e4rnten\/Slowenien und unser Geopark Erz der Alpen in Salzburg.<\/p>\n<\/div>\n\n\n\n<div class=\"wp-block-column is-layout-flow wp-block-column-is-layout-flow\">\n<p>UNESCO Global Geoparks (UGGp) sind einzelne, einheitliche geografische Gebiete, in denen St\u00e4tten und Landschaften von internationaler geologischer Bedeutung mit einem ganzheitlichen Konzept von Schutz, Bildung und nachhaltiger Entwicklung verwaltet werden. Geoparks stellen das Bindeglied zwischen dem Erhalt der Landschaft und einer nachhaltigen touristischen Nutzung dar, um die Sch\u00e4tze der Natur aus dem &#8220;Meer der Jahrmillionen&#8221; auftauchen zu lassen.&nbsp;<\/p>\n\n\n\n<p>Der Geopark &#8220;Erz der Alpen&#8221; wurde 2014 in das &#8220;European and Global Geopark Network&#8221; aufgenommen und ist seit 2015 der Erz der Alpen UNESCO Global Geopark. Er befindet sich im Salzburger Pongau und umfa\u00dft die Gemeinden Bischofshofen, St. Veit im Pongau, M\u00fchlbach am Hochk\u00f6nig und H\u00fcttau. Im gesamten Gebiet des Geoparks erschlie\u00dfen sich Bergbauspuren die \u00fcber 5000 Jahre zur\u00fcckreichen.<\/p>\n<\/div>\n<\/div>\n\n\n\n<p style=\"font-size:18px\"><strong>Noch mehr Informationen finden Sie unter: <a href=\"https:\/\/www.unesco.org\/en\/iggp\/geoparks\/about\"><mark style=\"background-color:rgba(0, 0, 0, 0)\" class=\"has-inline-color has-black-color\">UNESCO Global Geoparks | UNESCO<\/mark><\/a><\/strong><\/p>\n\n\n\n<div style=\"height:71px\" aria-hidden=\"true\" class=\"wp-block-spacer\"><\/div>\n\n\n\n<div class=\"wp-block-columns is-layout-flex wp-container-core-columns-is-layout-9d6595d7 wp-block-columns-is-layout-flex\">\n<div class=\"wp-block-column is-layout-flow wp-block-column-is-layout-flow\" style=\"flex-basis:50%\">\n<div class=\"wp-block-group\"><div class=\"wp-block-group__inner-container is-layout-constrained wp-block-group-is-layout-constrained\">\n<div class=\"wp-block-columns is-layout-flex wp-container-core-columns-is-layout-9d6595d7 wp-block-columns-is-layout-flex\">\n<div class=\"wp-block-column is-layout-flow wp-block-column-is-layout-flow\" style=\"flex-basis:50%\">\n<div id=\"section-g573b59\" class=\"wp-block-gutentor-e6 section-g573b59 gutentor-element gutentor-element-image\"><div class=\"gutentor-element-image-box\"><div class=\"gutentor-image-thumb\"><img decoding=\"async\" class=\"normal-image\" src=\"https:\/\/geopark.egpromotion.com\/wp-content\/uploads\/2023\/09\/European-GEOPARKS-logo_transparent_250.png\"\/><\/div><\/div><\/div>\n\n\n\n<p><br><\/p>\n\n\n\n<div id=\"section-ge3e41e\" class=\"wp-block-gutentor-e6 section-ge3e41e gutentor-element gutentor-element-image\"><div class=\"gutentor-element-image-box\"><div class=\"gutentor-image-thumb\"><img decoding=\"async\" class=\"normal-image\" src=\"https:\/\/geopark.egpromotion.com\/wp-content\/uploads\/2023\/09\/Global-Geoparks-Network-300x210-1.jpg\"\/><\/div><\/div><\/div>\n<\/div>\n\n\n\n<div class=\"wp-block-column is-layout-flow wp-block-column-is-layout-flow\" style=\"flex-basis:50%\">\n<p style=\"font-size:18px\"><strong>European Geoparks Network <\/strong><\/p>\n\n\n\n<p>Das <strong><a href=\"https:\/\/www.europeangeoparks.org\"><mark style=\"background-color:rgba(0, 0, 0, 0)\" class=\"has-inline-color has-black-color\">European Geoparks Network<\/mark><\/a> <\/strong>umfasst 94 europ\u00e4ische Geoparks und bietet ein Netzwerk   zur Zusammenarbeit. Das Ziel dieses Netzwerks ist der Erhalt des geologischen Erbes und die nachhaltige Entwicklung der Regionen. <\/p>\n\n\n\n<p><\/p>\n\n\n\n<p><\/p>\n\n\n\n<p style=\"font-size:18px\"><strong>Global Geoparks Network <\/strong><\/p>\n\n\n\n<p>Im <a href=\"http:\/\/www.globalgeopark.org\"><strong><mark style=\"background-color:rgba(0, 0, 0, 0)\" class=\"has-inline-color has-black-color\">Global Geoparks Network<\/mark><\/strong><\/a> bietet einen Schirm f\u00fcr 195 globale Geoparks. Die Mitglieder sollen durch die Kooperation und den Austausch voneinander profitieren und weltweite Anerkennung erlangen. <\/p>\n<\/div>\n<\/div>\n<\/div><\/div>\n<\/div>\n\n\n\n<div class=\"wp-block-column is-layout-flow wp-block-column-is-layout-flow\" style=\"flex-basis:50%\">\n<div id=\"section-g123d1a\" class=\"wp-block-gutentor-e6 section-g123d1a gutentor-element gutentor-element-image\"><div class=\"gutentor-element-image-box\"><div class=\"gutentor-image-thumb\"><img decoding=\"async\" class=\"normal-image\" src=\"https:\/\/geopark.egpromotion.com\/wp-content\/uploads\/2023\/09\/Geologie-Wissen-Original-scaled.jpg\"\/><\/div><\/div><\/div>\n\n\n\n<p>Neben dem &#8220;Erz der Alpen UNESCO Global Geopark&#8221; befinden sich noch zwei andere Geoparks in \u00d6sterreich. Der <a href=\"https:\/\/www.eisenwurzen.com\"><mark style=\"background-color:rgba(0, 0, 0, 0)\" class=\"has-inline-color has-black-color\"><strong>&#8220;Steirische Eisenwurzen UNESCO Global Geopark&#8221;<\/strong><\/mark><\/a><mark style=\"background-color:rgba(0, 0, 0, 0)\" class=\"has-inline-color has-black-color\"> <\/mark>in der Steiermark und der <a href=\"https:\/\/www.geopark-karawanken.at\/de\/\"><mark style=\"background-color:rgba(0, 0, 0, 0)\" class=\"has-inline-color has-black-color\"><strong>&#8220;Karawanken UNESCO Global Geopark&#8221;<\/strong><\/mark><\/a><mark style=\"background-color:rgba(0, 0, 0, 0)\" class=\"has-inline-color has-black-color\"> <\/mark>in K\u00e4rnten und zum Teil auch in Slowenien. Ein weiterer \u00f6sterreichischer Geopark, ist der<mark style=\"background-color:rgba(0, 0, 0, 0)\" class=\"has-inline-color has-black-color\"> <\/mark><a href=\"https:\/\/www.geopark-karnische-alpen.at\/Startseite.1447.0.html\"><mark style=\"background-color:rgba(0, 0, 0, 0)\" class=\"has-inline-color has-black-color\"><strong>&#8220;Geopark Karnische Alpen&#8221;<\/strong><\/mark><\/a><mark style=\"background-color:rgba(0, 0, 0, 0)\" class=\"has-inline-color has-black-color\"> <\/mark>im Grenzgebiet zwischen K\u00e4rnten und Italien. <\/p>\n<\/div>\n<\/div>\n\n\n\n<p style=\"font-size:18px\"><strong>Weitere Informationen zu den anderen \u00f6sterreichischen Geoparks k\u00f6nnen Sie hier finden: <\/strong><\/p>\n\n\n\n<p><a href=\"https:\/\/geopark.egpromotion.com\/wp-content\/uploads\/2023\/10\/Layout-Infosheet_Geoparks-Oesterreich_Eisenwurzen.pdf\"><mark style=\"background-color:rgba(0, 0, 0, 0)\" class=\"has-inline-color has-black-color\"><strong>Steirische Eisenwurzen UNESCO Global Geopark<\/strong><\/mark><\/a><\/p>\n\n\n\n<p><a href=\"https:\/\/geopark.egpromotion.com\/wp-content\/uploads\/2023\/10\/Layout-Infosheet_Geoparks-Oesterreich_Geopark-Karawanken.compressed.pdf\"><mark style=\"background-color:rgba(0, 0, 0, 0)\" class=\"has-inline-color has-black-color\"><strong>Karawanen UNESCO Global Geopark<\/strong><\/mark><\/a><\/p>\n\n\n\n<p><a href=\"https:\/\/geopark.egpromotion.com\/wp-content\/uploads\/2023\/10\/Infosheet_Geoparks-Oesterreich_Karnische-Alpen_DE.pdf\"><mark style=\"background-color:rgba(0, 0, 0, 0)\" class=\"has-inline-color has-black-color\"><strong>Geopark Karnische Alpen<\/strong><\/mark><\/a><\/p>","protected":false},"excerpt":{"rendered":"<p>Alles begann im Jahr 2000 als sich in Europa vier geologisch interessante Regionen, die Insel Lesbos (Griechenland), die Haute Provence (Frankreich), die Maestrazgo (Spanien) und die Vulkaneiffel (Deutschland) zum &#8220;European Geopark Network&#8221; zusammenschlossen. Ihr oberstes Ziel war der Erhalt, der Schutz und die nachhaltige Pr\u00e4sentation ihres einzigartigen geologischen Erbes.\u00a0 Heute (Stand 2023) gibt es weltweit 195 Geoparks in 48 L\u00e4ndern, [&hellip;]<\/p>","protected":false},"author":3,"featured_media":0,"parent":0,"menu_order":0,"comment_status":"closed","ping_status":"closed","template":"","meta":{"inline_featured_image":false,"_uag_custom_page_level_css":"","footnotes":""},"class_list":["post-291","page","type-page","status-publish","hentry"],"acf":[],"uagb_featured_image_src":{"full":false,"thumbnail":false,"medium":false,"medium_large":false,"large":false,"1536x1536":false,"2048x2048":false,"trp-custom-language-flag":false,"gutener-1920-550":false,"gutener-1370-550":false,"gutener-590-310":false,"gutener-420-380":false,"gutener-420-300":false,"gutener-420-200":false,"gutener-290-150":false,"gutener-80-60":false},"uagb_author_info":{"display_name":"r.gamsjaeger@egpromotion.com","author_link":"https:\/\/geopark.egpromotion.com\/en\/author\/r-gamsjaegeregpromotion-com"},"uagb_comment_info":0,"uagb_excerpt":"Alles begann im Jahr 2000 als sich in Europa vier geologisch interessante Regionen, die Insel Lesbos (Griechenland), die Haute Provence (Frankreich), die Maestrazgo (Spanien) und die Vulkaneiffel (Deutschland) zum &#8220;European Geopark Network&#8221; zusammenschlossen. Ihr oberstes Ziel war der Erhalt, der Schutz und die nachhaltige Pr\u00e4sentation ihres einzigartigen geologischen Erbes.\u00a0 Heute (Stand 2023) gibt es weltweit&hellip;","mfb_rest_fields":["uagb_featured_image_src","uagb_author_info","uagb_comment_info","uagb_excerpt"],"_links":{"self":[{"href":"https:\/\/geopark.egpromotion.com\/en\/wp-json\/wp\/v2\/pages\/291","targetHints":{"allow":["GET"]}}],"collection":[{"href":"https:\/\/geopark.egpromotion.com\/en\/wp-json\/wp\/v2\/pages"}],"about":[{"href":"https:\/\/geopark.egpromotion.com\/en\/wp-json\/wp\/v2\/types\/page"}],"author":[{"embeddable":true,"href":"https:\/\/geopark.egpromotion.com\/en\/wp-json\/wp\/v2\/users\/3"}],"replies":[{"embeddable":true,"href":"https:\/\/geopark.egpromotion.com\/en\/wp-json\/wp\/v2\/comments?post=291"}],"version-history":[{"count":31,"href":"https:\/\/geopark.egpromotion.com\/en\/wp-json\/wp\/v2\/pages\/291\/revisions"}],"predecessor-version":[{"id":1491,"href":"https:\/\/geopark.egpromotion.com\/en\/wp-json\/wp\/v2\/pages\/291\/revisions\/1491"}],"wp:attachment":[{"href":"https:\/\/geopark.egpromotion.com\/en\/wp-json\/wp\/v2\/media?parent=291"}],"curies":[{"name":"wp","href":"https:\/\/api.w.org\/{rel}","templated":true}]}}