{"id":292,"date":"2023-07-11T09:15:52","date_gmt":"2023-07-11T07:15:52","guid":{"rendered":"https:\/\/geopark.egpromotion.com\/?page_id=292"},"modified":"2023-10-24T14:41:10","modified_gmt":"2023-10-24T12:41:10","slug":"literatur-und-publikation","status":"publish","type":"page","link":"https:\/\/geopark.egpromotion.com\/en\/literatur-und-publikation","title":{"rendered":"Literatur &#038; Publikation"},"content":{"rendered":"<div style=\"height:0px\" aria-hidden=\"true\" class=\"wp-block-spacer\"><\/div>\n\n\n\n<p><br><br><\/p>\n\n\n\n<div class=\"wp-block-columns is-layout-flex wp-container-core-columns-is-layout-9d6595d7 wp-block-columns-is-layout-flex\">\n<div class=\"wp-block-column is-layout-flow wp-block-column-is-layout-flow\" style=\"flex-basis:100%\">\n<p style=\"font-size:25px\"><strong>Publikationen<\/strong><\/p>\n\n\n\n<p>Hier finden Sie einen \u00dcberblick \u00fcber die aktuellsten wissenschaftlichen Publikationen aus dem Erz der Alpen UNESCO Global Geopark. <\/p>\n<\/div>\n<\/div>\n\n\n\n<div class=\"wp-block-columns is-layout-flex wp-container-core-columns-is-layout-9d6595d7 wp-block-columns-is-layout-flex\">\n<div class=\"wp-block-column is-layout-flow wp-block-column-is-layout-flow\" style=\"flex-basis:50%\">\n<div class=\"wp-block-group\"><div class=\"wp-block-group__inner-container is-layout-constrained wp-block-group-is-layout-constrained\">\n<p><a href=\"https:\/\/geopark.egpromotion.com\/wp-content\/uploads\/2023\/09\/BOeDEN-GP-EDA-2023.pdf\"><mark style=\"background-color:rgba(0, 0, 0, 0)\" class=\"has-inline-color has-black-color\">B\u00f6den im Erz der Alpen UGG (geoglobe.at)<\/mark><\/a><\/p>\n\n\n\n<p><a href=\"https:\/\/geopark.egpromotion.com\/wp-content\/uploads\/2023\/09\/GEOTOPE-GP-EDA-2023.pdf\"><mark style=\"background-color:rgba(0, 0, 0, 0)\" class=\"has-inline-color has-black-color\">Geotope im Erz der Alpen UGG (geoglobe.at)<\/mark><\/a><\/p>\n\n\n\n<p><a rel=\"noreferrer noopener\" href=\"https:\/\/issuu.com\/naturschutzbund\/docs\/nl_03_2022_rz\" target=\"_blank\"><mark style=\"background-color:rgba(0, 0, 0, 0)\" class=\"has-inline-color has-black-color\">Natur und Land 03\/2022 (Seite 14-17) (Naturschutzbund)<\/mark><\/a><\/p>\n\n\n\n<p><a rel=\"noreferrer noopener\" href=\"http:\/\/www.geoglobe.at\/DE\/uploads\/images\/projekte\/HochHinauf_17.11.21_S10-14.pdf\" target=\"_blank\"><mark style=\"background-color:rgba(0, 0, 0, 0)\" class=\"has-inline-color has-black-color\">HochHinauf_17.11.21_S10-14.pdf (geoglobe.at)<\/mark><\/a><\/p>\n\n\n\n<p><a rel=\"noreferrer noopener\" href=\"http:\/\/www.geoglobe.at\/DE\/uploads\/images\/projekte\/Bergauf_3_21_S72-75.pdf\" target=\"_blank\"><mark style=\"background-color:rgba(0, 0, 0, 0)\" class=\"has-inline-color has-black-color\">Bergauf_3_21_S72-75.pdf (geoglobe.at)<\/mark><\/a><\/p>\n\n\n\n<p><a rel=\"noreferrer noopener\" href=\"http:\/\/www.geoglobe.at\/DE\/uploads\/images\/projekte\/Bergauf_2_21_S20-23.pdf\" target=\"_blank\"><mark style=\"background-color:rgba(0, 0, 0, 0)\" class=\"has-inline-color has-black-color\">Bergauf_2_21_S20-23.pdf (geoglobe.at)<\/mark><\/a><\/p>\n\n\n\n<p><a rel=\"noreferrer noopener\" href=\"http:\/\/www.geoglobe.at\/DE\/uploads\/images\/projekte\/EGN-MAG%20OOA%20Mythogrphy%20HJI.pdf\" target=\"_blank\"><mark style=\"background-color:rgba(0, 0, 0, 0)\" class=\"has-inline-color has-black-color\">OOA (geoglobe.at)<\/mark><\/a><\/p>\n\n\n\n<p><a rel=\"noreferrer noopener\" href=\"http:\/\/www.geoglobe.at\/DE\/uploads\/images\/projekte\/FFF-Publ%20EGN-Magazin_web_Bild%20(145).jpg\" target=\"_blank\"><mark style=\"background-color:rgba(0, 0, 0, 0)\" class=\"has-inline-color has-black-color\">FFF-Publ EGN-Magazin_web_Bild (145).jpg (730\u00d71056) (geoglobe.at)<\/mark><\/a><\/p>\n\n\n\n<p><a rel=\"noreferrer noopener\" href=\"http:\/\/www.geoglobe.at\/DE\/uploads\/images\/publikationen\/40_The%20Nebra%20Sky%20Disc%20-%20a%20Bronze%20Age%20calendar.pdf\" target=\"_blank\"><mark style=\"background-color:rgba(0, 0, 0, 0)\" class=\"has-inline-color has-black-color\">40_The Nebra Sky Disc \u2013 a Bronze Age calendar.pdf (geoglobe.at)<\/mark><\/a><\/p>\n\n\n\n<p><a rel=\"noreferrer noopener\" href=\"http:\/\/www.geoglobe.at\/DE\/uploads\/images\/publikationen\/39_Music%20was%20my%20first%20love.pdf\" target=\"_blank\"><mark style=\"background-color:rgba(0, 0, 0, 0)\" class=\"has-inline-color has-black-color\">39_Music was my first love.pdf (geoglobe.at)<\/mark><\/a><\/p>\n\n\n\n<p><a rel=\"noreferrer noopener\" href=\"http:\/\/www.geoglobe.at\/DE\/uploads\/images\/publikationen\/38_Geopark%20Magazine%202017.pdf\" target=\"_blank\"><mark style=\"background-color:rgba(0, 0, 0, 0)\" class=\"has-inline-color has-black-color\">38_Geopark Magazine 2017.pdf (geoglobe.at)<\/mark><\/a><\/p>\n\n\n\n<p><a rel=\"noreferrer noopener\" href=\"http:\/\/www.geoglobe.at\/DE\/uploads\/images\/publikationen\/UNI-Bd5.pdf\" target=\"_blank\"><mark style=\"background-color:rgba(0, 0, 0, 0)\" class=\"has-inline-color has-black-color\">UNI-Bd5.pdf (geoglobe.at)<\/mark><\/a><\/p>\n\n\n\n<p><a rel=\"noreferrer noopener\" href=\"http:\/\/www.geoglobe.at\/DE\/uploads\/images\/publikationen\/35_Eine%20grenz%C3%BCberschreitende%20Kooperation.pdf\" target=\"_blank\"><mark style=\"background-color:rgba(0, 0, 0, 0)\" class=\"has-inline-color has-black-color\">35_Eine grenz\u00fcberschreitende Kooperation.pdf (geoglobe.at)<\/mark><\/a><\/p>\n\n\n\n<p><a rel=\"noreferrer noopener\" href=\"http:\/\/www.geoglobe.at\/DE\/uploads\/images\/publikationen\/12_Bergbau%20und%20Rohstoffe%20im%20Land%20Salzburg.pdf\" target=\"_blank\"><mark style=\"background-color:rgba(0, 0, 0, 0)\" class=\"has-inline-color has-black-color\">Brosch\u00fcre neu.indd (geoglobe.at)<\/mark><\/a><\/p>\n<\/div><\/div>\n<\/div>\n\n\n\n<div class=\"wp-block-column is-layout-flow wp-block-column-is-layout-flow\" style=\"flex-basis:50%\">\n<figure class=\"wp-block-gallery has-nested-images columns-default is-cropped wp-block-gallery-1 is-layout-flex wp-block-gallery-is-layout-flex\">\n<figure class=\"wp-block-image size-large\"><a href=\"https:\/\/geopark.egpromotion.com\/wp-content\/uploads\/2023\/08\/2023_broschuere-a5_BODEN.pdf\"><img loading=\"lazy\" decoding=\"async\" width=\"398\" height=\"567\" data-id=\"1643\" src=\"https:\/\/geopark.egpromotion.com\/wp-content\/uploads\/2023\/10\/Bildschirmfoto-2023-10-24-um-14.26.21.png\" alt=\"\" class=\"wp-image-1643\" srcset=\"https:\/\/geopark.egpromotion.com\/wp-content\/uploads\/2023\/10\/Bildschirmfoto-2023-10-24-um-14.26.21.png 398w, https:\/\/geopark.egpromotion.com\/wp-content\/uploads\/2023\/10\/Bildschirmfoto-2023-10-24-um-14.26.21-211x300.png 211w\" sizes=\"auto, (max-width: 398px) 100vw, 398px\" \/><\/a><\/figure>\n\n\n\n<figure class=\"wp-block-image size-large\"><a href=\"https:\/\/geopark.egpromotion.com\/wp-content\/uploads\/2023\/08\/2023_broschuere-a5_BODEN.pdf\"><img loading=\"lazy\" decoding=\"async\" width=\"401\" height=\"567\" data-id=\"1642\" src=\"https:\/\/geopark.egpromotion.com\/wp-content\/uploads\/2023\/10\/Bildschirmfoto-2023-10-24-um-14.25.44.png\" alt=\"\" class=\"wp-image-1642\" srcset=\"https:\/\/geopark.egpromotion.com\/wp-content\/uploads\/2023\/10\/Bildschirmfoto-2023-10-24-um-14.25.44.png 401w, https:\/\/geopark.egpromotion.com\/wp-content\/uploads\/2023\/10\/Bildschirmfoto-2023-10-24-um-14.25.44-212x300.png 212w\" sizes=\"auto, (max-width: 401px) 100vw, 401px\" \/><\/a><\/figure>\n<\/figure>\n<\/div>\n<\/div>\n\n\n\n<p><br><br><\/p>\n\n\n\n<p style=\"font-size:25px\"><strong>Literatur <\/strong><\/p>\n\n\n\n<p>Dr. Kurt St\u00fcwe (2022): &#8220;Die Geologie der Alpen aus der Luft&#8221; <\/p>\n\n\n\n<p>Dr. Franz J\u00e4ger (2019): &#8220;Gletscher und Glaube &#8211; Katastrophenbew\u00e4ltigung in den \u00d6tztaler Alpen einst und heute&#8221;<\/p>\n\n\n\n<p><\/p>\n\n\n\n<p><\/p>","protected":false},"excerpt":{"rendered":"<p>Publikationen Hier finden Sie einen \u00dcberblick \u00fcber die aktuellsten wissenschaftlichen Publikationen aus dem Erz der Alpen UNESCO Global Geopark. B\u00f6den im Erz der Alpen UGG (geoglobe.at) Geotope im Erz der Alpen UGG (geoglobe.at) Natur und Land 03\/2022 (Seite 14-17) (Naturschutzbund) HochHinauf_17.11.21_S10-14.pdf (geoglobe.at) Bergauf_3_21_S72-75.pdf (geoglobe.at) Bergauf_2_21_S20-23.pdf (geoglobe.at) OOA (geoglobe.at) FFF-Publ EGN-Magazin_web_Bild (145).jpg (730\u00d71056) (geoglobe.at) 40_The Nebra Sky Disc \u2013 a Bronze [&hellip;]<\/p>","protected":false},"author":3,"featured_media":0,"parent":0,"menu_order":0,"comment_status":"closed","ping_status":"closed","template":"","meta":{"inline_featured_image":false,"_uag_custom_page_level_css":"","footnotes":""},"class_list":["post-292","page","type-page","status-publish","hentry"],"acf":[],"uagb_featured_image_src":{"full":false,"thumbnail":false,"medium":false,"medium_large":false,"large":false,"1536x1536":false,"2048x2048":false,"trp-custom-language-flag":false,"gutener-1920-550":false,"gutener-1370-550":false,"gutener-590-310":false,"gutener-420-380":false,"gutener-420-300":false,"gutener-420-200":false,"gutener-290-150":false,"gutener-80-60":false},"uagb_author_info":{"display_name":"r.gamsjaeger@egpromotion.com","author_link":"https:\/\/geopark.egpromotion.com\/en\/author\/r-gamsjaegeregpromotion-com"},"uagb_comment_info":0,"uagb_excerpt":"Publikationen Hier finden Sie einen \u00dcberblick \u00fcber die aktuellsten wissenschaftlichen Publikationen aus dem Erz der Alpen UNESCO Global Geopark. B\u00f6den im Erz der Alpen UGG (geoglobe.at) Geotope im Erz der Alpen UGG (geoglobe.at) Natur und Land 03\/2022 (Seite 14-17) (Naturschutzbund) HochHinauf_17.11.21_S10-14.pdf (geoglobe.at) Bergauf_3_21_S72-75.pdf (geoglobe.at) Bergauf_2_21_S20-23.pdf (geoglobe.at) OOA (geoglobe.at) FFF-Publ EGN-Magazin_web_Bild (145).jpg (730\u00d71056) (geoglobe.at) 40_The Nebra&hellip;","mfb_rest_fields":["uagb_featured_image_src","uagb_author_info","uagb_comment_info","uagb_excerpt"],"_links":{"self":[{"href":"https:\/\/geopark.egpromotion.com\/en\/wp-json\/wp\/v2\/pages\/292","targetHints":{"allow":["GET"]}}],"collection":[{"href":"https:\/\/geopark.egpromotion.com\/en\/wp-json\/wp\/v2\/pages"}],"about":[{"href":"https:\/\/geopark.egpromotion.com\/en\/wp-json\/wp\/v2\/types\/page"}],"author":[{"embeddable":true,"href":"https:\/\/geopark.egpromotion.com\/en\/wp-json\/wp\/v2\/users\/3"}],"replies":[{"embeddable":true,"href":"https:\/\/geopark.egpromotion.com\/en\/wp-json\/wp\/v2\/comments?post=292"}],"version-history":[{"count":11,"href":"https:\/\/geopark.egpromotion.com\/en\/wp-json\/wp\/v2\/pages\/292\/revisions"}],"predecessor-version":[{"id":1647,"href":"https:\/\/geopark.egpromotion.com\/en\/wp-json\/wp\/v2\/pages\/292\/revisions\/1647"}],"wp:attachment":[{"href":"https:\/\/geopark.egpromotion.com\/en\/wp-json\/wp\/v2\/media?parent=292"}],"curies":[{"name":"wp","href":"https:\/\/api.w.org\/{rel}","templated":true}]}}