{"id":293,"date":"2023-07-11T09:15:52","date_gmt":"2023-07-11T07:15:52","guid":{"rendered":"https:\/\/geopark.egpromotion.com\/?page_id=293"},"modified":"2023-10-11T19:45:44","modified_gmt":"2023-10-11T17:45:44","slug":"p","status":"publish","type":"page","link":"https:\/\/geopark.egpromotion.com\/en\/p","title":{"rendered":"Projekte"},"content":{"rendered":"<div style=\"height:71px\" aria-hidden=\"true\" class=\"wp-block-spacer\"><\/div>\n\n\n\n<div class=\"wp-block-columns is-layout-flex wp-container-core-columns-is-layout-9d6595d7 wp-block-columns-is-layout-flex\">\n<div class=\"wp-block-column is-layout-flow wp-block-column-is-layout-flow\" style=\"flex-basis:100%\">\n<div class=\"wp-block-columns is-layout-flex wp-container-core-columns-is-layout-9d6595d7 wp-block-columns-is-layout-flex\">\n<div class=\"wp-block-column is-layout-flow wp-block-column-is-layout-flow\" style=\"flex-basis:50%\">\n<div id=\"section-gabd4b0\" class=\"wp-block-gutentor-e6 section-gabd4b0 gutentor-element gutentor-element-image\"><div class=\"gutentor-element-image-box\"><div class=\"gutentor-image-thumb\"><img decoding=\"async\" class=\"normal-image\" src=\"https:\/\/geopark.egpromotion.com\/wp-content\/uploads\/2023\/09\/20230724_135828-2-scaled.jpg\"\/><\/div><\/div><\/div>\n<\/div>\n\n\n\n<div class=\"wp-block-column is-layout-flow wp-block-column-is-layout-flow\" style=\"flex-basis:50%\">\n<div id=\"section-gd306ff\" class=\"wp-block-gutentor-e0 section-gd306ff gutentor-element gutentor-element-advanced-text\"><div class=\"gutentor-text-wrap\"><p class=\"gutentor-text\"><strong>Erfolgreiche Revalidation<\/strong><\/p><\/div><\/div>\n\n\n\n<div id=\"section-g372f7d\" class=\"wp-block-gutentor-e0 section-g372f7d gutentor-element gutentor-element-advanced-text\"><div class=\"gutentor-text-wrap\"><p class=\"gutentor-text\">Das Projekt &#8220;Revalidation&#8221; und Upgrade geologischer Informationen im &#8220;Erz der Alpen&#8221; UNESCO Global Geopark wurde durch die Geopark F\u00f6rderungen des Earth System Sciences (ESS) Nationalkomitee &#8220;Geo\/Hydro Sciences&#8221; finanziert. Das Projekt wurde 2023 abgeschlossen und die vorgegebenen Ziele erreicht:\u00a0die\u00a0\u00a0Absicherung des Status UNESCO Global Geopark f\u00fcr weitere 4 Jahre, die Erstellung\u00a0einer Brosch\u00fcre\u00a0<a rel=\"noreferrer noopener\" href=\"http:\/\/geopark-erzderalpen.at\/wp-content\/uploads\/2023\/07\/Geotope_compressed.pdf\" target=\"_blank\"><strong>&#8220;Geotope im Erz der Alpen UNESCO Global Geopark<\/strong>\u201c<\/a>\u00a0und die\u00a0Erstellung einer Brosch\u00fcre\u00a0<strong><a rel=\"noreferrer noopener\" href=\"https:\/\/geopark.egpromotion.com\/wp-content\/uploads\/2023\/09\/BOeDEN-GP-EDA-2023.pdf\" target=\"_blank\">\u201eB\u00f6den im Erz der Alpen UNESCO Global Geopark\u201c<\/a>\u00a0<\/strong>mit umfangreichen Informationen als Bildungsunterlagen zu verwenden. Der entsprechende Dank daf\u00fcr geb\u00fchrt der \u00d6sterreichischen Akademie der Wissenschaften und dem Nationalkomitee Geo\/Hydro Sciences.<br><br><a rel=\"noreferrer noopener\" href=\"https:\/\/geopark.egpromotion.com\/wp-content\/uploads\/2023\/09\/2023-Ore-of-the-Alps-revalidation-Certificate.pdf\" target=\"_blank\"><strong>Erfolgreiche Revalidation des Erz der Alpen UNESCO Global Geopark<\/strong><\/a><br><\/p><\/div><\/div>\n<\/div>\n<\/div>\n<\/div>\n<\/div>\n\n\n\n<div style=\"height:71px\" aria-hidden=\"true\" class=\"wp-block-spacer\"><\/div>\n\n\n\n<div style=\"height:0px\" aria-hidden=\"true\" class=\"wp-block-spacer\"><\/div>\n\n\n\n<div class=\"wp-block-columns alignwide is-layout-flex wp-container-core-columns-is-layout-9d6595d7 wp-block-columns-is-layout-flex\">\n<div class=\"wp-block-column is-layout-flow wp-block-column-is-layout-flow\">\n<figure class=\"wp-block-image size-full is-resized\"><img loading=\"lazy\" decoding=\"async\" src=\"https:\/\/geopark.egpromotion.com\/wp-content\/uploads\/2023\/07\/VEDA-News1.png\" alt=\"\" class=\"wp-image-415\" style=\"width:534px;height:299px\" width=\"534\" height=\"299\" srcset=\"https:\/\/geopark.egpromotion.com\/wp-content\/uploads\/2023\/07\/VEDA-News1.png 512w, https:\/\/geopark.egpromotion.com\/wp-content\/uploads\/2023\/07\/VEDA-News1-300x168.png 300w\" sizes=\"auto, (max-width: 534px) 100vw, 534px\" \/><\/figure>\n<\/div>\n\n\n\n<div class=\"wp-block-column is-layout-flow wp-block-column-is-layout-flow\">\n<p><strong>Danube Transnational Programme<\/strong><\/p>\n\n\n\n<p>Der Erz der Alpen UNESCO Global Geopark nimmt als &#8220;Associated Strategic Partner&#8221; am &#8220;Danube Transnational Programme&#8221; teil. Bei diesem Projekt geht es darum den einizigartigen geowissenschaftlichen Wert der UNESCO Geoparks, die im Einzugsbereich der Donau liegen, durch nachhaltige touristische Entwicklung in Wert zu setzen. Besonderer Wert wird dabei auf die Einbeziehung der ans\u00e4ssigen Bev\u00f6lkerung gelegt, ein sogenannter &#8220;bottom up approach&#8221;, vor allem in der Geoprodukt-Strategie (GeoFood) Anwendung finden.<\/p>\n<\/div>\n<\/div>\n\n\n\n<div style=\"height:71px\" aria-hidden=\"true\" class=\"wp-block-spacer\"><\/div>\n\n\n\n<div class=\"wp-block-columns alignwide is-layout-flex wp-container-core-columns-is-layout-9d6595d7 wp-block-columns-is-layout-flex\">\n<div class=\"wp-block-column is-layout-flow wp-block-column-is-layout-flow\">\n<figure class=\"wp-block-image size-full\"><img loading=\"lazy\" decoding=\"async\" width=\"768\" height=\"431\" src=\"https:\/\/geopark.egpromotion.com\/wp-content\/uploads\/2023\/07\/Homepage-Bild-neu-klein-1-768x431-1.jpg\" alt=\"\" class=\"wp-image-418\" srcset=\"https:\/\/geopark.egpromotion.com\/wp-content\/uploads\/2023\/07\/Homepage-Bild-neu-klein-1-768x431-1.jpg 768w, https:\/\/geopark.egpromotion.com\/wp-content\/uploads\/2023\/07\/Homepage-Bild-neu-klein-1-768x431-1-300x168.jpg 300w\" sizes=\"auto, (max-width: 768px) 100vw, 768px\" \/><\/figure>\n<\/div>\n\n\n\n<div class=\"wp-block-column is-layout-flow wp-block-column-is-layout-flow\">\n<p><strong>ESS-Movemont Projekt<\/strong><\/p>\n\n\n\n<p>ESS-program &#8220;Moving mountains \u2013 landslides as geosystem services in Austrian Geoparks&#8221;. Wo sind die Massenbewegungsgebiete im Geopark? Was sind die untr\u00fcgerischen Merkmale eines aktiven zw. fossilen Massenbewegungsgebietes? Ein Umweltbildungsprogramm mit dem Titel: \u201eGebirgsgefahren in Zeiten des Klimawandels\u201c soll daraus, in Zusammenarbeit mit der Universit\u00e4t Salzburg und der ZAMG (Zentralanstalt f\u00fcr Meteorologie und Geodynamik) entwickelt werden. Muren, Steinschlag und Rutschungen gelten als ein permanentes Risikopotential im Geopark. Projekt der \u00d6sterreichischen Akademie der Wissenschaften.<\/p>\n\n\n\n<p>Weitere Informationen zum Projekt finden Sie hier: <a href=\"http:\/\/www.movemont.at\"><mark style=\"background-color:rgba(0, 0, 0, 0)\" class=\"has-inline-color has-black-color\"><strong>movemont.at<\/strong><\/mark><\/a><\/p>\n<\/div>\n<\/div>\n\n\n\n<div style=\"height:71px\" aria-hidden=\"true\" class=\"wp-block-spacer\"><\/div>\n\n\n\n<div class=\"wp-block-columns alignwide is-layout-flex wp-container-core-columns-is-layout-9d6595d7 wp-block-columns-is-layout-flex\">\n<div class=\"wp-block-column is-layout-flow wp-block-column-is-layout-flow\">\n<figure class=\"wp-block-image size-large is-resized\"><img loading=\"lazy\" decoding=\"async\" src=\"https:\/\/geopark.egpromotion.com\/wp-content\/uploads\/2023\/07\/Partie-1024x575.jpg\" alt=\"\" class=\"wp-image-419\" style=\"width:535px;height:300px\" width=\"535\" height=\"300\" srcset=\"https:\/\/geopark.egpromotion.com\/wp-content\/uploads\/2023\/07\/Partie-1024x575.jpg 1024w, https:\/\/geopark.egpromotion.com\/wp-content\/uploads\/2023\/07\/Partie-300x168.jpg 300w, https:\/\/geopark.egpromotion.com\/wp-content\/uploads\/2023\/07\/Partie-768x431.jpg 768w, https:\/\/geopark.egpromotion.com\/wp-content\/uploads\/2023\/07\/Partie-1536x862.jpg 1536w, https:\/\/geopark.egpromotion.com\/wp-content\/uploads\/2023\/07\/Partie-2048x1150.jpg 2048w\" sizes=\"auto, (max-width: 535px) 100vw, 535px\" \/><\/figure>\n<\/div>\n\n\n\n<div class=\"wp-block-column is-layout-flow wp-block-column-is-layout-flow\">\n<p><strong>\u00d6sterreichische Geoparkstrategie<\/strong><\/p>\n\n\n\n<p>Erstellung der \u00f6sterreichischen Geopark Strategie: Die drei \u00f6sterreichischen UNESCO Global Geoparks Steirische Eisenwurzen, Karawanken und Erz der Alpen sind gerade dabei die \u00f6sterreichische Geoparkstrategie 2021-2030 zu entwerfen. Gemeinsam mit der \u00f6sterreichischen UNESCO Kommission (\u00d6UK) und der \u00f6sterreichischen Akademie der Wissenschaften (\u00d6AW) wird ein Strategiepapier entwickelt, das zur Vorlage f\u00fcr Bund und L\u00e4nder bestimmt ist und die Stellung der Geoparke in \u00d6sterreich klar definiert. Die Arbeiten daran sollen bis sp\u00e4testens Herbst 2021 abgeschlossen sein. Foto von links nach rechts: Horst Ibetsberger, Gerald Hartmann, Oliver Gulas, Heinz Kollmann.<\/p>\n<\/div>\n<\/div>\n\n\n\n<div style=\"height:71px\" aria-hidden=\"true\" class=\"wp-block-spacer\"><\/div>\n\n\n\n<div class=\"wp-block-columns alignwide is-layout-flex wp-container-core-columns-is-layout-9d6595d7 wp-block-columns-is-layout-flex\">\n<div class=\"wp-block-column is-layout-flow wp-block-column-is-layout-flow\" style=\"flex-basis:50%\">\n<figure class=\"wp-block-image size-large is-resized\"><img loading=\"lazy\" decoding=\"async\" src=\"https:\/\/geopark.egpromotion.com\/wp-content\/uploads\/2023\/07\/Buchbergkichel-1024x768.jpg\" alt=\"\" class=\"wp-image-420\" style=\"width:550px;height:413px\" width=\"550\" height=\"413\" srcset=\"https:\/\/geopark.egpromotion.com\/wp-content\/uploads\/2023\/07\/Buchbergkichel-1024x768.jpg 1024w, https:\/\/geopark.egpromotion.com\/wp-content\/uploads\/2023\/07\/Buchbergkichel-300x225.jpg 300w, https:\/\/geopark.egpromotion.com\/wp-content\/uploads\/2023\/07\/Buchbergkichel-768x576.jpg 768w, https:\/\/geopark.egpromotion.com\/wp-content\/uploads\/2023\/07\/Buchbergkichel-1536x1152.jpg 1536w, https:\/\/geopark.egpromotion.com\/wp-content\/uploads\/2023\/07\/Buchbergkichel-2048x1536.jpg 2048w, https:\/\/geopark.egpromotion.com\/wp-content\/uploads\/2023\/07\/Buchbergkichel-80x60.jpg 80w\" sizes=\"auto, (max-width: 550px) 100vw, 550px\" \/><\/figure>\n<\/div>\n\n\n\n<div class=\"wp-block-column is-layout-flow wp-block-column-is-layout-flow\">\n<p><strong>Relaunch des Erzweges Kupfer und Erstellung von Informationstafeln zu den Geosites:<\/strong>&nbsp;<\/p>\n\n\n\n<p>Zur Zeit ist gerade ein LEADER Projekt in der Antragstellungsphase, das eine Aktualisierung des Erzweges Kupfer und eine Inwertsetzung der Geosites zum Inhalt hat. Neben den Geoparkgemeinden und Tourismusverb\u00e4nden soll dabei auch die Universit\u00e4t Salzburg \u2013 Fachbereich Geographie und Geologie \u2013 einen wesentlichen Beitrag leisten. Das Projekt soll 2021\/22 umgesetzt werden.<\/p>\n<\/div>\n<\/div>\n\n\n\n<div style=\"height:71px\" aria-hidden=\"true\" class=\"wp-block-spacer\"><\/div>\n\n\n\n<div class=\"wp-block-columns alignwide is-layout-flex wp-container-core-columns-is-layout-9d6595d7 wp-block-columns-is-layout-flex\">\n<div class=\"wp-block-column is-layout-flow wp-block-column-is-layout-flow\">\n<figure class=\"wp-block-image size-large is-resized\"><img loading=\"lazy\" decoding=\"async\" src=\"https:\/\/geopark.egpromotion.com\/wp-content\/uploads\/2023\/07\/Partie2-1024x575.jpg\" alt=\"\" class=\"wp-image-421\" style=\"width:535px;height:301px\" width=\"535\" height=\"301\" srcset=\"https:\/\/geopark.egpromotion.com\/wp-content\/uploads\/2023\/07\/Partie2-1024x575.jpg 1024w, https:\/\/geopark.egpromotion.com\/wp-content\/uploads\/2023\/07\/Partie2-300x168.jpg 300w, https:\/\/geopark.egpromotion.com\/wp-content\/uploads\/2023\/07\/Partie2-768x431.jpg 768w, https:\/\/geopark.egpromotion.com\/wp-content\/uploads\/2023\/07\/Partie2-1536x862.jpg 1536w, https:\/\/geopark.egpromotion.com\/wp-content\/uploads\/2023\/07\/Partie2-2048x1150.jpg 2048w\" sizes=\"auto, (max-width: 535px) 100vw, 535px\" \/><\/figure>\n<\/div>\n\n\n\n<div class=\"wp-block-column is-layout-flow wp-block-column-is-layout-flow\">\n<p><strong>Verl\u00e4ngerung der Kooperationsvertr\u00e4ge mit den Geoparkpartnern Inselsberg \u2013 3 Gleichen in Th\u00fcringen und Porphyrland in Sachsen.<\/strong><\/p>\n\n\n\n<p>Der gemeinsame Workshop in Bischofshofen zur Erstellung eines mittelfristigen Strategiepapiers sollte im Juni 2020 stattfinden. Coronabedingt wurde dieser auf Juni 2021 verschoben und soll nun im September 2021 stattfinden. Auf diesem Wege wollen wir zugleich unserem Partner Geopark in Th\u00fcringen recht herzlich zum Erreichen des&nbsp;&nbsp;&nbsp; Zieles UNESCO Global Geopark gratulieren!<\/p>\n<\/div>\n<\/div>\n\n\n\n<div style=\"height:71px\" aria-hidden=\"true\" class=\"wp-block-spacer\"><\/div>\n\n\n\n<div class=\"wp-block-columns alignwide is-layout-flex wp-container-core-columns-is-layout-9d6595d7 wp-block-columns-is-layout-flex\">\n<div class=\"wp-block-column is-layout-flow wp-block-column-is-layout-flow\">\n<figure class=\"wp-block-image size-large\"><img loading=\"lazy\" decoding=\"async\" width=\"1024\" height=\"768\" src=\"https:\/\/geopark.egpromotion.com\/wp-content\/uploads\/2023\/07\/Partie3-1024x768.jpg\" alt=\"\" class=\"wp-image-422\" srcset=\"https:\/\/geopark.egpromotion.com\/wp-content\/uploads\/2023\/07\/Partie3-1024x768.jpg 1024w, https:\/\/geopark.egpromotion.com\/wp-content\/uploads\/2023\/07\/Partie3-300x225.jpg 300w, https:\/\/geopark.egpromotion.com\/wp-content\/uploads\/2023\/07\/Partie3-768x576.jpg 768w, https:\/\/geopark.egpromotion.com\/wp-content\/uploads\/2023\/07\/Partie3-1536x1152.jpg 1536w, https:\/\/geopark.egpromotion.com\/wp-content\/uploads\/2023\/07\/Partie3-2048x1536.jpg 2048w, https:\/\/geopark.egpromotion.com\/wp-content\/uploads\/2023\/07\/Partie3-80x60.jpg 80w\" sizes=\"auto, (max-width: 1024px) 100vw, 1024px\" \/><\/figure>\n<\/div>\n\n\n\n<div class=\"wp-block-column is-layout-flow wp-block-column-is-layout-flow\">\n<p><strong>Klimaaktionstag Besucherzentrum Bischofshofen 2019\/2020\u2026 Klimaschutz ist Umweltschutz<\/strong><\/p>\n\n\n\n<p>Im Fokus des Projektes steht der Aufkl\u00e4rungs- u. Bildungsaspekt mit der Etablierung des Erz der Alpen UNESCO Global Geopark Besucherzentrum zu einer aktuellen Klimaplattform f\u00fcr die junge Generation. Durch Installationen und interaktive Stationen soll das Aufkl\u00e4ren und Umdenken im Handeln hinsichtlich Klimaschutz und Umweltschutz vorangetrieben werden. Indoor wurde das klimatische Szenario sch\u00fclergerecht, plakativ aufbereitet. Outdoor finden sich sechs Stationen mit Themen wie Biodiversit\u00e4t, Neophyten, Schutzwald, Bienen, Bodenversiegelung.<br>2020 wurde noch vor der Coronapause die Aktion in mehreren Schulen fortgesetzt.<\/p>\n<\/div>\n<\/div>","protected":false},"excerpt":{"rendered":"<p>Danube Transnational Programme Der Erz der Alpen UNESCO Global Geopark nimmt als &#8220;Associated Strategic Partner&#8221; am &#8220;Danube Transnational Programme&#8221; teil. Bei diesem Projekt geht es darum den einizigartigen geowissenschaftlichen Wert der UNESCO Geoparks, die im Einzugsbereich der Donau liegen, durch nachhaltige touristische Entwicklung in Wert zu setzen. Besonderer Wert wird dabei auf die Einbeziehung der ans\u00e4ssigen Bev\u00f6lkerung gelegt, ein sogenannter [&hellip;]<\/p>","protected":false},"author":3,"featured_media":0,"parent":0,"menu_order":0,"comment_status":"closed","ping_status":"closed","template":"","meta":{"inline_featured_image":false,"_uag_custom_page_level_css":"","footnotes":""},"class_list":["post-293","page","type-page","status-publish","hentry"],"acf":[],"uagb_featured_image_src":{"full":false,"thumbnail":false,"medium":false,"medium_large":false,"large":false,"1536x1536":false,"2048x2048":false,"trp-custom-language-flag":false,"gutener-1920-550":false,"gutener-1370-550":false,"gutener-590-310":false,"gutener-420-380":false,"gutener-420-300":false,"gutener-420-200":false,"gutener-290-150":false,"gutener-80-60":false},"uagb_author_info":{"display_name":"r.gamsjaeger@egpromotion.com","author_link":"https:\/\/geopark.egpromotion.com\/en\/author\/r-gamsjaegeregpromotion-com"},"uagb_comment_info":0,"uagb_excerpt":"Danube Transnational Programme Der Erz der Alpen UNESCO Global Geopark nimmt als &#8220;Associated Strategic Partner&#8221; am &#8220;Danube Transnational Programme&#8221; teil. Bei diesem Projekt geht es darum den einizigartigen geowissenschaftlichen Wert der UNESCO Geoparks, die im Einzugsbereich der Donau liegen, durch nachhaltige touristische Entwicklung in Wert zu setzen. Besonderer Wert wird dabei auf die Einbeziehung der&hellip;","mfb_rest_fields":["uagb_featured_image_src","uagb_author_info","uagb_comment_info","uagb_excerpt"],"_links":{"self":[{"href":"https:\/\/geopark.egpromotion.com\/en\/wp-json\/wp\/v2\/pages\/293","targetHints":{"allow":["GET"]}}],"collection":[{"href":"https:\/\/geopark.egpromotion.com\/en\/wp-json\/wp\/v2\/pages"}],"about":[{"href":"https:\/\/geopark.egpromotion.com\/en\/wp-json\/wp\/v2\/types\/page"}],"author":[{"embeddable":true,"href":"https:\/\/geopark.egpromotion.com\/en\/wp-json\/wp\/v2\/users\/3"}],"replies":[{"embeddable":true,"href":"https:\/\/geopark.egpromotion.com\/en\/wp-json\/wp\/v2\/comments?post=293"}],"version-history":[{"count":13,"href":"https:\/\/geopark.egpromotion.com\/en\/wp-json\/wp\/v2\/pages\/293\/revisions"}],"predecessor-version":[{"id":1494,"href":"https:\/\/geopark.egpromotion.com\/en\/wp-json\/wp\/v2\/pages\/293\/revisions\/1494"}],"wp:attachment":[{"href":"https:\/\/geopark.egpromotion.com\/en\/wp-json\/wp\/v2\/media?parent=293"}],"curies":[{"name":"wp","href":"https:\/\/api.w.org\/{rel}","templated":true}]}}