{"id":294,"date":"2023-07-11T09:15:52","date_gmt":"2023-07-11T07:15:52","guid":{"rendered":"https:\/\/geopark.egpromotion.com\/?page_id=294"},"modified":"2023-11-02T13:12:33","modified_gmt":"2023-11-02T12:12:33","slug":"angebote","status":"publish","type":"page","link":"https:\/\/geopark.egpromotion.com\/en\/angebote","title":{"rendered":"Angebote"},"content":{"rendered":"<p><br><br><\/p>\n\n\n\n<p style=\"font-size:18px\"><strong>F\u00fchrungen und Exkursionen <\/strong><\/p>\n\n\n\n<div class=\"wp-block-group alignfull\"><div class=\"wp-block-group__inner-container is-layout-flow wp-block-group-is-layout-flow\">\n<p><\/p>\n\n\n\n<p>Wer den UNESCO Global Geopark n\u00e4her kennenlernen m\u00f6chte, f\u00fcr den gibt es die M\u00f6glichkeit spezielle (Fach-) F\u00fchrungen f\u00fcr Gruppen und auch Schulklassen zu buchen. Diese sind mindestens zwei Wochen vorab anzumelden. Die F\u00fchrungen im Besucherzentrum oder am Erzweg k\u00f6nnen an die Zielgruppe in Bezug auf Thematik und L\u00e4nge angepasst werden.<\/p>\n\n\n\n<p>Informieren Sie sich bei Interesse zu unseren Angeboten beim Tourismusverband Bischofshofen oder direkt beim Verein Erz der Alpen, wir helfen Ihnen gerne das beste Angebote f\u00fcr Sie zusammenzustellen.<\/p>\n<\/div><\/div>\n\n\n\n<p><br><\/p>\n\n\n\n<div class=\"wp-block-group alignfull\"><div class=\"wp-block-group__inner-container is-layout-flow wp-block-group-is-layout-flow\">\n<p style=\"font-size:18px\"><strong>Angebot Fachf\u00fchrung Besucherzentrum <\/strong><\/p>\n\n\n\n<p>Wussten sie, dass das Kupfer aus dem Geopark Erz der Alpen f\u00fcr die Produktion der weltber\u00fchmten Scheibe von Nebra verwendet wurde? Diese Geschichte und noch viele weitere erstaunlichen Informationen beinhaltet eine Fachf\u00fchrung im Besucherzentrum. Wenn sie sich f\u00fcr die Besonderheiten unserer Erdgeschichte und insbesondere dem Geopark Erz der Alpen interessieren, dann freuen wir uns auf ihre Anfrage direkt an den Verein Erz der Alpen (siehe Kontakt). <br>Dauer rund 1,5 Stunden <br>F\u00fcr Gruppen ab 10 Personen (bis max. 40 Personen) <br>Preis: pauschal \u20ac 200,&#8211; inkl. Mwst. <\/p>\n<\/div><\/div>\n\n\n\n<p><br><\/p>\n\n\n\n<div class=\"wp-block-group alignfull\"><div class=\"wp-block-group__inner-container is-layout-flow wp-block-group-is-layout-flow\">\n<p style=\"font-size:18px\"><strong>Kontakt<\/strong><\/p>\n\n\n\n<p><strong>Verein Erz der Alpen <\/strong><br>Franz-Mohshammer-Platz 12<br>5500 Bischofshofen<br>E-Mail: info@geopark-erzderalpen.at<\/p>\n<\/div><\/div>\n\n\n\n<div class=\"wp-block-group alignfull\"><div class=\"wp-block-group__inner-container is-layout-flow wp-block-group-is-layout-flow\">\n<div class=\"wp-block-columns alignwide is-layout-flex wp-container-core-columns-is-layout-9d6595d7 wp-block-columns-is-layout-flex\">\n<div class=\"wp-block-column is-layout-flow wp-block-column-is-layout-flow\">\n<div id=\"section-g7cb460\" class=\"wp-block-gutentor-e6 section-g7cb460 gutentor-element gutentor-element-image\"><div class=\"gutentor-element-image-box\"><div class=\"gutentor-image-thumb\"><img decoding=\"async\" class=\"normal-image\" src=\"https:\/\/geopark.egpromotion.com\/wp-content\/uploads\/2023\/10\/IMG_6232-2-scaled.jpg\"\/><\/div><\/div><\/div>\n<\/div>\n\n\n\n<div class=\"wp-block-column is-layout-flow wp-block-column-is-layout-flow\">\n<div id=\"section-gd3e1c8\" class=\"wp-block-gutentor-e6 section-gd3e1c8 gutentor-element gutentor-element-image\"><div class=\"gutentor-element-image-box\"><div class=\"gutentor-image-thumb\"><img decoding=\"async\" class=\"normal-image\" src=\"https:\/\/geopark.egpromotion.com\/wp-content\/uploads\/2023\/11\/IMG_3172-scaled.jpeg\"\/><\/div><\/div><\/div>\n<\/div>\n<\/div>\n\n\n\n<div class=\"wp-block-columns alignwide is-layout-flex wp-container-core-columns-is-layout-9d6595d7 wp-block-columns-is-layout-flex\">\n<div class=\"wp-block-column is-layout-flow wp-block-column-is-layout-flow\"><\/div>\n<\/div>\n\n\n\n<div class=\"wp-block-columns is-layout-flex wp-container-core-columns-is-layout-9d6595d7 wp-block-columns-is-layout-flex\">\n<div class=\"wp-block-column is-layout-flow wp-block-column-is-layout-flow\">\n<p><\/p>\n<\/div>\n<\/div>\n\n\n\n<div style=\"height:40px\" aria-hidden=\"true\" class=\"wp-block-spacer\"><\/div>\n\n\n\n<hr class=\"wp-block-separator has-css-opacity is-style-default\"\/>\n<\/div><\/div>","protected":false},"excerpt":{"rendered":"<p>F\u00fchrungen und Exkursionen Wer den UNESCO Global Geopark n\u00e4her kennenlernen m\u00f6chte, f\u00fcr den gibt es die M\u00f6glichkeit spezielle (Fach-) F\u00fchrungen f\u00fcr Gruppen und auch Schulklassen zu buchen. Diese sind mindestens zwei Wochen vorab anzumelden. Die F\u00fchrungen im Besucherzentrum oder am Erzweg k\u00f6nnen an die Zielgruppe in Bezug auf Thematik und L\u00e4nge angepasst werden. Informieren Sie sich bei Interesse zu unseren [&hellip;]<\/p>","protected":false},"author":3,"featured_media":0,"parent":0,"menu_order":0,"comment_status":"closed","ping_status":"closed","template":"","meta":{"inline_featured_image":false,"_uag_custom_page_level_css":"","footnotes":""},"class_list":["post-294","page","type-page","status-publish","hentry"],"acf":[],"uagb_featured_image_src":{"full":false,"thumbnail":false,"medium":false,"medium_large":false,"large":false,"1536x1536":false,"2048x2048":false,"trp-custom-language-flag":false,"gutener-1920-550":false,"gutener-1370-550":false,"gutener-590-310":false,"gutener-420-380":false,"gutener-420-300":false,"gutener-420-200":false,"gutener-290-150":false,"gutener-80-60":false},"uagb_author_info":{"display_name":"r.gamsjaeger@egpromotion.com","author_link":"https:\/\/geopark.egpromotion.com\/en\/author\/r-gamsjaegeregpromotion-com"},"uagb_comment_info":0,"uagb_excerpt":"F\u00fchrungen und Exkursionen Wer den UNESCO Global Geopark n\u00e4her kennenlernen m\u00f6chte, f\u00fcr den gibt es die M\u00f6glichkeit spezielle (Fach-) F\u00fchrungen f\u00fcr Gruppen und auch Schulklassen zu buchen. Diese sind mindestens zwei Wochen vorab anzumelden. Die F\u00fchrungen im Besucherzentrum oder am Erzweg k\u00f6nnen an die Zielgruppe in Bezug auf Thematik und L\u00e4nge angepasst werden. Informieren Sie&hellip;","mfb_rest_fields":["uagb_featured_image_src","uagb_author_info","uagb_comment_info","uagb_excerpt"],"_links":{"self":[{"href":"https:\/\/geopark.egpromotion.com\/en\/wp-json\/wp\/v2\/pages\/294","targetHints":{"allow":["GET"]}}],"collection":[{"href":"https:\/\/geopark.egpromotion.com\/en\/wp-json\/wp\/v2\/pages"}],"about":[{"href":"https:\/\/geopark.egpromotion.com\/en\/wp-json\/wp\/v2\/types\/page"}],"author":[{"embeddable":true,"href":"https:\/\/geopark.egpromotion.com\/en\/wp-json\/wp\/v2\/users\/3"}],"replies":[{"embeddable":true,"href":"https:\/\/geopark.egpromotion.com\/en\/wp-json\/wp\/v2\/comments?post=294"}],"version-history":[{"count":19,"href":"https:\/\/geopark.egpromotion.com\/en\/wp-json\/wp\/v2\/pages\/294\/revisions"}],"predecessor-version":[{"id":1721,"href":"https:\/\/geopark.egpromotion.com\/en\/wp-json\/wp\/v2\/pages\/294\/revisions\/1721"}],"wp:attachment":[{"href":"https:\/\/geopark.egpromotion.com\/en\/wp-json\/wp\/v2\/media?parent=294"}],"curies":[{"name":"wp","href":"https:\/\/api.w.org\/{rel}","templated":true}]}}