{"id":297,"date":"2023-07-11T09:15:52","date_gmt":"2023-07-11T07:15:52","guid":{"rendered":"https:\/\/geopark.egpromotion.com\/?page_id=297"},"modified":"2023-10-18T10:23:49","modified_gmt":"2023-10-18T08:23:49","slug":"vier-gemeinden","status":"publish","type":"page","link":"https:\/\/geopark.egpromotion.com\/en\/vier-gemeinden","title":{"rendered":"Geoparkgemeinden"},"content":{"rendered":"<div id=\"section-gdb1290\" class=\"wp-block-gutentor-e0 section-gdb1290 gutentor-element gutentor-element-advanced-text\"><div class=\"gutentor-text-wrap\"><p class=\"gutentor-text\"><strong>Vier sehenswerte Orte mit langer Geschichte<\/strong><br><br><\/p><\/div><\/div>\n\n\n\n<div id=\"section-g6173b5\" class=\"wp-block-gutentor-e0 section-g6173b5 gutentor-element gutentor-element-advanced-text\"><div class=\"gutentor-text-wrap\"><p class=\"gutentor-text\">H\u00fcttau, Bischofshofen, M\u00fchlbach am Hochk\u00f6nig und die &#8220;Sonnenterrasse&#8221; St. Veit im Pongau \u2013 alle vier Orte sind nicht nur Teil des Erz der Alpen\u00a0UNESCO Global Geopark, sondern jeder f\u00fcr sich eine Attraktion \u2013 jeder auf seine Art und alle definitiv sehenswert.<\/p><\/div><\/div>\n\n\n\n<div id=\"section-g46babd\" class=\"wp-block-gutentor-e0 section-g46babd gutentor-element gutentor-element-advanced-text\"><div class=\"gutentor-text-wrap\"><p class=\"gutentor-text\"><br><br><\/p><\/div><\/div>\n\n\n\n<div id=\"section-ga68082\" class=\"wp-block-gutentor-e0 section-ga68082 gutentor-element gutentor-element-advanced-text\"><div class=\"gutentor-text-wrap\"><p class=\"gutentor-text\"><strong>H\u00fcttau<\/strong><\/p><\/div><\/div>\n\n\n\n<div class=\"wp-block-columns is-layout-flex wp-container-core-columns-is-layout-9d6595d7 wp-block-columns-is-layout-flex\">\n<div class=\"wp-block-column is-layout-flow wp-block-column-is-layout-flow\" style=\"flex-basis:33.34%\">\n<div id=\"section-g9d3316\" class=\"wp-block-gutentor-e6 alignwide section-g9d3316 gutentor-element gutentor-element-image gutentor-enabled-width\"><div class=\"gutentor-element-image-box\"><div class=\"gutentor-image-thumb\"><img decoding=\"async\" class=\"normal-image\" src=\"https:\/\/geopark.egpromotion.com\/wp-content\/uploads\/2023\/09\/admin-ajax.php-2-1.jpeg\"\/><\/div><\/div><\/div>\n<\/div>\n\n\n\n<div class=\"wp-block-column is-layout-flow wp-block-column-is-layout-flow\" style=\"flex-basis:33.34%\">\n<p class=\"has-black-color has-text-color\">Erstmals urkundlich erw\u00e4hnt im Jahr 1325, war der Ort vom 16. bis 19. Jahrhundert gepr\u00e4gt durch den Bergbau und die H\u00fcttenwerke. Heute ist diese kleine Gemeinde im Fritztal ein Anziehungspunkt f\u00fcr Urlauber und Bergbauinteressierten.&nbsp;In H\u00fcttau befindet sich <mark style=\"background-color:rgba(0, 0, 0, 0)\" class=\"has-inline-color has-black-color\">das Schaubergwerk Kupferzeche Larzenbach und das Museum &#8220;Erze, Gold und Minerale&#8221;. <\/mark><\/p>\n<\/div>\n\n\n\n<div class=\"wp-block-column is-layout-flow wp-block-column-is-layout-flow\" style=\"flex-basis:33.33%\">\n<p><strong>Hier finden Sie weitere Informationen zu H\u00fcttau <\/strong><\/p>\n\n\n\n<p><a href=\"https:\/\/huettau-niedernfritz.at\"><mark style=\"background-color:rgba(0, 0, 0, 0)\" class=\"has-inline-color has-black-color\">Tourismusverband H\u00fcttau <\/mark><\/a><\/p>\n\n\n\n<p><a href=\"https:\/\/www.huettau.at\"><mark style=\"background-color:rgba(0, 0, 0, 0)\" class=\"has-inline-color has-black-color\">Gemeinde H\u00fcttau <\/mark><\/a><\/p>\n<\/div>\n<\/div>\n\n\n\n<div id=\"section-g18ccbe\" class=\"wp-block-gutentor-e0 section-g18ccbe gutentor-element gutentor-element-advanced-text\"><div class=\"gutentor-text-wrap\"><p class=\"gutentor-text\"><br><br><\/p><\/div><\/div>\n\n\n\n<div id=\"section-g9d77df\" class=\"wp-block-gutentor-e0 section-g9d77df gutentor-element gutentor-element-advanced-text\"><div class=\"gutentor-text-wrap\"><p class=\"gutentor-text\"><strong>Bergbau in H\u00fcttau <\/strong><\/p><\/div><\/div>\n\n\n\n<div class=\"wp-block-columns is-layout-flex wp-container-core-columns-is-layout-9d6595d7 wp-block-columns-is-layout-flex\">\n<div class=\"wp-block-column is-layout-flow wp-block-column-is-layout-flow\" style=\"flex-basis:33.34%\">\n<div id=\"section-gaae0ff\" class=\"wp-block-gutentor-e6 section-gaae0ff gutentor-element gutentor-element-image\"><div class=\"gutentor-element-image-box\"><div class=\"gutentor-image-thumb\"><img decoding=\"async\" class=\"normal-image\" src=\"https:\/\/geopark.egpromotion.com\/wp-content\/uploads\/2023\/09\/IMG_3629-scaled.jpeg\"\/><\/div><\/div><\/div>\n<\/div>\n\n\n\n<div class=\"wp-block-column is-layout-flow wp-block-column-is-layout-flow\" style=\"flex-basis:33.34%\">\n<p>Der Name H\u00fcttau leitet sich von den ehemaligen H\u00fcttenwerken dieser Region ab. In der ersten H\u00e4lfte des 10. Jahrhunderts entsandte der Salzburger Erzbischof Pilgrim I. einen Pfarrer in den Ort, woraus geschlossen werden kann, dass die Besiedlung um diese Zeit einsetzte. Um 1515 wird in den Annalen bereits ein Kupferschmelzwerk erw\u00e4hnt.&nbsp;Die Kupferzeche am Larzenbach d\u00fcrfte auf das 13.\/14. Jahrhundert zur\u00fcckgehen. Urkundlich wird sie erstmals 1549 genannt. Der gewonnene Kupferkies mit einem Gehalt von ca. 15% Kupfer wurde in der &#8220;Ernst H\u00fctte&#8221;, nahe Niederfritz verarbeitet. Aufzeichnungen aus der Mitte des 16. Jahrhunderts berichten von ca. 150 Besch\u00e4ftigten im H\u00fcttauer Berg- und H\u00fcttenwerk. Dieser Abschnitt entsprach auch der Hochbl\u00fcte w\u00e4hrend das Ende bereits nahte.&nbsp;<\/p>\n<\/div>\n\n\n\n<div class=\"wp-block-column is-layout-flow wp-block-column-is-layout-flow\" style=\"flex-basis:33.33%\">\n<p>Im Jahr 1853 gr\u00fcndete sich die Kupfergewerkschaft Larzenbach. Zehn Bergm\u00e4nner waren mit dem Erzabbau im Grubenfeld Barbara bzw. im Pochwerk und den Waschsieben besch\u00e4ftigt. Die Erzkonzentrate wurden bis zum Ende des Abbaus 1869 zur Schmelzh\u00fctte Lend geliefert.&nbsp;Das Geb\u00e4ude, wo das Gemeindeamt, Tourismusb\u00fcro und das mineralogische Museum &#8220;Erze, Gold und Minerale&#8221; untergebracht sind, wurde 1594 erbaut und diente den letzten Gewerken (Feuersenger) als Herrschaftssitz. Die Ausstellung umfasst ca. 4.000 Exponate. Neben einer Vielfalt an Erzen aus den Salzburger Bergbauen, findet sich darin der gr\u00f6\u00dfte Goldfund der Ostalpen. Nat\u00fcrlich sind auch die sch\u00f6nsten Exponate aus dem Schaubergwerk &#8220;Kupferzeche Larzenbach&#8221; zu besichtigen.&nbsp;&nbsp;&nbsp;<\/p>\n<\/div>\n<\/div>\n\n\n\n<div id=\"section-g38fb8d\" class=\"wp-block-gutentor-e0 section-g38fb8d gutentor-element gutentor-element-advanced-text\"><div class=\"gutentor-text-wrap\"><p class=\"gutentor-text\"><br><br><\/p><\/div><\/div>\n\n\n\n<div class=\"wp-block-columns is-layout-flex wp-container-core-columns-is-layout-9d6595d7 wp-block-columns-is-layout-flex\">\n<div class=\"wp-block-column is-layout-flow wp-block-column-is-layout-flow\" style=\"flex-basis:100%\">\n<div id=\"section-g9d4619\" class=\"wp-block-gutentor-e0 section-g9d4619 gutentor-element gutentor-element-advanced-text\"><div class=\"gutentor-text-wrap\"><p class=\"gutentor-text\"><strong>Bischofshofen <\/strong><\/p><\/div><\/div>\n<\/div>\n<\/div>\n\n\n\n<div class=\"wp-block-columns is-layout-flex wp-container-core-columns-is-layout-9d6595d7 wp-block-columns-is-layout-flex\">\n<div class=\"wp-block-column is-layout-flow wp-block-column-is-layout-flow\" style=\"flex-basis:33.34%\">\n<div id=\"section-g896baa\" class=\"wp-block-gutentor-e6 section-g896baa gutentor-element gutentor-element-image\"><div class=\"gutentor-element-image-box\"><div class=\"gutentor-image-thumb\"><img decoding=\"async\" class=\"normal-image\" src=\"https:\/\/geopark.egpromotion.com\/wp-content\/uploads\/2023\/09\/admin-ajax.php-5-1.jpeg\"\/><\/div><\/div><\/div>\n<\/div>\n\n\n\n<div class=\"wp-block-column is-layout-flow wp-block-column-is-layout-flow\" style=\"flex-basis:33.34%\">\n<p>Bischofshofen befindet sich ca. 50 km s\u00fcdlich der Mozartstadt Salzburg im Pongau. Die Geschichte seines Gebietes reicht rund 5.000 Jahre zur\u00fcck. Heute ist sie eine moderne Urlaubs- und Sportstadt, wo sich zum Neujahrsspringen auf der Paul-Au\u00dferleitner-Sprungschanze jedes Jahr G\u00e4ste und Sportler aus der ganzen Welt treffen. Das Besucherzentrum des Erz der Alpen UNESCO Global Geoparks befindet sich in Bischofshofen im Schanzengel\u00e4nde. <\/p>\n<\/div>\n\n\n\n<div class=\"wp-block-column is-layout-flow wp-block-column-is-layout-flow\" style=\"flex-basis:33.33%\">\n<p><strong>Hier finden Sie weitere Informationen zu Bischofshofen<\/strong><\/p>\n\n\n\n<p><a href=\"https:\/\/bischofshofen.com\"><mark style=\"background-color:rgba(0, 0, 0, 0)\" class=\"has-inline-color has-black-color\">Tourismusverband Bischofshofen<\/mark><\/a><\/p>\n\n\n\n<p><a href=\"https:\/\/www.bischofshofen.at\"><mark style=\"background-color:rgba(0, 0, 0, 0)\" class=\"has-inline-color has-black-color\">Gemeinde Bischofshofen<\/mark><\/a><\/p>\n<\/div>\n<\/div>\n\n\n\n<div id=\"section-g069858\" class=\"wp-block-gutentor-e0 section-g069858 gutentor-element gutentor-element-advanced-text\"><div class=\"gutentor-text-wrap\"><p class=\"gutentor-text\"><br><br><\/p><\/div><\/div>\n\n\n\n<div id=\"section-gf1d0a2\" class=\"wp-block-gutentor-e0 section-gf1d0a2 gutentor-element gutentor-element-advanced-text\"><div class=\"gutentor-text-wrap\"><p class=\"gutentor-text\"><strong>Bergbaugeschichte in Bischofshofen<\/strong><\/p><\/div><\/div>\n\n\n\n<div class=\"wp-block-columns is-layout-flex wp-container-core-columns-is-layout-9d6595d7 wp-block-columns-is-layout-flex\">\n<div class=\"wp-block-column is-layout-flow wp-block-column-is-layout-flow\" style=\"flex-basis:33.34%\">\n<div id=\"section-g5e5fa9\" class=\"wp-block-gutentor-e6 section-g5e5fa9 gutentor-element gutentor-element-image\"><div class=\"gutentor-element-image-box\"><div class=\"gutentor-image-thumb\"><img decoding=\"async\" class=\"normal-image\" src=\"https:\/\/geopark.egpromotion.com\/wp-content\/uploads\/2023\/09\/0859e70f-7d03-4aef-81e2-935a45629733.jpeg\"\/><\/div><\/div><\/div>\n<\/div>\n\n\n\n<div class=\"wp-block-column is-layout-flow wp-block-column-is-layout-flow\" style=\"flex-basis:33.34%\">\n<p>Die Stadtgemeinde Bischofshofen wird in den Annalen gerne als die &#8220;Wiege des Pongaus&#8221; bezeichnet. Die ersten Spuren menschlicher T\u00e4tigkeit gehen bereits auf das 6. Jahrtausend vor Christus zur\u00fcck. Seit dieser Zeit ist das heutige Gemeindegebiet ein wichtiger Siedlungs-, Bergbau- und Handelsort sowie ein kulturelles Zentrum. Die Entwicklung der Region wurde entscheidend durch den Abbau von Kupfererzen gepr\u00e4gt.&nbsp;Mit der Wiederentdeckung der Kupferlagerst\u00e4tte Mitterberg in M\u00fchlbach am Hochk\u00f6nig und dem Beginn des Bergbaus 1829, verlegte man die Schmelzh\u00fctte, welche ann\u00e4hernd 40 Jahre im engen M\u00fchlbachtal beheimatet war, 1885 nach Au\u00dferfelden in Bischofshofen. Das heutige Mitterbergh\u00fctten war von 1887 bis 1931 Standort der Verh\u00fcttung des Kupfererzes aus M\u00fchlbach.<\/p>\n<\/div>\n\n\n\n<div class=\"wp-block-column is-layout-flow wp-block-column-is-layout-flow\" style=\"flex-basis:33.33%\">\n<p>Die Weltwirtschaftskrise in den 1920er Jahren bedeutete das Ende der Kupferh\u00fctte als einer der wichtigsten Arbeitgeber der Region.&nbsp;Am G\u00f6tschenberg konnte eine der \u00e4ltesten Siedlungen in den Ostalpen (5000 bis 2200 vor Christus) mit Hinweisen auf Kupferverarbeitung nachgewiesen werden. Im Volksmund wird diese Stelle, aufgrund seiner markanten Eisenoxydf\u00e4rbung, als \u201eroter Felsen\u201c bezeichnet. Das Kupfererz musste auf Unterlagsplatten mit Klopf- und Mahlsteinen bzw. Schl\u00e4geln auf Haselnussgr\u00f6\u00dfe verkleinert werden. Diese Erzbrocken wurden mit Reibesteinen zu Sandgr\u00f6\u00dfe zerrieben, um dann in &#8220;R\u00f6stbetten&#8221; erhitzt zu werden. In Form von Spangen und Halbringen wurden die Kupferbarren in ganz Europa verkauft.&nbsp;&nbsp;<\/p>\n<\/div>\n<\/div>\n\n\n\n<div id=\"section-g73288b\" class=\"wp-block-gutentor-e0 section-g73288b gutentor-element gutentor-element-advanced-text\"><div class=\"gutentor-text-wrap\"><p class=\"gutentor-text\"><br><br><\/p><\/div><\/div>\n\n\n\n<div id=\"section-ga0dd4a\" class=\"wp-block-gutentor-e0 section-ga0dd4a gutentor-element gutentor-element-advanced-text\"><div class=\"gutentor-text-wrap\"><p class=\"gutentor-text\"><strong>M\u00fchlbach am Hochk\u00f6nig <\/strong><\/p><\/div><\/div>\n\n\n\n<div class=\"wp-block-columns is-layout-flex wp-container-core-columns-is-layout-9d6595d7 wp-block-columns-is-layout-flex\">\n<div class=\"wp-block-column is-layout-flow wp-block-column-is-layout-flow\" style=\"flex-basis:33.34%\">\n<div id=\"section-g18f10f\" class=\"wp-block-gutentor-e6 section-g18f10f gutentor-element gutentor-element-image\"><div class=\"gutentor-element-image-box\"><div class=\"gutentor-image-thumb\"><img decoding=\"async\" class=\"normal-image\" src=\"https:\/\/geopark.egpromotion.com\/wp-content\/uploads\/2023\/09\/admin-ajax.php-4-1.jpeg\"\/><\/div><\/div><\/div>\n<\/div>\n\n\n\n<div class=\"wp-block-column is-layout-flow wp-block-column-is-layout-flow\" style=\"flex-basis:33.34%\">\n<p>Das Bergdorf M\u00fchlbach am Hochk\u00f6nig blickt auf eine \u00fcber 4.000 Jahre alte Kupferbergbaugeschichte zur\u00fcck. Bis 1977 wurde es vom Kupferbergbau gepr\u00e4gt und noch heute finden sich, wie etwa im Bergbaumuseum mit Schaustollen, Zeugnisse dieser Geschichte. Heute ist M\u00fchlbach ein familienfreundlicher Ganzjahres Urlaubsort.&nbsp;In M\u00fchlbach am Hochk\u00f6nig k\u00f6nnen Sie an einer F\u00fchrung im Johanna Stollen teilnehmen und das Bergbaumuseum im alten Knappenheim besichtigen. <\/p>\n<\/div>\n\n\n\n<div class=\"wp-block-column is-layout-flow wp-block-column-is-layout-flow\" style=\"flex-basis:33.33%\">\n<p><strong>Hier finden Sie weitere Informationen zu M\u00fchlbach am Hochk\u00f6nig<\/strong><\/p>\n\n\n\n<p><a href=\"https:\/\/www.hochkoenig.at\/de\/infrastruktur\/muehlbach-tourismusverband-hochkoenig-infobuero-muehlbach.html\"><mark style=\"background-color:rgba(0, 0, 0, 0)\" class=\"has-inline-color has-black-color\">Tourismusverband M\u00fchlbach <\/mark><\/a><\/p>\n\n\n\n<p><a href=\"https:\/\/www.muehlbach.salzburg.at\"><mark style=\"background-color:rgba(0, 0, 0, 0)\" class=\"has-inline-color has-black-color\">Gemeinde M\u00fchlbach<\/mark><\/a><\/p>\n<\/div>\n<\/div>\n\n\n\n<div id=\"section-g411539\" class=\"wp-block-gutentor-e0 section-g411539 gutentor-element gutentor-element-advanced-text\"><div class=\"gutentor-text-wrap\"><p class=\"gutentor-text\"><br><br><\/p><\/div><\/div>\n\n\n\n<div id=\"section-g526edf\" class=\"wp-block-gutentor-e0 section-g526edf gutentor-element gutentor-element-advanced-text\"><div class=\"gutentor-text-wrap\"><p class=\"gutentor-text\"><strong>Bergbau in M\u00fchlbach <\/strong><\/p><\/div><\/div>\n\n\n\n<div class=\"wp-block-columns is-layout-flex wp-container-core-columns-is-layout-9d6595d7 wp-block-columns-is-layout-flex\">\n<div class=\"wp-block-column is-layout-flow wp-block-column-is-layout-flow\" style=\"flex-basis:33.34%\">\n<div id=\"section-gdca032\" class=\"wp-block-gutentor-e6 section-gdca032 gutentor-element gutentor-element-image\"><div class=\"gutentor-element-image-box\"><div class=\"gutentor-image-thumb\"><img decoding=\"async\" class=\"normal-image\" src=\"https:\/\/geopark.egpromotion.com\/wp-content\/uploads\/2023\/09\/IMG_4620-scaled.jpeg\"\/><\/div><\/div><\/div>\n<\/div>\n\n\n\n<div class=\"wp-block-column is-layout-flow wp-block-column-is-layout-flow\" style=\"flex-basis:33.34%\">\n<p>Die erste urkundliche Erw\u00e4hnung des Ortes M\u00fchlbach als &#8220;Mulpach&#8221; geht auf das Jahr 1350 zur\u00fcck. Unter dem Salzburger Erzbischof Leonhard von Keutschach wurde 1519 der Bau der Sebastianskapelle begonnen. M\u00fchlbach besitzt heute eine international anerkannte Stellung als jahrtausendealtes Zentrum des Kupferbergbaus in Europa. Spuren und Funde weisen darauf hin, dass M\u00fchlbach ein 1700-j\u00e4hriges, pr\u00e4historisches Industriezentrum war, das in der Zeit von 2.000 bis 300 v.Chr. seine Bl\u00fctezeit erreichte. Auf \u00fcber 190 nachgewiesenen Schmelzpl\u00e4tzen sind 4.000 Jahre alte Schlacken zu finden.&nbsp;Etwa 2.000 Jahre lang blieb der alte Bergbau vom M\u00fchlbacher Mitterberg den Menschen verborgen.<\/p>\n<\/div>\n\n\n\n<div class=\"wp-block-column is-layout-flow wp-block-column-is-layout-flow\" style=\"flex-basis:33.33%\">\n<p>Nach dem Zufallsfund eines Bauern, wurde im Jahr 1827, vom damaligen k. k. Oberhutmann Josef Z\u00f6tl, vom Eisenwerk Pillersee in Tirol, mit 51 Geldgebern, am 25. November 1829 die \u201eMitterberger Kupferwerkschaft\u201c gegr\u00fcndet. Noch im selben Jahr wurde der erste Grubenbau, der Mariahilf Stollen am Ro\u00dfbach, angeschlagen. Dieser Erzabbau entwickelte sich zu einem der gr\u00f6\u00dften Kupferbergbaue Mitteleuropas. Durch den Verfall des Kupferpreises auf dem Weltmarkt kam es am 30. Juni 1977 zur Schlie\u00dfung des Kupferbergbaues in M\u00fchlbach am Hochk\u00f6nig.&nbsp;Das Bergbaumuseum und der Schaustollen beherbergen heute Zeugnisse einer Bergbaugeschichte, die 4.000 Jahre zur\u00fcckreicht.&nbsp;&nbsp;<\/p>\n<\/div>\n<\/div>\n\n\n\n<div id=\"section-g58c87d\" class=\"wp-block-gutentor-e0 section-g58c87d gutentor-element gutentor-element-advanced-text\"><div class=\"gutentor-text-wrap\"><p class=\"gutentor-text\"><br><br><\/p><\/div><\/div>\n\n\n\n<div id=\"section-g6a90f2\" class=\"wp-block-gutentor-e0 section-g6a90f2 gutentor-element gutentor-element-advanced-text\"><div class=\"gutentor-text-wrap\"><p class=\"gutentor-text\"><strong>St. Veit im Pongau<\/strong><\/p><\/div><\/div>\n\n\n\n<div class=\"wp-block-columns is-layout-flex wp-container-core-columns-is-layout-9d6595d7 wp-block-columns-is-layout-flex\">\n<div class=\"wp-block-column is-layout-flow wp-block-column-is-layout-flow\" style=\"flex-basis:33.34%\">\n<div id=\"section-g92da44\" class=\"wp-block-gutentor-e6 section-g92da44 gutentor-element gutentor-element-image\"><div class=\"gutentor-element-image-box\"><div class=\"gutentor-image-thumb\"><img decoding=\"async\" class=\"normal-image\" src=\"https:\/\/geopark.egpromotion.com\/wp-content\/uploads\/2023\/09\/admin-ajax.php-3-1.jpeg\"\/><\/div><\/div><\/div>\n<\/div>\n\n\n\n<div class=\"wp-block-column is-layout-flow wp-block-column-is-layout-flow\" style=\"flex-basis:33.34%\">\n<p>Eine erste Besiedlung auf dem heutigen Gemeindegebiet weist auf die fr\u00fche Bronzezeit (2.000-1.500 vor Christus) hin. Die heutige Gemeinde liegt in 763 m Seeh\u00f6he oberhalb des Salzachtales und tr\u00e4gt den Beinamen &#8220;Sonnenterrasse&#8221;. Das Besondere ist das Heilklima, dessen heilbringende Wirkung schon zu Kaiser Franz Josef\u00b4s Zeiten erkannt wurde. Man errichtete eine Lungenheilanstalt. Diese Tradition wurde mit den Themen Entspannung und Regeneration wiederbelebt.&nbsp;In St. Veit im Pongau befindet sich das Schaubergwerk Sunnpau und das dazugeh\u00f6rige Seelackenmuseum.<\/p>\n<\/div>\n\n\n\n<div class=\"wp-block-column is-layout-flow wp-block-column-is-layout-flow\" style=\"flex-basis:33.33%\">\n<p><strong>Hier finden Sie weitere Informationen zu St. Veit im Pongau<\/strong><\/p>\n\n\n\n<p><a href=\"https:\/\/www.sonnenterrasse.at\/de\/\"><mark style=\"background-color:rgba(0, 0, 0, 0)\" class=\"has-inline-color has-black-color\">Tourismusverband St. Veit<\/mark><\/a><\/p>\n\n\n\n<p><a href=\"https:\/\/www.stveitpongau.at\"><mark style=\"background-color:rgba(0, 0, 0, 0)\" class=\"has-inline-color has-black-color\">Gemeinde St.Veit<\/mark><\/a><\/p>\n<\/div>\n<\/div>\n\n\n\n<div id=\"section-gdb1ca7\" class=\"wp-block-gutentor-e0 section-gdb1ca7 gutentor-element gutentor-element-advanced-text\"><div class=\"gutentor-text-wrap\"><p class=\"gutentor-text\"><br><br><\/p><\/div><\/div>\n\n\n\n<div id=\"section-g2665a5\" class=\"wp-block-gutentor-e0 section-g2665a5 gutentor-element gutentor-element-advanced-text\"><div class=\"gutentor-text-wrap\"><p class=\"gutentor-text\"><strong>Bergbau in St. Veit<\/strong><\/p><\/div><\/div>\n\n\n\n<div class=\"wp-block-columns is-layout-flex wp-container-core-columns-is-layout-9d6595d7 wp-block-columns-is-layout-flex\">\n<div class=\"wp-block-column is-layout-flow wp-block-column-is-layout-flow\" style=\"flex-basis:33.34%\">\n<div id=\"section-g7ffc30\" class=\"wp-block-gutentor-e6 section-g7ffc30 gutentor-element gutentor-element-image\"><div class=\"gutentor-element-image-box\"><div class=\"gutentor-image-thumb\"><img decoding=\"async\" class=\"normal-image\" src=\"https:\/\/geopark.egpromotion.com\/wp-content\/uploads\/2023\/10\/IMG_5941-scaled.jpeg\"\/><\/div><\/div><\/div>\n<\/div>\n\n\n\n<div class=\"wp-block-column is-layout-flow wp-block-column-is-layout-flow\" style=\"flex-basis:33.34%\">\n<p>Die erste schriftliche Nennung von St. Veit und der Pfarre erfolgte in einem Schenkungsbrief des Salzburger Erzbischofs Gebhard 1074. Von St. Veit aus als \u201eUr- und Mutterpfarre\u201c, gingen schon um 910 Priester nach Goldegg, St. Johann im Pongau, Dienten sowie in das Gasteiner- und Gro\u00dfarltal. Unter Erzbischof Firmian mussten 1831\/32 aus dem Gericht St.Veit\/Goldegg 3.200 evangelische Chrsiten, darunter viele Knappen, wegen ihres Glaubens das Land verlassen. Ihren letzten Gottesdienst in der Heimat feierten sie bei der noch heute bestehenden Kapelle Pfarriachstein (&#8220;Fadlstoa Kapelle&#8221;). Der Klingelberg beherbergte bereits an der Wende Jungsteinzeit\/Kupferzeit eine Bergbausiedlung. Aus dem Sunnpauer Kupfer wurden schon vor 4.000 Jahren Werkzeuge, Waffen und Geschirr gefertigt. In der Bronzezeit (2.000 bis 1.300 vor Christus) ben\u00f6tigte man das Kupfer, das unter Beimischung von Zinn, das goldgl\u00e4nzende Metall Bronze ergab.&nbsp;&nbsp;<\/p>\n<\/div>\n\n\n\n<div class=\"wp-block-column is-layout-flow wp-block-column-is-layout-flow\" style=\"flex-basis:33.33%\">\n<p>Im Mittelalter wurde nach mehreren tausend Jahren Unterbrechung der Kupferabbau in St. Veit im Pongau wiederaufgenommen. Der Bergbaubetrieb umfasste 19 Gruben. Im Jahr 1543 wurden ca. 50 Tonnen Erz abgebaut, das Gro\u00dfteils als Zusatzprodukt an die Goldschmelze nach Lend geliefert wurde. In der 2. H\u00e4lfte des 16. Jahrhunderts sank im Bergbau St. Veit die Produktion. Einerseits hatte das Versiegen der Erzg\u00e4nge, andererseits der nicht bew\u00e4ltigbare Wasserdrang in den tieferen Stellen des Bergbaus \u2013 der bereits 1545 zur Schlie\u00dfung einiger Gruben gef\u00fchrt hatte \u2013 daran Schuld. Sunnpau wurde um 1875 eingestellt. Seit dem Jahr 2006 zieht der pr\u00e4historische Abbau Sunnpau als faszinierendes Schaubergwerk allj\u00e4hrlich tausende Besucher in seinen Bann.&nbsp;&nbsp;<\/p>\n<\/div>\n<\/div>\n\n\n\n<div id=\"section-g06aec7\" class=\"wp-block-gutentor-e0 section-g06aec7 gutentor-element gutentor-element-advanced-text\"><div class=\"gutentor-text-wrap\"><p class=\"gutentor-text\"><br><br><\/p><\/div><\/div>","protected":false},"excerpt":{"rendered":"<p>Erstmals urkundlich erw\u00e4hnt im Jahr 1325, war der Ort vom 16. bis 19. Jahrhundert gepr\u00e4gt durch den Bergbau und die H\u00fcttenwerke. Heute ist diese kleine Gemeinde im Fritztal ein Anziehungspunkt f\u00fcr Urlauber und Bergbauinteressierten.&nbsp;In H\u00fcttau befindet sich das Schaubergwerk Kupferzeche Larzenbach und das Museum &#8220;Erze, Gold und Minerale&#8221;. Hier finden Sie weitere Informationen zu H\u00fcttau Tourismusverband H\u00fcttau Gemeinde H\u00fcttau Der [&hellip;]<\/p>","protected":false},"author":3,"featured_media":0,"parent":0,"menu_order":0,"comment_status":"closed","ping_status":"closed","template":"","meta":{"inline_featured_image":false,"_uag_custom_page_level_css":"","footnotes":""},"class_list":["post-297","page","type-page","status-publish","hentry"],"acf":[],"uagb_featured_image_src":{"full":false,"thumbnail":false,"medium":false,"medium_large":false,"large":false,"1536x1536":false,"2048x2048":false,"trp-custom-language-flag":false,"gutener-1920-550":false,"gutener-1370-550":false,"gutener-590-310":false,"gutener-420-380":false,"gutener-420-300":false,"gutener-420-200":false,"gutener-290-150":false,"gutener-80-60":false},"uagb_author_info":{"display_name":"r.gamsjaeger@egpromotion.com","author_link":"https:\/\/geopark.egpromotion.com\/en\/author\/r-gamsjaegeregpromotion-com"},"uagb_comment_info":0,"uagb_excerpt":"Erstmals urkundlich erw\u00e4hnt im Jahr 1325, war der Ort vom 16. bis 19. Jahrhundert gepr\u00e4gt durch den Bergbau und die H\u00fcttenwerke. Heute ist diese kleine Gemeinde im Fritztal ein Anziehungspunkt f\u00fcr Urlauber und Bergbauinteressierten.&nbsp;In H\u00fcttau befindet sich das Schaubergwerk Kupferzeche Larzenbach und das Museum &#8220;Erze, Gold und Minerale&#8221;. Hier finden Sie weitere Informationen zu H\u00fcttau&hellip;","mfb_rest_fields":["uagb_featured_image_src","uagb_author_info","uagb_comment_info","uagb_excerpt"],"_links":{"self":[{"href":"https:\/\/geopark.egpromotion.com\/en\/wp-json\/wp\/v2\/pages\/297","targetHints":{"allow":["GET"]}}],"collection":[{"href":"https:\/\/geopark.egpromotion.com\/en\/wp-json\/wp\/v2\/pages"}],"about":[{"href":"https:\/\/geopark.egpromotion.com\/en\/wp-json\/wp\/v2\/types\/page"}],"author":[{"embeddable":true,"href":"https:\/\/geopark.egpromotion.com\/en\/wp-json\/wp\/v2\/users\/3"}],"replies":[{"embeddable":true,"href":"https:\/\/geopark.egpromotion.com\/en\/wp-json\/wp\/v2\/comments?post=297"}],"version-history":[{"count":51,"href":"https:\/\/geopark.egpromotion.com\/en\/wp-json\/wp\/v2\/pages\/297\/revisions"}],"predecessor-version":[{"id":1602,"href":"https:\/\/geopark.egpromotion.com\/en\/wp-json\/wp\/v2\/pages\/297\/revisions\/1602"}],"wp:attachment":[{"href":"https:\/\/geopark.egpromotion.com\/en\/wp-json\/wp\/v2\/media?parent=297"}],"curies":[{"name":"wp","href":"https:\/\/api.w.org\/{rel}","templated":true}]}}