{"id":298,"date":"2023-07-11T09:15:52","date_gmt":"2023-07-11T07:15:52","guid":{"rendered":"https:\/\/geopark.egpromotion.com\/?page_id=298"},"modified":"2023-11-12T22:21:06","modified_gmt":"2023-11-12T21:21:06","slug":"verein-erz-der-alpen","status":"publish","type":"page","link":"https:\/\/geopark.egpromotion.com\/en\/verein-erz-der-alpen","title":{"rendered":"Verein Erz der Alpen"},"content":{"rendered":"<div class=\"wp-block-group alignfull\"><div class=\"wp-block-group__inner-container is-layout-flow wp-block-group-is-layout-flow\">\n<div style=\"height:70px\" aria-hidden=\"true\" class=\"wp-block-spacer\"><\/div>\n\n\n\n<p style=\"font-size:18px\"><strong>Der Verein Erz der Alpen ist der Tr\u00e4gerverein des Erz der Alpen UNESCO Global Geoparks.<\/strong><\/p>\n\n\n\n<p style=\"font-size:18px\"><br><strong>Sie erreichen uns unter:<\/strong><\/p>\n\n\n\n<div class=\"wp-block-columns is-layout-flex wp-container-core-columns-is-layout-9d6595d7 wp-block-columns-is-layout-flex\">\n<div class=\"wp-block-column is-layout-flow wp-block-column-is-layout-flow\" style=\"flex-basis:50%\">\n<p class=\"has-regular-font-size\"><strong>Erz der Alpen UNESCO Global Geopark<\/strong><br>Franz-Mohshammer-Platz 12<br>5500 Bischofshofen<br>Telefon.: +43 6462 2471<br>E-Mail:&nbsp;info@geopark-erzderalpen.at<\/p>\n<\/div>\n\n\n\n<div class=\"wp-block-column is-layout-flow wp-block-column-is-layout-flow\" style=\"flex-basis:50%\">\n<p><strong>Vereins-Mitglied werden: <\/strong><br>Hier k\u00f6nnen Sie sich \u00fcber die Vorteile einer Vereinsmitgliedschaft im Verein Erz der Alpen erkundigen.<\/p>\n\n\n\n<p><\/p>\n<\/div>\n<\/div>\n\n\n\n<div style=\"height:70px\" aria-hidden=\"true\" class=\"wp-block-spacer\"><\/div>\n<\/div><\/div>\n\n\n\n<div class=\"wp-block-group alignfull\"><div class=\"wp-block-group__inner-container is-layout-flow wp-block-group-is-layout-flow\">\n<div class=\"wp-block-columns alignwide is-layout-flex wp-container-core-columns-is-layout-9d6595d7 wp-block-columns-is-layout-flex\">\n<div class=\"wp-block-column is-layout-flow wp-block-column-is-layout-flow\">\n<figure class=\"wp-block-image size-full is-resized\"><img loading=\"lazy\" decoding=\"async\" width=\"695\" height=\"425\" src=\"https:\/\/geopark.egpromotion.com\/wp-content\/uploads\/2023\/07\/Foto-Leitung-Geopark.jpg\" alt=\"\" class=\"wp-image-434\" style=\"width:445px;height:272px\" srcset=\"https:\/\/geopark.egpromotion.com\/wp-content\/uploads\/2023\/07\/Foto-Leitung-Geopark.jpg 695w, https:\/\/geopark.egpromotion.com\/wp-content\/uploads\/2023\/07\/Foto-Leitung-Geopark-300x183.jpg 300w\" sizes=\"auto, (max-width: 695px) 100vw, 695px\" \/><figcaption class=\"wp-element-caption\">v.l.n.r. Gert Furtm\u00fcller, Markus H\u00e4upl, Horst Ibetsberger<\/figcaption><\/figure>\n<\/div>\n\n\n\n<div class=\"wp-block-column is-layout-flow wp-block-column-is-layout-flow\">\n<figure class=\"wp-block-image size-large is-resized\"><img loading=\"lazy\" decoding=\"async\" width=\"1024\" height=\"546\" src=\"https:\/\/geopark.egpromotion.com\/wp-content\/uploads\/2023\/07\/VorstandManagementEOe-1024x546.jpg\" alt=\"\" class=\"wp-image-435\" style=\"width:521px;height:278px\" srcset=\"https:\/\/geopark.egpromotion.com\/wp-content\/uploads\/2023\/07\/VorstandManagementEOe-1024x546.jpg 1024w, https:\/\/geopark.egpromotion.com\/wp-content\/uploads\/2023\/07\/VorstandManagementEOe-300x160.jpg 300w, https:\/\/geopark.egpromotion.com\/wp-content\/uploads\/2023\/07\/VorstandManagementEOe-768x410.jpg 768w, https:\/\/geopark.egpromotion.com\/wp-content\/uploads\/2023\/07\/VorstandManagementEOe-1536x820.jpg 1536w, https:\/\/geopark.egpromotion.com\/wp-content\/uploads\/2023\/07\/VorstandManagementEOe-2048x1093.jpg 2048w\" sizes=\"auto, (max-width: 1024px) 100vw, 1024px\" \/><figcaption class=\"wp-element-caption\">v.l.n.r. Erhard Plosky, Markus H\u00e4upl, Sandra H\u00f6rmann, Brigitte Schl\u00f6gl, Gert Furtm\u00fcller, Horst Ibetsberger<\/figcaption><\/figure>\n<\/div>\n<\/div>\n\n\n\n<div class=\"wp-block-columns is-layout-flex wp-container-core-columns-is-layout-9d6595d7 wp-block-columns-is-layout-flex\">\n<div class=\"wp-block-column is-layout-flow wp-block-column-is-layout-flow\"><\/div>\n<\/div>\n\n\n\n<div style=\"height:40px\" aria-hidden=\"true\" class=\"wp-block-spacer\"><\/div>\n<\/div><\/div>\n\n\n\n<div class=\"wp-block-columns alignfull has-text-color has-background is-layout-flex wp-container-core-columns-is-layout-9d6595d7 wp-block-columns-is-layout-flex\" style=\"color:#000000;background-color:#ffffff\">\n<div class=\"wp-block-column is-layout-flow wp-block-column-is-layout-flow\">\n<h3 class=\"wp-block-heading\" style=\"font-size:24px;line-height:1.3\"><strong>Leitung Geopark<\/strong><\/h3>\n\n\n\n<p><strong>Gert Furtm\u00fcller, Mag. Dr.<\/strong><br><strong>Obmann Verein Erz der Alpen<\/strong><br><a href=\"https:\/\/www.furtmueller.eu\"><mark style=\"background-color:rgba(0, 0, 0, 0)\" class=\"has-inline-color has-black-color\">Technisches B\u00fcro f\u00fcr Geologie<\/mark><\/a><br>Universit\u00e4tslektor Universit\u00e4t Salzburg<br>Stv.-Vorsitzender der&nbsp;<a href=\"https:\/\/www.oegg.at\/de\/sektionen#engineering%20geology\"><mark style=\"background-color:rgba(0, 0, 0, 0)\" class=\"has-inline-color has-black-color\">Fachsektion Ingenieurgeologie der \u00d6GG<\/mark><\/a><br><br><\/p>\n\n\n\n<p><strong>Geopark Management<\/strong> <strong>und Ansprechpersonen<\/strong><\/p>\n\n\n\n<p><strong>Brigitte Schl\u00f6gl, Dr.<\/strong><br>Strategie, Marketing &amp; Kommunikation des Erz der Alpen UGG schloegl@erzderalpen.at <\/p>\n\n\n\n<p><strong>Sandra H\u00f6rmann, BA. MA.<br><\/strong>Digitale Medien &amp; p\u00e4dagogische Leitung des Erz der Alpen UGG<br>Universit\u00e4tslektorin Universit\u00e4t Salzburg<br>hoermann@erzderalpen.at <br><br><\/p>\n\n\n\n<p><strong>Wissenschaftliche Leitung <\/strong><\/p>\n\n\n\n<p><strong>Horst Ibetsberger, Mag. Dr.<\/strong><br><strong>Wissenschaftlicher Leiter des Erz der Alpen UGG<\/strong><br>Universit\u00e4tslektor Universit\u00e4t Salzburg<br>Vize-Pr\u00e4sident der \u00f6sterr. Geoparkkommission<br><a href=\"https:\/\/www.europeangeoparks.org\/?page_id=3319\"><mark style=\"background-color:rgba(0, 0, 0, 0)\" class=\"has-inline-color has-black-color\">Mitglied Coordination Commitee EGN<\/mark><\/a><\/p>\n\n\n\n<p><br><br><\/p>\n\n\n\n<h3 class=\"wp-block-heading\" style=\"font-size:24px;line-height:1.3\"><strong>Wissenschaftlicher Beirat<\/strong><\/h3>\n\n\n\n<p><strong>Mag. Dr. Horst Ibetsberger&nbsp;<\/strong>(Geomorphologie)<br><strong>Prof. Dr. Hans Steyrer&nbsp;<\/strong>(Geologie)<br><strong>Prof. Dr. J\u00fcrgen Breuste&nbsp;<\/strong>(Landschafts\u00f6kologie)<br><strong>Prof. Dr. Clemens Eibner&nbsp;<\/strong>(Montanarch\u00e4ologie)<\/p>\n<\/div>\n\n\n\n<div class=\"wp-block-column is-layout-flow wp-block-column-is-layout-flow\">\n<h3 class=\"wp-block-heading\" style=\"font-size:24px;line-height:1.3\"><strong>Vereinsvorstand<\/strong><\/h3>\n\n\n\n<p><strong>Gert Furtm\u00fcller<\/strong>, Mag. Dr. Obmann (TVB Bischofshofen)<br><strong>Michael Rettenwender,&nbsp;<\/strong>LLB oec., stv. Obmann (TVB Schwarzach St. Veit), Gesch\u00e4ftsf\u00fchrung (TVB Bischofshofen)<br><strong>Nicola Woisetschl\u00e4ger<\/strong>, Kassier (TVB M\u00fchlbach am Hochk\u00f6nig)<br><strong>Maria Eder<\/strong>, Schriftf\u00fchrer (Bergbaumuseum Larzenbach \/ H\u00fcttau)<br><strong>Rupert Bergm\u00fcller<\/strong>&nbsp;(Bgm. H\u00fcttau)<br><strong>Mark Strutzenberger<\/strong>&nbsp;(Seelackenmuseum und Schaubergwerk Sunnpau)<br><strong>Erhard Plosky<\/strong>&nbsp;(Bergbauverein M\u00fchlbach)<br><strong>Elisabeth Schindl<\/strong>, Dr. (Stadtgemeinde Bischofshofen)<\/p>\n<\/div>\n<\/div>\n\n\n\n<p><br><br><\/p>\n\n\n\n<hr class=\"wp-block-separator has-css-opacity is-style-default\"\/>\n\n\n\n<div class=\"wp-block-columns is-layout-flex wp-container-core-columns-is-layout-9d6595d7 wp-block-columns-is-layout-flex\">\n<div class=\"wp-block-column is-layout-flow wp-block-column-is-layout-flow\"><\/div>\n\n\n\n<div class=\"wp-block-column is-layout-flow wp-block-column-is-layout-flow\">\n<p class=\"has-regular-font-size\"><strong>Statuten des Vereins &#8220;Erz der Alpen<\/strong>&#8220;<\/p>\n<\/div>\n\n\n\n<div class=\"wp-block-column is-layout-flow wp-block-column-is-layout-flow\"><\/div>\n<\/div>\n\n\n\n<div class=\"wp-block-columns is-layout-flex wp-container-core-columns-is-layout-9d6595d7 wp-block-columns-is-layout-flex\">\n<div class=\"wp-block-column is-layout-flow wp-block-column-is-layout-flow\"><\/div>\n\n\n\n<div class=\"wp-block-column is-layout-flow wp-block-column-is-layout-flow\">\n<div data-wp-interactive=\"core\/file\" class=\"wp-block-file\"><object data-wp-bind--hidden=\"!state.hasPdfPreview\" hidden class=\"wp-block-file__embed\" data=\"https:\/\/geopark.egpromotion.com\/wp-content\/uploads\/2023\/09\/Erz-der-Alpen-Statuten_11.5.2021_signed-1.pdf\" type=\"application\/pdf\" style=\"width:100%;height:600px\" aria-label=\"Embed of Erz-der-Alpen-Statuten_11.5.2021_signed-1.\"><\/object><a id=\"wp-block-file--media-1272932d-c6d0-42f5-a3af-d3eee8bc163c\" href=\"https:\/\/geopark.egpromotion.com\/wp-content\/uploads\/2023\/09\/Erz-der-Alpen-Statuten_11.5.2021_signed-1.pdf\">Erz-der-Alpen-Statuten_11.5.2021_signed-1<\/a><a href=\"https:\/\/geopark.egpromotion.com\/wp-content\/uploads\/2023\/09\/Erz-der-Alpen-Statuten_11.5.2021_signed-1.pdf\" class=\"wp-block-file__button wp-element-button\" download aria-describedby=\"wp-block-file--media-1272932d-c6d0-42f5-a3af-d3eee8bc163c\">Herunterladen<\/a><\/div>\n<\/div>\n\n\n\n<div class=\"wp-block-column is-layout-flow wp-block-column-is-layout-flow\"><\/div>\n<\/div>\n\n\n\n<p><br><br><\/p>\n\n\n\n<div class=\"wp-block-columns is-layout-flex wp-container-core-columns-is-layout-9d6595d7 wp-block-columns-is-layout-flex\">\n<div class=\"wp-block-column is-layout-flow wp-block-column-is-layout-flow\"><\/div>\n\n\n\n<div class=\"wp-block-column is-layout-flow wp-block-column-is-layout-flow\">\n<p class=\"has-regular-font-size\"><strong>Vereinsregisterauszug (Stand 30.12.2021)<\/strong><\/p>\n<\/div>\n\n\n\n<div class=\"wp-block-column is-layout-flow wp-block-column-is-layout-flow\"><\/div>\n<\/div>\n\n\n\n<div class=\"wp-block-columns is-layout-flex wp-container-core-columns-is-layout-9d6595d7 wp-block-columns-is-layout-flex\">\n<div class=\"wp-block-column is-layout-flow wp-block-column-is-layout-flow\"><\/div>\n\n\n\n<div class=\"wp-block-column is-layout-flow wp-block-column-is-layout-flow\">\n<div data-wp-interactive=\"core\/file\" class=\"wp-block-file\"><object data-wp-bind--hidden=\"!state.hasPdfPreview\" hidden class=\"wp-block-file__embed\" data=\"https:\/\/geopark.egpromotion.com\/wp-content\/uploads\/2023\/09\/Vereinsregisterauszug_30.12.2021-1-2.pdf\" type=\"application\/pdf\" style=\"width:100%;height:600px\" aria-label=\"Embed of Vereinsregisterauszug_30.12.2021-1-2.\"><\/object><a id=\"wp-block-file--media-91244e4a-acc3-43bc-82fb-9b8828eb2b26\" href=\"https:\/\/geopark.egpromotion.com\/wp-content\/uploads\/2023\/09\/Vereinsregisterauszug_30.12.2021-1-2.pdf\">Vereinsregisterauszug_30.12.2021-1-2<\/a><a href=\"https:\/\/geopark.egpromotion.com\/wp-content\/uploads\/2023\/09\/Vereinsregisterauszug_30.12.2021-1-2.pdf\" class=\"wp-block-file__button wp-element-button\" download aria-describedby=\"wp-block-file--media-91244e4a-acc3-43bc-82fb-9b8828eb2b26\">Herunterladen<\/a><\/div>\n<\/div>\n\n\n\n<div class=\"wp-block-column is-layout-flow wp-block-column-is-layout-flow\"><\/div>\n<\/div>\n\n\n\n<p><br><br><\/p>\n\n\n\n<p><\/p>","protected":false},"excerpt":{"rendered":"<p>Der Verein Erz der Alpen ist der Tr\u00e4gerverein des Erz der Alpen UNESCO Global Geoparks. Sie erreichen uns unter: Erz der Alpen UNESCO Global GeoparkFranz-Mohshammer-Platz 125500 BischofshofenTelefon.: +43 6462 2471E-Mail:&nbsp;info@geopark-erzderalpen.at Vereins-Mitglied werden: Hier k\u00f6nnen Sie sich \u00fcber die Vorteile einer Vereinsmitgliedschaft im Verein Erz der Alpen erkundigen. Leitung Geopark Gert Furtm\u00fcller, Mag. Dr.Obmann Verein Erz der AlpenTechnisches B\u00fcro f\u00fcr GeologieUniversit\u00e4tslektor [&hellip;]<\/p>","protected":false},"author":3,"featured_media":0,"parent":0,"menu_order":0,"comment_status":"closed","ping_status":"closed","template":"","meta":{"inline_featured_image":false,"_uag_custom_page_level_css":"","footnotes":""},"class_list":["post-298","page","type-page","status-publish","hentry"],"acf":[],"uagb_featured_image_src":{"full":false,"thumbnail":false,"medium":false,"medium_large":false,"large":false,"1536x1536":false,"2048x2048":false,"trp-custom-language-flag":false,"gutener-1920-550":false,"gutener-1370-550":false,"gutener-590-310":false,"gutener-420-380":false,"gutener-420-300":false,"gutener-420-200":false,"gutener-290-150":false,"gutener-80-60":false},"uagb_author_info":{"display_name":"r.gamsjaeger@egpromotion.com","author_link":"https:\/\/geopark.egpromotion.com\/en\/author\/r-gamsjaegeregpromotion-com"},"uagb_comment_info":0,"uagb_excerpt":"Der Verein Erz der Alpen ist der Tr\u00e4gerverein des Erz der Alpen UNESCO Global Geoparks. Sie erreichen uns unter: Erz der Alpen UNESCO Global GeoparkFranz-Mohshammer-Platz 125500 BischofshofenTelefon.: +43 6462 2471E-Mail:&nbsp;info@geopark-erzderalpen.at Vereins-Mitglied werden: Hier k\u00f6nnen Sie sich \u00fcber die Vorteile einer Vereinsmitgliedschaft im Verein Erz der Alpen erkundigen. Leitung Geopark Gert Furtm\u00fcller, Mag. Dr.Obmann Verein Erz&hellip;","mfb_rest_fields":["uagb_featured_image_src","uagb_author_info","uagb_comment_info","uagb_excerpt"],"_links":{"self":[{"href":"https:\/\/geopark.egpromotion.com\/en\/wp-json\/wp\/v2\/pages\/298","targetHints":{"allow":["GET"]}}],"collection":[{"href":"https:\/\/geopark.egpromotion.com\/en\/wp-json\/wp\/v2\/pages"}],"about":[{"href":"https:\/\/geopark.egpromotion.com\/en\/wp-json\/wp\/v2\/types\/page"}],"author":[{"embeddable":true,"href":"https:\/\/geopark.egpromotion.com\/en\/wp-json\/wp\/v2\/users\/3"}],"replies":[{"embeddable":true,"href":"https:\/\/geopark.egpromotion.com\/en\/wp-json\/wp\/v2\/comments?post=298"}],"version-history":[{"count":30,"href":"https:\/\/geopark.egpromotion.com\/en\/wp-json\/wp\/v2\/pages\/298\/revisions"}],"predecessor-version":[{"id":1738,"href":"https:\/\/geopark.egpromotion.com\/en\/wp-json\/wp\/v2\/pages\/298\/revisions\/1738"}],"wp:attachment":[{"href":"https:\/\/geopark.egpromotion.com\/en\/wp-json\/wp\/v2\/media?parent=298"}],"curies":[{"name":"wp","href":"https:\/\/api.w.org\/{rel}","templated":true}]}}