{"id":302,"date":"2023-07-11T09:15:52","date_gmt":"2023-07-11T07:15:52","guid":{"rendered":"https:\/\/geopark.egpromotion.com\/?page_id=302"},"modified":"2023-10-24T15:20:18","modified_gmt":"2023-10-24T13:20:18","slug":"bilder-zum-downloaden","status":"publish","type":"page","link":"https:\/\/geopark.egpromotion.com\/en\/bilder-zum-downloaden","title":{"rendered":"Bildergalerie"},"content":{"rendered":"<p><br><br><\/p>\n\n\n\n<p>Diese Bilder sind Impressionen aus dem Geopark und k\u00f6nnen zu Ihrer Verwendung genutzt werden. Gem\u00e4\u00df des Urheberrechtes sollen die Urheber der Bilder bei der Verwendung genannt werden. <\/p>\n\n\n\n<figure class=\"wp-block-gallery has-nested-images columns-default is-cropped wp-block-gallery-1 is-layout-flex wp-block-gallery-is-layout-flex\">\n<figure class=\"wp-block-image size-large\"><a href=\"https:\/\/geopark.egpromotion.com\/wp-content\/uploads\/2023\/09\/IMG_3737-scaled.jpeg\"><img loading=\"lazy\" decoding=\"async\" width=\"768\" height=\"1024\" data-id=\"939\" src=\"https:\/\/geopark.egpromotion.com\/wp-content\/uploads\/2023\/09\/IMG_3737-768x1024.jpeg\" alt=\"\" class=\"wp-image-939\" srcset=\"https:\/\/geopark.egpromotion.com\/wp-content\/uploads\/2023\/09\/IMG_3737-768x1024.jpeg 768w, https:\/\/geopark.egpromotion.com\/wp-content\/uploads\/2023\/09\/IMG_3737-225x300.jpeg 225w, https:\/\/geopark.egpromotion.com\/wp-content\/uploads\/2023\/09\/IMG_3737-1152x1536.jpeg 1152w, https:\/\/geopark.egpromotion.com\/wp-content\/uploads\/2023\/09\/IMG_3737-1536x2048.jpeg 1536w, https:\/\/geopark.egpromotion.com\/wp-content\/uploads\/2023\/09\/IMG_3737-scaled.jpeg 1920w\" sizes=\"auto, (max-width: 768px) 100vw, 768px\" \/><\/a><figcaption class=\"wp-element-caption\">Blick auf das Heinrich Keiner Haus am Hochgr\u00fcndeck \u00a9S. H\u00f6rmann<\/figcaption><\/figure>\n\n\n\n<figure class=\"wp-block-image size-large\"><a href=\"https:\/\/geopark.egpromotion.com\/wp-content\/uploads\/2023\/09\/IMG_3362-scaled.jpg\"><img loading=\"lazy\" decoding=\"async\" width=\"768\" height=\"1024\" data-id=\"955\" src=\"https:\/\/geopark.egpromotion.com\/wp-content\/uploads\/2023\/09\/IMG_3362-768x1024.jpg\" alt=\"\" class=\"wp-image-955\" srcset=\"https:\/\/geopark.egpromotion.com\/wp-content\/uploads\/2023\/09\/IMG_3362-768x1024.jpg 768w, https:\/\/geopark.egpromotion.com\/wp-content\/uploads\/2023\/09\/IMG_3362-225x300.jpg 225w, https:\/\/geopark.egpromotion.com\/wp-content\/uploads\/2023\/09\/IMG_3362-1152x1536.jpg 1152w, https:\/\/geopark.egpromotion.com\/wp-content\/uploads\/2023\/09\/IMG_3362-1536x2048.jpg 1536w, https:\/\/geopark.egpromotion.com\/wp-content\/uploads\/2023\/09\/IMG_3362-scaled.jpg 1920w\" sizes=\"auto, (max-width: 768px) 100vw, 768px\" \/><\/a><figcaption class=\"wp-element-caption\">Teufelsl\u00f6cher im Hochk\u00f6nigstock \u00a9G. Furtm\u00fcller<\/figcaption><\/figure>\n\n\n\n<figure class=\"wp-block-image size-large\"><a href=\"https:\/\/geopark.egpromotion.com\/wp-content\/uploads\/2023\/09\/IMG_3459-scaled.jpg\"><img loading=\"lazy\" decoding=\"async\" width=\"1024\" height=\"768\" data-id=\"841\" src=\"https:\/\/geopark.egpromotion.com\/wp-content\/uploads\/2023\/09\/IMG_3459-1024x768.jpg\" alt=\"\" class=\"wp-image-841\" srcset=\"https:\/\/geopark.egpromotion.com\/wp-content\/uploads\/2023\/09\/IMG_3459-1024x768.jpg 1024w, https:\/\/geopark.egpromotion.com\/wp-content\/uploads\/2023\/09\/IMG_3459-300x225.jpg 300w, https:\/\/geopark.egpromotion.com\/wp-content\/uploads\/2023\/09\/IMG_3459-768x576.jpg 768w, https:\/\/geopark.egpromotion.com\/wp-content\/uploads\/2023\/09\/IMG_3459-1536x1152.jpg 1536w, https:\/\/geopark.egpromotion.com\/wp-content\/uploads\/2023\/09\/IMG_3459-2048x1536.jpg 2048w, https:\/\/geopark.egpromotion.com\/wp-content\/uploads\/2023\/09\/IMG_3459-80x60.jpg 80w\" sizes=\"auto, (max-width: 1024px) 100vw, 1024px\" \/><\/a><figcaption class=\"wp-element-caption\">Blick auf den Geopark \u00a9G. Furtm\u00fcller<\/figcaption><\/figure>\n\n\n\n<figure class=\"wp-block-image size-large\"><a href=\"https:\/\/geopark.egpromotion.com\/wp-content\/uploads\/2023\/09\/0859e70f-7d03-4aef-81e2-935a45629733.jpeg\"><img loading=\"lazy\" decoding=\"async\" width=\"768\" height=\"1024\" data-id=\"953\" src=\"https:\/\/geopark.egpromotion.com\/wp-content\/uploads\/2023\/09\/0859e70f-7d03-4aef-81e2-935a45629733-768x1024.jpeg\" alt=\"\" class=\"wp-image-953\" srcset=\"https:\/\/geopark.egpromotion.com\/wp-content\/uploads\/2023\/09\/0859e70f-7d03-4aef-81e2-935a45629733-768x1024.jpeg 768w, https:\/\/geopark.egpromotion.com\/wp-content\/uploads\/2023\/09\/0859e70f-7d03-4aef-81e2-935a45629733-225x300.jpeg 225w, https:\/\/geopark.egpromotion.com\/wp-content\/uploads\/2023\/09\/0859e70f-7d03-4aef-81e2-935a45629733-1152x1536.jpeg 1152w, https:\/\/geopark.egpromotion.com\/wp-content\/uploads\/2023\/09\/0859e70f-7d03-4aef-81e2-935a45629733.jpeg 1536w\" sizes=\"auto, (max-width: 768px) 100vw, 768px\" \/><\/a><figcaption class=\"wp-element-caption\">Gainfeldwasserfall in Bischofshofen \u00a9S. H\u00f6rmann<\/figcaption><\/figure>\n\n\n\n<figure class=\"wp-block-image size-large\"><a href=\"https:\/\/geopark.egpromotion.com\/wp-content\/uploads\/2023\/09\/IMG_3759-scaled.jpeg\"><img loading=\"lazy\" decoding=\"async\" width=\"1024\" height=\"768\" data-id=\"940\" src=\"https:\/\/geopark.egpromotion.com\/wp-content\/uploads\/2023\/09\/IMG_3759-1024x768.jpeg\" alt=\"\" class=\"wp-image-940\" srcset=\"https:\/\/geopark.egpromotion.com\/wp-content\/uploads\/2023\/09\/IMG_3759-1024x768.jpeg 1024w, https:\/\/geopark.egpromotion.com\/wp-content\/uploads\/2023\/09\/IMG_3759-300x225.jpeg 300w, https:\/\/geopark.egpromotion.com\/wp-content\/uploads\/2023\/09\/IMG_3759-768x576.jpeg 768w, https:\/\/geopark.egpromotion.com\/wp-content\/uploads\/2023\/09\/IMG_3759-1536x1152.jpeg 1536w, https:\/\/geopark.egpromotion.com\/wp-content\/uploads\/2023\/09\/IMG_3759-2048x1536.jpeg 2048w, https:\/\/geopark.egpromotion.com\/wp-content\/uploads\/2023\/09\/IMG_3759-80x60.jpeg 80w\" sizes=\"auto, (max-width: 1024px) 100vw, 1024px\" \/><\/a><figcaption class=\"wp-element-caption\">Am Erzweg in H\u00fcttau \u00a9S. H\u00f6rmann<\/figcaption><\/figure>\n\n\n\n<figure class=\"wp-block-image size-large\"><a href=\"https:\/\/geopark.egpromotion.com\/wp-content\/uploads\/2023\/09\/IMG_4631-scaled.jpeg\"><img loading=\"lazy\" decoding=\"async\" width=\"768\" height=\"1024\" data-id=\"936\" src=\"https:\/\/geopark.egpromotion.com\/wp-content\/uploads\/2023\/09\/IMG_4738-768x1024.jpeg\" alt=\"\" class=\"wp-image-936\" srcset=\"https:\/\/geopark.egpromotion.com\/wp-content\/uploads\/2023\/09\/IMG_4738-768x1024.jpeg 768w, https:\/\/geopark.egpromotion.com\/wp-content\/uploads\/2023\/09\/IMG_4738-225x300.jpeg 225w, https:\/\/geopark.egpromotion.com\/wp-content\/uploads\/2023\/09\/IMG_4738-1152x1536.jpeg 1152w, https:\/\/geopark.egpromotion.com\/wp-content\/uploads\/2023\/09\/IMG_4738-1536x2048.jpeg 1536w, https:\/\/geopark.egpromotion.com\/wp-content\/uploads\/2023\/09\/IMG_4738-scaled.jpeg 1920w\" sizes=\"auto, (max-width: 768px) 100vw, 768px\" \/><\/a><figcaption class=\"wp-element-caption\">Barbaraschlucht in M\u00fchlbach am Hochk\u00f6nig \u00a9S. H\u00f6rmann<\/figcaption><\/figure>\n\n\n\n<figure class=\"wp-block-image size-large\"><a href=\"https:\/\/geopark.egpromotion.com\/wp-content\/uploads\/2023\/09\/IMG_4599-scaled.jpeg\"><img loading=\"lazy\" decoding=\"async\" width=\"1024\" height=\"768\" data-id=\"932\" src=\"https:\/\/geopark.egpromotion.com\/wp-content\/uploads\/2023\/09\/IMG_4599-1024x768.jpeg\" alt=\"\" class=\"wp-image-932\" srcset=\"https:\/\/geopark.egpromotion.com\/wp-content\/uploads\/2023\/09\/IMG_4599-1024x768.jpeg 1024w, https:\/\/geopark.egpromotion.com\/wp-content\/uploads\/2023\/09\/IMG_4599-300x225.jpeg 300w, https:\/\/geopark.egpromotion.com\/wp-content\/uploads\/2023\/09\/IMG_4599-768x576.jpeg 768w, https:\/\/geopark.egpromotion.com\/wp-content\/uploads\/2023\/09\/IMG_4599-1536x1152.jpeg 1536w, https:\/\/geopark.egpromotion.com\/wp-content\/uploads\/2023\/09\/IMG_4599-2048x1536.jpeg 2048w, https:\/\/geopark.egpromotion.com\/wp-content\/uploads\/2023\/09\/IMG_4599-80x60.jpeg 80w\" sizes=\"auto, (max-width: 1024px) 100vw, 1024px\" \/><\/a><figcaption class=\"wp-element-caption\">Blick auf die Mandlwand in M\u00fchlbach am Hochk\u00f6nig \u00a9S. H\u00f6rmann<\/figcaption><\/figure>\n\n\n\n<figure class=\"wp-block-image size-large\"><a href=\"https:\/\/geopark.egpromotion.com\/wp-content\/uploads\/2023\/09\/IMG_3747-scaled.jpeg\"><img loading=\"lazy\" decoding=\"async\" width=\"1024\" height=\"768\" data-id=\"937\" src=\"https:\/\/geopark.egpromotion.com\/wp-content\/uploads\/2023\/09\/IMG_3747-1024x768.jpeg\" alt=\"\" class=\"wp-image-937\" srcset=\"https:\/\/geopark.egpromotion.com\/wp-content\/uploads\/2023\/09\/IMG_3747-1024x768.jpeg 1024w, https:\/\/geopark.egpromotion.com\/wp-content\/uploads\/2023\/09\/IMG_3747-300x225.jpeg 300w, https:\/\/geopark.egpromotion.com\/wp-content\/uploads\/2023\/09\/IMG_3747-768x576.jpeg 768w, https:\/\/geopark.egpromotion.com\/wp-content\/uploads\/2023\/09\/IMG_3747-1536x1152.jpeg 1536w, https:\/\/geopark.egpromotion.com\/wp-content\/uploads\/2023\/09\/IMG_3747-2048x1536.jpeg 2048w, https:\/\/geopark.egpromotion.com\/wp-content\/uploads\/2023\/09\/IMG_3747-80x60.jpeg 80w\" sizes=\"auto, (max-width: 1024px) 100vw, 1024px\" \/><\/a><figcaption class=\"wp-element-caption\">Ausblick vom Heinrich Kiener Haus auf Bischofshofen \u00a9S. H\u00f6rmann<\/figcaption><\/figure>\n\n\n\n<figure class=\"wp-block-image size-large\"><a href=\"https:\/\/geopark.egpromotion.com\/wp-content\/uploads\/2023\/09\/IMG_4631-scaled.jpeg\"><img loading=\"lazy\" decoding=\"async\" width=\"768\" height=\"1024\" data-id=\"938\" src=\"https:\/\/geopark.egpromotion.com\/wp-content\/uploads\/2023\/09\/IMG_4631-768x1024.jpeg\" alt=\"\" class=\"wp-image-938\" srcset=\"https:\/\/geopark.egpromotion.com\/wp-content\/uploads\/2023\/09\/IMG_4631-768x1024.jpeg 768w, https:\/\/geopark.egpromotion.com\/wp-content\/uploads\/2023\/09\/IMG_4631-225x300.jpeg 225w, https:\/\/geopark.egpromotion.com\/wp-content\/uploads\/2023\/09\/IMG_4631-1152x1536.jpeg 1152w, https:\/\/geopark.egpromotion.com\/wp-content\/uploads\/2023\/09\/IMG_4631-1536x2048.jpeg 1536w, https:\/\/geopark.egpromotion.com\/wp-content\/uploads\/2023\/09\/IMG_4631-scaled.jpeg 1920w\" sizes=\"auto, (max-width: 768px) 100vw, 768px\" \/><\/a><figcaption class=\"wp-element-caption\">Eingang Johanna Stollen in M\u00fchlbach am Hochk\u00f6nig \u00a9S. H\u00f6rmann<\/figcaption><\/figure>\n\n\n\n<figure class=\"wp-block-image size-large\"><a href=\"https:\/\/geopark.egpromotion.com\/wp-content\/uploads\/2023\/09\/IMG_4620-scaled.jpeg\"><img loading=\"lazy\" decoding=\"async\" width=\"768\" height=\"1024\" data-id=\"931\" src=\"https:\/\/geopark.egpromotion.com\/wp-content\/uploads\/2023\/09\/IMG_4620-768x1024.jpeg\" alt=\"\" class=\"wp-image-931\" srcset=\"https:\/\/geopark.egpromotion.com\/wp-content\/uploads\/2023\/09\/IMG_4620-768x1024.jpeg 768w, https:\/\/geopark.egpromotion.com\/wp-content\/uploads\/2023\/09\/IMG_4620-225x300.jpeg 225w, https:\/\/geopark.egpromotion.com\/wp-content\/uploads\/2023\/09\/IMG_4620-1152x1536.jpeg 1152w, https:\/\/geopark.egpromotion.com\/wp-content\/uploads\/2023\/09\/IMG_4620-1536x2048.jpeg 1536w, https:\/\/geopark.egpromotion.com\/wp-content\/uploads\/2023\/09\/IMG_4620-scaled.jpeg 1920w\" sizes=\"auto, (max-width: 768px) 100vw, 768px\" \/><\/a><figcaption class=\"wp-element-caption\">Bergleute im Johanna Stollen \u00a9S. H\u00f6rmann<\/figcaption><\/figure>\n\n\n\n<figure class=\"wp-block-image size-large\"><a href=\"https:\/\/geopark.egpromotion.com\/wp-content\/uploads\/2023\/09\/IMG_3676-scaled.jpeg\"><img loading=\"lazy\" decoding=\"async\" width=\"768\" height=\"1024\" data-id=\"935\" src=\"https:\/\/geopark.egpromotion.com\/wp-content\/uploads\/2023\/09\/IMG_3676-768x1024.jpeg\" alt=\"\" class=\"wp-image-935\" srcset=\"https:\/\/geopark.egpromotion.com\/wp-content\/uploads\/2023\/09\/IMG_3676-768x1024.jpeg 768w, https:\/\/geopark.egpromotion.com\/wp-content\/uploads\/2023\/09\/IMG_3676-225x300.jpeg 225w, https:\/\/geopark.egpromotion.com\/wp-content\/uploads\/2023\/09\/IMG_3676-1152x1536.jpeg 1152w, https:\/\/geopark.egpromotion.com\/wp-content\/uploads\/2023\/09\/IMG_3676-1536x2048.jpeg 1536w, https:\/\/geopark.egpromotion.com\/wp-content\/uploads\/2023\/09\/IMG_3676-scaled.jpeg 1920w\" sizes=\"auto, (max-width: 768px) 100vw, 768px\" \/><\/a><figcaption class=\"wp-element-caption\">Kupferzeche in H\u00fcttau \u00a9S. H\u00f6rmann<\/figcaption><\/figure>\n\n\n\n<figure class=\"wp-block-image size-large\"><a href=\"https:\/\/geopark.egpromotion.com\/wp-content\/uploads\/2023\/09\/IMG_3658-scaled.jpeg\"><img loading=\"lazy\" decoding=\"async\" width=\"768\" height=\"1024\" data-id=\"934\" src=\"https:\/\/geopark.egpromotion.com\/wp-content\/uploads\/2023\/09\/IMG_3658-768x1024.jpeg\" alt=\"\" class=\"wp-image-934\" srcset=\"https:\/\/geopark.egpromotion.com\/wp-content\/uploads\/2023\/09\/IMG_3658-768x1024.jpeg 768w, https:\/\/geopark.egpromotion.com\/wp-content\/uploads\/2023\/09\/IMG_3658-225x300.jpeg 225w, https:\/\/geopark.egpromotion.com\/wp-content\/uploads\/2023\/09\/IMG_3658-1152x1536.jpeg 1152w, https:\/\/geopark.egpromotion.com\/wp-content\/uploads\/2023\/09\/IMG_3658-1536x2048.jpeg 1536w, https:\/\/geopark.egpromotion.com\/wp-content\/uploads\/2023\/09\/IMG_3658-scaled.jpeg 1920w\" sizes=\"auto, (max-width: 768px) 100vw, 768px\" \/><\/a><figcaption class=\"wp-element-caption\">Kupferzeche in H\u00fcttau \u00a9S. H\u00f6rmann<\/figcaption><\/figure>\n\n\n\n<figure class=\"wp-block-image size-large\"><a href=\"https:\/\/geopark.egpromotion.com\/wp-content\/uploads\/2023\/09\/3a521e1f-ad07-41a0-ab18-a4e05547d51d.jpeg\"><img loading=\"lazy\" decoding=\"async\" width=\"768\" height=\"1024\" data-id=\"828\" src=\"https:\/\/geopark.egpromotion.com\/wp-content\/uploads\/2023\/09\/3a521e1f-ad07-41a0-ab18-a4e05547d51d.jpeg\" alt=\"\" class=\"wp-image-828\" srcset=\"https:\/\/geopark.egpromotion.com\/wp-content\/uploads\/2023\/09\/3a521e1f-ad07-41a0-ab18-a4e05547d51d.jpeg 768w, https:\/\/geopark.egpromotion.com\/wp-content\/uploads\/2023\/09\/3a521e1f-ad07-41a0-ab18-a4e05547d51d-225x300.jpeg 225w\" sizes=\"auto, (max-width: 768px) 100vw, 768px\" \/><\/a><figcaption class=\"wp-element-caption\">Fadlstoa Kapelle in St. Veit im Pongau \u00a9M. Rettenwender<\/figcaption><\/figure>\n\n\n\n<figure class=\"wp-block-image size-large\"><a href=\"https:\/\/geopark.egpromotion.com\/wp-content\/uploads\/2023\/09\/IMG_3596.jpeg\"><img loading=\"lazy\" decoding=\"async\" width=\"1024\" height=\"768\" data-id=\"926\" src=\"https:\/\/geopark.egpromotion.com\/wp-content\/uploads\/2023\/09\/IMG_3596-1024x768.jpeg\" alt=\"\" class=\"wp-image-926\" srcset=\"https:\/\/geopark.egpromotion.com\/wp-content\/uploads\/2023\/09\/IMG_3596-1024x768.jpeg 1024w, https:\/\/geopark.egpromotion.com\/wp-content\/uploads\/2023\/09\/IMG_3596-300x225.jpeg 300w, https:\/\/geopark.egpromotion.com\/wp-content\/uploads\/2023\/09\/IMG_3596-768x576.jpeg 768w, https:\/\/geopark.egpromotion.com\/wp-content\/uploads\/2023\/09\/IMG_3596-1536x1152.jpeg 1536w, https:\/\/geopark.egpromotion.com\/wp-content\/uploads\/2023\/09\/IMG_3596-2048x1536.jpeg 2048w, https:\/\/geopark.egpromotion.com\/wp-content\/uploads\/2023\/09\/IMG_3596-80x60.jpeg 80w\" sizes=\"auto, (max-width: 1024px) 100vw, 1024px\" \/><\/a><figcaption class=\"wp-element-caption\">Museum Erze, Gold und Minerale in H\u00fcttau \u00a9S. H\u00f6rmann <\/figcaption><\/figure>\n\n\n\n<figure class=\"wp-block-image size-large\"><a href=\"https:\/\/geopark.egpromotion.com\/wp-content\/uploads\/2023\/09\/IMG_4622-scaled.jpeg\"><img loading=\"lazy\" decoding=\"async\" width=\"768\" height=\"1024\" data-id=\"933\" src=\"https:\/\/geopark.egpromotion.com\/wp-content\/uploads\/2023\/09\/IMG_4622-768x1024.jpeg\" alt=\"\" class=\"wp-image-933\" srcset=\"https:\/\/geopark.egpromotion.com\/wp-content\/uploads\/2023\/09\/IMG_4622-768x1024.jpeg 768w, https:\/\/geopark.egpromotion.com\/wp-content\/uploads\/2023\/09\/IMG_4622-225x300.jpeg 225w, https:\/\/geopark.egpromotion.com\/wp-content\/uploads\/2023\/09\/IMG_4622-1152x1536.jpeg 1152w, https:\/\/geopark.egpromotion.com\/wp-content\/uploads\/2023\/09\/IMG_4622-1536x2048.jpeg 1536w, https:\/\/geopark.egpromotion.com\/wp-content\/uploads\/2023\/09\/IMG_4622-scaled.jpeg 1920w\" sizes=\"auto, (max-width: 768px) 100vw, 768px\" \/><\/a><figcaption class=\"wp-element-caption\">Johanna Stollen in M\u00fchlbach am Hochk\u00f6nig \u00a9S. H\u00f6rmann<\/figcaption><\/figure>\n<\/figure>","protected":false},"excerpt":{"rendered":"<p>Diese Bilder sind Impressionen aus dem Geopark und k\u00f6nnen zu Ihrer Verwendung genutzt werden. Gem\u00e4\u00df des Urheberrechtes sollen die Urheber der Bilder bei der Verwendung genannt werden.<\/p>","protected":false},"author":3,"featured_media":0,"parent":0,"menu_order":0,"comment_status":"closed","ping_status":"closed","template":"","meta":{"inline_featured_image":false,"_uag_custom_page_level_css":"","footnotes":""},"class_list":["post-302","page","type-page","status-publish","hentry"],"acf":[],"uagb_featured_image_src":{"full":false,"thumbnail":false,"medium":false,"medium_large":false,"large":false,"1536x1536":false,"2048x2048":false,"trp-custom-language-flag":false,"gutener-1920-550":false,"gutener-1370-550":false,"gutener-590-310":false,"gutener-420-380":false,"gutener-420-300":false,"gutener-420-200":false,"gutener-290-150":false,"gutener-80-60":false},"uagb_author_info":{"display_name":"r.gamsjaeger@egpromotion.com","author_link":"https:\/\/geopark.egpromotion.com\/en\/author\/r-gamsjaegeregpromotion-com"},"uagb_comment_info":0,"uagb_excerpt":"Diese Bilder sind Impressionen aus dem Geopark und k\u00f6nnen zu Ihrer Verwendung genutzt werden. Gem\u00e4\u00df des Urheberrechtes sollen die Urheber der Bilder bei der Verwendung genannt werden.","mfb_rest_fields":["uagb_featured_image_src","uagb_author_info","uagb_comment_info","uagb_excerpt"],"_links":{"self":[{"href":"https:\/\/geopark.egpromotion.com\/en\/wp-json\/wp\/v2\/pages\/302","targetHints":{"allow":["GET"]}}],"collection":[{"href":"https:\/\/geopark.egpromotion.com\/en\/wp-json\/wp\/v2\/pages"}],"about":[{"href":"https:\/\/geopark.egpromotion.com\/en\/wp-json\/wp\/v2\/types\/page"}],"author":[{"embeddable":true,"href":"https:\/\/geopark.egpromotion.com\/en\/wp-json\/wp\/v2\/users\/3"}],"replies":[{"embeddable":true,"href":"https:\/\/geopark.egpromotion.com\/en\/wp-json\/wp\/v2\/comments?post=302"}],"version-history":[{"count":14,"href":"https:\/\/geopark.egpromotion.com\/en\/wp-json\/wp\/v2\/pages\/302\/revisions"}],"predecessor-version":[{"id":1653,"href":"https:\/\/geopark.egpromotion.com\/en\/wp-json\/wp\/v2\/pages\/302\/revisions\/1653"}],"wp:attachment":[{"href":"https:\/\/geopark.egpromotion.com\/en\/wp-json\/wp\/v2\/media?parent=302"}],"curies":[{"name":"wp","href":"https:\/\/api.w.org\/{rel}","templated":true}]}}