{"id":814,"date":"2023-09-14T15:13:33","date_gmt":"2023-09-14T13:13:33","guid":{"rendered":"https:\/\/geopark.egpromotion.com\/?page_id=814"},"modified":"2023-10-24T14:56:28","modified_gmt":"2023-10-24T12:56:28","slug":"geologie","status":"publish","type":"page","link":"https:\/\/geopark.egpromotion.com\/en\/geologie","title":{"rendered":"Geologie"},"content":{"rendered":"<p><br><br><\/p>\n\n\n\n<p style=\"font-size:18px\"><strong>Aktuelle wissenschaftliche Themen aus der Geologie <\/strong><\/p>\n\n\n\n<p><\/p>\n\n\n\n<p style=\"font-size:28px\"><strong>Boden <\/strong><\/p>\n\n\n\n<p>Als Boden bezeichnet man die belebte Schicht der festen Erde. Bodenbesiedler, wie z. B. Pflanzen, l\u00f6sen Minerale aus dem Gesteinsuntergrund heraus und beschleunigen dadurch dessen Verwitterung. Zugleich verarbeiten Ameisen, Spinnen, Regenw\u00fcrmer und weitere Bodenbewohner abgestorbene Pflanzenteile wie Bl\u00e4tter, Gras und Holz, wodurch&nbsp;Kohlenstoff und Stickstoff aus der Luft dem Boden zugef\u00fchrt wird. So entsteht aus den Ausscheidungen und K\u00f6rpern dieser Lebewesen organische Substanz und damit der Humus. Dieser ist die Grundlage allen Wachstums auf den B\u00f6den.<\/p>\n\n\n\n<p>Die B\u00f6den im Erz der Alpen UNESCO Global Geopark sind \u201ejung\u201c. Erst nach dem Abschmelzen der gro\u00dfen eiszeitlichen Gletscher und der R\u00fcckkehr der Vegetation auf den ehemals eisbedeckten Untergrund konnten sich erste Pionierpflanzen behaupten. Diese verrotteten und bildeten sogenannte Rohb\u00f6den mit ganz wenig Humus, wie man sie heute noch im Hochgebirge (z. B. Hochk\u00f6nig) vorfindet.&nbsp;<\/p>\n\n\n\n<p>Erste Rohb\u00f6den bildeten sich im Geopark vor ca. 16.000 Jahren. Seither wuchsen sie auf zum Teil beachtliche M\u00e4chtigkeiten von \u00fcber einen Meter an. Diese Braunerden sind als gut entwickelte, sehr fruchtbare B\u00f6den im gesamten Geopark zu finden.&nbsp;<\/p>\n\n\n\n<p>Das hei\u00dft, es dauerte \u00fcber 10.000 Jahre bis unsere heutigen Braunerden entstanden. Trotz eines durch Erosion verursachten, j\u00e4hrlichen Bodenabtrags von 1.1 Tonnen pro Hektar bei Gr\u00fcnland, bzw. 5.8 Tonnen pro Hektar bei Ackerland (\u00f6sterr. Bundesamt f. Wasserwirtschaft, 2020), halten sich die B\u00f6den durch Bodenneubildung in etwa die Waage. In manchen Regionen wird jedoch deutlich mehr abgetragen als neu gebildet. Der Boden erf\u00fcllt viele Funktionen (Wasserspeicherung und \u2013reinigung, Bereitstellung von Lebensmitteln, etc.) und ist somit eine wesentliche Grundlage des Lebens.<\/p>\n\n\n\n<p><br><br><br><\/p>\n\n\n\n<p style=\"font-size:28px\">Geologische Karte aus dem Erz der Alpen UNESCO Global Geopark<\/p>\n\n\n\n<div data-wp-interactive=\"core\/file\" class=\"wp-block-file\"><object data-wp-bind--hidden=\"!state.hasPdfPreview\" hidden class=\"wp-block-file__embed\" data=\"https:\/\/geopark.egpromotion.com\/wp-content\/uploads\/2023\/10\/Geologische-Karte-EdA-Druck.pdf\" type=\"application\/pdf\" style=\"width:100%;height:600px\" aria-label=\"Embed of Geologische-Karte-EdA-Druck.\"><\/object><a id=\"wp-block-file--media-7b626f13-5562-4817-857f-ecada43b0c0f\" href=\"https:\/\/geopark.egpromotion.com\/wp-content\/uploads\/2023\/10\/Geologische-Karte-EdA-Druck.pdf\">Geologische-Karte-EdA-Druck<\/a><a href=\"https:\/\/geopark.egpromotion.com\/wp-content\/uploads\/2023\/10\/Geologische-Karte-EdA-Druck.pdf\" class=\"wp-block-file__button wp-element-button\" download aria-describedby=\"wp-block-file--media-7b626f13-5562-4817-857f-ecada43b0c0f\">Herunterladen<\/a><\/div>","protected":false},"excerpt":{"rendered":"<p>Aktuelle wissenschaftliche Themen aus der Geologie Boden Als Boden bezeichnet man die belebte Schicht der festen Erde. Bodenbesiedler, wie z. B. Pflanzen, l\u00f6sen Minerale aus dem Gesteinsuntergrund heraus und beschleunigen dadurch dessen Verwitterung. Zugleich verarbeiten Ameisen, Spinnen, Regenw\u00fcrmer und weitere Bodenbewohner abgestorbene Pflanzenteile wie Bl\u00e4tter, Gras und Holz, wodurch&nbsp;Kohlenstoff und Stickstoff aus der Luft dem Boden zugef\u00fchrt wird. So entsteht [&hellip;]<\/p>","protected":false},"author":4,"featured_media":0,"parent":0,"menu_order":0,"comment_status":"closed","ping_status":"closed","template":"","meta":{"inline_featured_image":false,"_uag_custom_page_level_css":"","footnotes":""},"class_list":["post-814","page","type-page","status-publish","hentry"],"acf":[],"uagb_featured_image_src":{"full":false,"thumbnail":false,"medium":false,"medium_large":false,"large":false,"1536x1536":false,"2048x2048":false,"trp-custom-language-flag":false,"gutener-1920-550":false,"gutener-1370-550":false,"gutener-590-310":false,"gutener-420-380":false,"gutener-420-300":false,"gutener-420-200":false,"gutener-290-150":false,"gutener-80-60":false},"uagb_author_info":{"display_name":"hoermann@geopark-erzderalpen.at","author_link":"https:\/\/geopark.egpromotion.com\/en\/author\/hoermanngeopark-erzderalpen-at"},"uagb_comment_info":0,"uagb_excerpt":"Aktuelle wissenschaftliche Themen aus der Geologie Boden Als Boden bezeichnet man die belebte Schicht der festen Erde. Bodenbesiedler, wie z. B. Pflanzen, l\u00f6sen Minerale aus dem Gesteinsuntergrund heraus und beschleunigen dadurch dessen Verwitterung. Zugleich verarbeiten Ameisen, Spinnen, Regenw\u00fcrmer und weitere Bodenbewohner abgestorbene Pflanzenteile wie Bl\u00e4tter, Gras und Holz, wodurch&nbsp;Kohlenstoff und Stickstoff aus der Luft dem&hellip;","mfb_rest_fields":["uagb_featured_image_src","uagb_author_info","uagb_comment_info","uagb_excerpt"],"_links":{"self":[{"href":"https:\/\/geopark.egpromotion.com\/en\/wp-json\/wp\/v2\/pages\/814","targetHints":{"allow":["GET"]}}],"collection":[{"href":"https:\/\/geopark.egpromotion.com\/en\/wp-json\/wp\/v2\/pages"}],"about":[{"href":"https:\/\/geopark.egpromotion.com\/en\/wp-json\/wp\/v2\/types\/page"}],"author":[{"embeddable":true,"href":"https:\/\/geopark.egpromotion.com\/en\/wp-json\/wp\/v2\/users\/4"}],"replies":[{"embeddable":true,"href":"https:\/\/geopark.egpromotion.com\/en\/wp-json\/wp\/v2\/comments?post=814"}],"version-history":[{"count":5,"href":"https:\/\/geopark.egpromotion.com\/en\/wp-json\/wp\/v2\/pages\/814\/revisions"}],"predecessor-version":[{"id":1650,"href":"https:\/\/geopark.egpromotion.com\/en\/wp-json\/wp\/v2\/pages\/814\/revisions\/1650"}],"wp:attachment":[{"href":"https:\/\/geopark.egpromotion.com\/en\/wp-json\/wp\/v2\/media?parent=814"}],"curies":[{"name":"wp","href":"https:\/\/api.w.org\/{rel}","templated":true}]}}